{"id":3892,"date":"2020-01-23T13:06:20","date_gmt":"2020-01-23T12:06:20","guid":{"rendered":"http:\/\/chimoecheverria.com\/?page_id=3892"},"modified":"2020-07-19T12:02:33","modified_gmt":"2020-07-19T10:02:33","slug":"pcfutbol18","status":"publish","type":"page","link":"https:\/\/chimoecheverria.com\/en\/bae34-home\/pcfutbol18\/","title":{"rendered":"PCFUTBOL18"},"content":{"rendered":"<div data-elementor-type=\"wp-page\" data-elementor-id=\"3892\" class=\"elementor elementor-3892\">\n\t\t\t\t\t\t<section class=\"elementor-section elementor-top-section elementor-element elementor-element-74fec51 elementor-section-boxed elementor-section-height-default elementor-section-height-default\" data-id=\"74fec51\" data-element_type=\"section\" data-settings=\"{&quot;background_background&quot;:&quot;gradient&quot;}\">\n\t\t\t\t\t\t<div class=\"elementor-container elementor-column-gap-default\">\n\t\t\t\t\t<div class=\"elementor-column elementor-col-100 elementor-top-column elementor-element elementor-element-28ec5cea\" data-id=\"28ec5cea\" data-element_type=\"column\">\n\t\t\t<div class=\"elementor-widget-wrap elementor-element-populated\">\n\t\t\t\t\t\t<div class=\"elementor-element elementor-element-65fe1f1 elementor-widget elementor-widget-text-editor\" data-id=\"65fe1f1\" data-element_type=\"widget\" data-widget_type=\"text-editor.default\">\n\t\t\t\t<div class=\"elementor-widget-container\">\n\t\t\t\t\t\t\t<h3 style=\"text-align: center;\">PC F\u00daTBOL 18 &#8211; IDC GAMES\/KORNER ENTERTAINMENT<\/h3>\t\t\t\t\t\t<\/div>\n\t\t\t\t<\/div>\n\t\t\t\t<div class=\"elementor-element elementor-element-b3e6049 elementor-widget elementor-widget-text-editor\" data-id=\"b3e6049\" data-element_type=\"widget\" data-widget_type=\"text-editor.default\">\n\t\t\t\t<div class=\"elementor-widget-container\">\n\t\t\t\t\t\t\t<p style=\"text-align: center;\">Promotional video<\/p>\t\t\t\t\t\t<\/div>\n\t\t\t\t<\/div>\n\t\t\t\t<div class=\"elementor-element elementor-element-fc113a3 elementor-widget elementor-widget-text-editor\" data-id=\"fc113a3\" data-element_type=\"widget\" data-widget_type=\"text-editor.default\">\n\t\t\t\t<div class=\"elementor-widget-container\">\n\t\t\t\t\t\t\t<p>Last PCF\u00daTBOL published, belonging to the well-known sports management saga started by Dinamic Multimedia in the 90s, continued by Gaelco and since 2009 in the hands of Korner Entertainment.<\/p><p>Although in principle the game was intended to work as a mobile and PC multiplatform, finally only the Android version was published in February 2018<\/p><p>I was proposed as a composer for this game thanks to my participation in other projects and I must confess that as soon as the objective of my work was revealed to me I felt an enormous illusion.<\/p><p>I count myself among one of the countless players who had the fortune to enjoy the birth and explosion of Pc Futbol. I shared many moments with my friends in front of the screen of this manager and being able to be part of the development of a title associated with the saga was something very special.<\/p><p>The new version was based on both the game and artistic design of some of the most successful versions of the saga and the soundtracks of the original games were identified as identity references.<\/p><p>So after the usual study of the references and once the needs of the music I had to compose had been established, I got down to work. After the normal process of proposals, feedback and iteration, a group of tracks were defined that were implemented in the game.<\/p><p>This is a mix with the themes of the game.<\/p>\t\t\t\t\t\t<\/div>\n\t\t\t\t<\/div>\n\t\t\t\t<div class=\"elementor-element elementor-element-0bfc6cc elementor-widget elementor-widget-shortcode\" data-id=\"0bfc6cc\" data-element_type=\"widget\" data-widget_type=\"shortcode.default\">\n\t\t\t\t<div class=\"elementor-widget-container\">\n\t\t\t\t\t<div class=\"elementor-shortcode\"><iframe width=\"100%\" height=\"200\" scrolling=\"no\" frameborder=\"no\" allow=\"autoplay\" src=\"https:\/\/w.soundcloud.com\/player\/?url=https%3A\/\/api.soundcloud.com\/tracks\/805311757&color=%23ff5500&auto_play=false&hide_related=false&show_comments=false&show_user=false&show_reposts=false&show_teaser=false&visual=true\"><\/iframe><div style=\"font-size: 10px; color: #cccccc;line-break: anywhere;word-break: normal;overflow: hidden;white-space: nowrap;text-overflow: ellipsis; font-family: Interstate,Lucida Grande,Lucida Sans Unicode,Lucida Sans,Garuda,Verdana,Tahoma,sans-serif;font-weight: 100;\"><a href=\"https:\/\/soundcloud.com\/chimo-echeverria\" title=\"Chimo Echeverr\u00eda\" target=\"_blank\" style=\"color: #cccccc; text-decoration: none;\">Chimo Echeverr\u00eda<\/a> \u00b7 <a href=\"https:\/\/soundcloud.com\/chimo-echeverria\/pcfutbol18-mix\" title=\"PCFutbol18 Mix\" target=\"_blank\" style=\"color: #cccccc; text-decoration: none;\">PCFutbol18 Mix<\/a><\/div><\/div>\n\t\t\t\t<\/div>\n\t\t\t\t<\/div>\n\t\t\t\t\t<\/div>\n\t\t<\/div>\n\t\t\t\t\t<\/div>\n\t\t<\/section>\n\t\t\t\t<\/div>","protected":false},"excerpt":{"rendered":"<p>PC F\u00daTBOL 18 &#8211; IDC GAMES\/KORNER ENTERTAINMENT (Video promocional) \u00daltimo PCF\u00daTBOL publicado, perteneciente a la conocida saga de gesti\u00f3n deportiva iniciada por Dinamic Multimedia en la d\u00e9cada de los 90, continuada por Gaelco y desde el 2009 en manos de Korner Entertainment. Aunque en principio el juego estaba pensado para funcionar como multiplataforma m\u00f3vil y&hellip;&nbsp;<a href=\"https:\/\/chimoecheverria.com\/en\/bae34-home\/pcfutbol18\/\" class=\"\" rel=\"bookmark\">Read More &raquo;<span class=\"screen-reader-text\">PCFUTBOL18<\/span><\/a><\/p>","protected":false},"author":1,"featured_media":0,"parent":9,"menu_order":0,"comment_status":"closed","ping_status":"closed","template":"","meta":{"neve_meta_sidebar":"","neve_meta_container":"full-width","neve_meta_enable_content_width":"off","neve_meta_content_width":0,"neve_meta_title_alignment":"","neve_meta_author_avatar":"","neve_post_elements_order":"","neve_meta_disable_header":"","neve_meta_disable_footer":"","neve_meta_disable_title":"on"},"yoast_head":"<!-- This site is optimized with the Yoast SEO plugin v20.8 - https:\/\/yoast.com\/wordpress\/plugins\/seo\/ -->\n<title>PCFUTBOL18 - Chimo Echeverr\u00eda<\/title>\n<meta name=\"robots\" content=\"index, follow, max-snippet:-1, max-image-preview:large, max-video-preview:-1\" \/>\n<link rel=\"canonical\" href=\"https:\/\/chimoecheverria.com\/en\/bae34-home\/pcfutbol18\/\" \/>\n<meta property=\"og:locale\" content=\"en_US\" \/>\n<meta property=\"og:type\" content=\"article\" \/>\n<meta property=\"og:title\" content=\"PCFUTBOL18 - Chimo Echeverr\u00eda\" \/>\n<meta property=\"og:description\" content=\"PC F\u00daTBOL 18 &#8211; IDC GAMES\/KORNER ENTERTAINMENT (Video promocional) \u00daltimo PCF\u00daTBOL publicado, perteneciente a la conocida saga de gesti\u00f3n deportiva iniciada por Dinamic Multimedia en la d\u00e9cada de los 90, continuada por Gaelco y desde el 2009 en manos de Korner Entertainment. Aunque en principio el juego estaba pensado para funcionar como multiplataforma m\u00f3vil y&hellip;&nbsp;Read More &raquo;PCFUTBOL18\" \/>\n<meta property=\"og:url\" content=\"https:\/\/chimoecheverria.com\/en\/bae34-home\/pcfutbol18\/\" \/>\n<meta property=\"og:site_name\" content=\"Chimo Echeverr\u00eda\" \/>\n<meta property=\"article:modified_time\" content=\"2020-07-19T10:02:33+00:00\" \/>\n<meta name=\"twitter:card\" content=\"summary_large_image\" \/>\n<meta name=\"twitter:label1\" content=\"Est. reading time\" \/>\n\t<meta name=\"twitter:data1\" content=\"1 minute\" \/>\n<script type=\"application\/ld+json\" class=\"yoast-schema-graph\">{\"@context\":\"https:\/\/schema.org\",\"@graph\":[{\"@type\":\"WebPage\",\"@id\":\"https:\/\/chimoecheverria.com\/bae34-home\/pcfutbol18\/\",\"url\":\"https:\/\/chimoecheverria.com\/bae34-home\/pcfutbol18\/\",\"name\":\"PCFUTBOL18 - Chimo Echeverr\u00eda\",\"isPartOf\":{\"@id\":\"https:\/\/chimoecheverria.com\/#website\"},\"datePublished\":\"2020-01-23T12:06:20+00:00\",\"dateModified\":\"2020-07-19T10:02:33+00:00\",\"breadcrumb\":{\"@id\":\"https:\/\/chimoecheverria.com\/bae34-home\/pcfutbol18\/#breadcrumb\"},\"inLanguage\":\"en-US\",\"potentialAction\":[{\"@type\":\"ReadAction\",\"target\":[\"https:\/\/chimoecheverria.com\/bae34-home\/pcfutbol18\/\"]}]},{\"@type\":\"BreadcrumbList\",\"@id\":\"https:\/\/chimoecheverria.com\/bae34-home\/pcfutbol18\/#breadcrumb\",\"itemListElement\":[{\"@type\":\"ListItem\",\"position\":1,\"name\":\"Portada\",\"item\":\"https:\/\/chimoecheverria.com\/\"},{\"@type\":\"ListItem\",\"position\":2,\"name\":\"Home\",\"item\":\"https:\/\/chimoecheverria.com\/\"},{\"@type\":\"ListItem\",\"position\":3,\"name\":\"PCFUTBOL18\"}]},{\"@type\":\"WebSite\",\"@id\":\"https:\/\/chimoecheverria.com\/#website\",\"url\":\"https:\/\/chimoecheverria.com\/\",\"name\":\"Chimo Echeverr\u00eda\",\"description\":\"Composer &amp; Sound Designer\",\"potentialAction\":[{\"@type\":\"SearchAction\",\"target\":{\"@type\":\"EntryPoint\",\"urlTemplate\":\"https:\/\/chimoecheverria.com\/?s={search_term_string}\"},\"query-input\":\"required name=search_term_string\"}],\"inLanguage\":\"en-US\"}]}<\/script>\n<!-- \/ Yoast SEO plugin. -->","yoast_head_json":{"title":"PCFUTBOL18 - Chimo Echeverr\u00eda","robots":{"index":"index","follow":"follow","max-snippet":"max-snippet:-1","max-image-preview":"max-image-preview:large","max-video-preview":"max-video-preview:-1"},"canonical":"https:\/\/chimoecheverria.com\/en\/bae34-home\/pcfutbol18\/","og_locale":"en_US","og_type":"article","og_title":"PCFUTBOL18 - Chimo Echeverr\u00eda","og_description":"PC F\u00daTBOL 18 &#8211; IDC GAMES\/KORNER ENTERTAINMENT (Video promocional) \u00daltimo PCF\u00daTBOL publicado, perteneciente a la conocida saga de gesti\u00f3n deportiva iniciada por Dinamic Multimedia en la d\u00e9cada de los 90, continuada por Gaelco y desde el 2009 en manos de Korner Entertainment. Aunque en principio el juego estaba pensado para funcionar como multiplataforma m\u00f3vil y&hellip;&nbsp;Read More &raquo;PCFUTBOL18","og_url":"https:\/\/chimoecheverria.com\/en\/bae34-home\/pcfutbol18\/","og_site_name":"Chimo Echeverr\u00eda","article_modified_time":"2020-07-19T10:02:33+00:00","twitter_card":"summary_large_image","twitter_misc":{"Est. reading time":"1 minute"},"schema":{"@context":"https:\/\/schema.org","@graph":[{"@type":"WebPage","@id":"https:\/\/chimoecheverria.com\/bae34-home\/pcfutbol18\/","url":"https:\/\/chimoecheverria.com\/bae34-home\/pcfutbol18\/","name":"PCFUTBOL18 - Chimo Echeverr\u00eda","isPartOf":{"@id":"https:\/\/chimoecheverria.com\/#website"},"datePublished":"2020-01-23T12:06:20+00:00","dateModified":"2020-07-19T10:02:33+00:00","breadcrumb":{"@id":"https:\/\/chimoecheverria.com\/bae34-home\/pcfutbol18\/#breadcrumb"},"inLanguage":"en-US","potentialAction":[{"@type":"ReadAction","target":["https:\/\/chimoecheverria.com\/bae34-home\/pcfutbol18\/"]}]},{"@type":"BreadcrumbList","@id":"https:\/\/chimoecheverria.com\/bae34-home\/pcfutbol18\/#breadcrumb","itemListElement":[{"@type":"ListItem","position":1,"name":"Portada","item":"https:\/\/chimoecheverria.com\/"},{"@type":"ListItem","position":2,"name":"Home","item":"https:\/\/chimoecheverria.com\/"},{"@type":"ListItem","position":3,"name":"PCFUTBOL18"}]},{"@type":"WebSite","@id":"https:\/\/chimoecheverria.com\/#website","url":"https:\/\/chimoecheverria.com\/","name":"Chimo Echeverr\u00eda","description":"Composer &amp; Sound Designer","potentialAction":[{"@type":"SearchAction","target":{"@type":"EntryPoint","urlTemplate":"https:\/\/chimoecheverria.com\/?s={search_term_string}"},"query-input":"required name=search_term_string"}],"inLanguage":"en-US"}]}},"_links":{"self":[{"href":"https:\/\/chimoecheverria.com\/en\/wp-json\/wp\/v2\/pages\/3892"}],"collection":[{"href":"https:\/\/chimoecheverria.com\/en\/wp-json\/wp\/v2\/pages"}],"about":[{"href":"https:\/\/chimoecheverria.com\/en\/wp-json\/wp\/v2\/types\/page"}],"author":[{"embeddable":true,"href":"https:\/\/chimoecheverria.com\/en\/wp-json\/wp\/v2\/users\/1"}],"replies":[{"embeddable":true,"href":"https:\/\/chimoecheverria.com\/en\/wp-json\/wp\/v2\/comments?post=3892"}],"version-history":[{"count":21,"href":"https:\/\/chimoecheverria.com\/en\/wp-json\/wp\/v2\/pages\/3892\/revisions"}],"predecessor-version":[{"id":5084,"href":"https:\/\/chimoecheverria.com\/en\/wp-json\/wp\/v2\/pages\/3892\/revisions\/5084"}],"up":[{"embeddable":true,"href":"https:\/\/chimoecheverria.com\/en\/wp-json\/wp\/v2\/pages\/9"}],"wp:attachment":[{"href":"https:\/\/chimoecheverria.com\/en\/wp-json\/wp\/v2\/media?parent=3892"}],"curies":[{"name":"wp","href":"https:\/\/api.w.org\/{rel}","templated":true}]}}