{"id":3897,"date":"2020-01-23T13:47:44","date_gmt":"2020-01-23T12:47:44","guid":{"rendered":"http:\/\/chimoecheverria.com\/?page_id=3897"},"modified":"2023-04-29T20:19:50","modified_gmt":"2023-04-29T18:19:50","slug":"nampa-farm","status":"publish","type":"page","link":"https:\/\/chimoecheverria.com\/en\/bae34-home\/nampa-design\/nampa-farm\/","title":{"rendered":"NAMPA FARM"},"content":{"rendered":"<div data-elementor-type=\"wp-page\" data-elementor-id=\"3897\" class=\"elementor elementor-3897\">\n\t\t\t\t\t\t<section class=\"elementor-section elementor-top-section elementor-element elementor-element-78869f6a elementor-section-boxed elementor-section-height-default elementor-section-height-default\" data-id=\"78869f6a\" data-element_type=\"section\" data-settings=\"{&quot;background_background&quot;:&quot;gradient&quot;}\">\n\t\t\t\t\t\t<div class=\"elementor-container elementor-column-gap-default\">\n\t\t\t\t\t<div class=\"elementor-column elementor-col-100 elementor-top-column elementor-element elementor-element-2eba9931\" data-id=\"2eba9931\" data-element_type=\"column\">\n\t\t\t<div class=\"elementor-widget-wrap elementor-element-populated\">\n\t\t\t\t\t\t<div class=\"elementor-element elementor-element-8ce0abc elementor-widget elementor-widget-heading\" data-id=\"8ce0abc\" data-element_type=\"widget\" data-widget_type=\"heading.default\">\n\t\t\t\t<div class=\"elementor-widget-container\">\n\t\t\t<h2 class=\"elementor-heading-title elementor-size-default\">NAMPA FARM<\/h2>\t\t<\/div>\n\t\t\t\t<\/div>\n\t\t\t\t<div class=\"elementor-element elementor-element-d58dd94 elementor-widget elementor-widget-text-editor\" data-id=\"d58dd94\" data-element_type=\"widget\" data-widget_type=\"text-editor.default\">\n\t\t\t\t<div class=\"elementor-widget-container\">\n\t\t\t\t\t\t\t<h3 style=\"text-align: center;\">NAMPA FARM &#8211; NAMPA DESING AB<\/h3>\t\t\t\t\t\t<\/div>\n\t\t\t\t<\/div>\n\t\t\t\t<div class=\"elementor-element elementor-element-21804fea elementor-widget elementor-widget-text-editor\" data-id=\"21804fea\" data-element_type=\"widget\" data-widget_type=\"text-editor.default\">\n\t\t\t\t<div class=\"elementor-widget-container\">\n\t\t\t\t\t\t\t<p><!-- wp:nextend\/smartslider3 {\"slider\":\"11\"} --><\/p>\n<div id=\"wp-block-themeisle-blocks-advanced-columns-1eca32dc\" class=\"wp-block-themeisle-blocks-advanced-columns has-1-columns has-desktop-equal-layout has-tablet-equal-layout has-mobile-equal-layout has-default-gap has-vertical-unset\" style=\"border-radius: 0px; justify-content: unset; border: 0px solid #000000;\"><div class=\"innerblocks-wrap\"><div id=\"wp-block-themeisle-blocks-advanced-column-2b9015ed\" class=\"wp-block-themeisle-blocks-advanced-column\" style=\"border-radius: 0px; border: 0px solid #000000;\"><p>Nampa Farm is what its title promises and much more.<\/p>\n<p><!-- \/wp:paragraph --><!-- wp:paragraph --><\/p>\n<p>Thanks to the fact that the project was being integrated through fmod, we were able to design music that behaved with great dynamism. The characters dance as we mark them at all times in a simple and fun way and the music adapts to the dance. It is also possible to control the speed in a hilarious way.<\/p>\n<p><!-- \/wp:paragraph --><!-- wp:paragraph --><\/p>\n<p>Thanks to the fact that the project was being integrated through fmod, we were able to design music that behaved with great dynamism. The characters dance as we mark them at all times in a simple and fun way and the music adapts to the dance. It is also possible to control the speed in a hilarious way.<\/p>\n<p><!-- \/wp:paragraph --><!-- wp:paragraph --><\/p>\n<p>To do this, I composed a Country-style theme that had combinable dance parts with a certain degree of variety and some percussion effects that accompanied the dancers' legs. Thanks to the fact that I was already used to working with fmod, I was able to assemble the project of the song fully functional and deliver it to Javier as a model so that he could see how the idea was proposed and could integrate it into the final project.<\/p>\n<p><!-- \/wp:paragraph --><!-- wp:paragraph --><\/p>\n<p>Working in dynamic music and its programming through midleware (fmod, wwise) is something that is habitual for me, but in this case, some challenges arose that allowed me to learn very interesting solutions, little documented and applicable in other projects.<\/p>\n<p><!-- \/wp:paragraph --><!-- wp:paragraph --><\/p>\n<p>Another minigame in which we are a wolf and we can direct a choir of chickens allows us to use a small fragment of accompaniment in the country style that is also my work.<\/p>\n<p><!-- \/wp:paragraph --><!-- wp:paragraph --><\/p>\n<p>I confess that working with Sara and Javier is something that I love.<\/p>\n<p><!-- \/wp:paragraph --><\/p>\n<\/div>\n<p><!-- \/wp:themeisle-blocks\/advanced-column --><\/p>\n<\/div>\n<\/div>\n<p><!-- \/wp:themeisle-blocks\/advanced-columns --><\/p>\t\t\t\t\t\t<\/div>\n\t\t\t\t<\/div>\n\t\t\t\t\t<\/div>\n\t\t<\/div>\n\t\t\t\t\t<\/div>\n\t\t<\/section>\n\t\t\t\t<\/div>","protected":false},"excerpt":{"rendered":"<p>NAMPA FARM NAMPA FARM &#8211; NAMPA DESING AB Entre los muchos mini-juegos de Nampa Farm, hab\u00eda varios que precisaban algo de m\u00fasica original. Gracias a que el proyecto estaba siendo integrado a trav\u00e9s de fmod pudimos dise\u00f1ar una m\u00fasica que se comportaba con bastante dinamismo. Los personajes bailan como nosotros les marcamos en cada momento&hellip;&nbsp;<a href=\"https:\/\/chimoecheverria.com\/en\/bae34-home\/nampa-design\/nampa-farm\/\" class=\"\" rel=\"bookmark\">Read More &raquo;<span class=\"screen-reader-text\">NAMPA FARM<\/span><\/a><\/p>","protected":false},"author":1,"featured_media":0,"parent":5200,"menu_order":0,"comment_status":"closed","ping_status":"closed","template":"","meta":{"neve_meta_sidebar":"","neve_meta_container":"full-width","neve_meta_enable_content_width":"off","neve_meta_content_width":0,"neve_meta_title_alignment":"","neve_meta_author_avatar":"","neve_post_elements_order":"","neve_meta_disable_header":"","neve_meta_disable_footer":"","neve_meta_disable_title":"on"},"yoast_head":"<!-- This site is optimized with the Yoast SEO plugin v20.8 - https:\/\/yoast.com\/wordpress\/plugins\/seo\/ -->\n<title>NAMPA FARM - Chimo Echeverr\u00eda<\/title>\n<meta name=\"robots\" content=\"index, follow, max-snippet:-1, max-image-preview:large, max-video-preview:-1\" \/>\n<link rel=\"canonical\" href=\"https:\/\/chimoecheverria.com\/en\/bae34-home\/nampa-design\/nampa-farm\/\" \/>\n<meta property=\"og:locale\" content=\"en_US\" \/>\n<meta property=\"og:type\" content=\"article\" \/>\n<meta property=\"og:title\" content=\"NAMPA FARM - Chimo Echeverr\u00eda\" \/>\n<meta property=\"og:description\" content=\"NAMPA FARM NAMPA FARM &#8211; NAMPA DESING AB Entre los muchos mini-juegos de Nampa Farm, hab\u00eda varios que precisaban algo de m\u00fasica original. Gracias a que el proyecto estaba siendo integrado a trav\u00e9s de fmod pudimos dise\u00f1ar una m\u00fasica que se comportaba con bastante dinamismo. Los personajes bailan como nosotros les marcamos en cada momento&hellip;&nbsp;Read More &raquo;NAMPA FARM\" \/>\n<meta property=\"og:url\" content=\"https:\/\/chimoecheverria.com\/en\/bae34-home\/nampa-design\/nampa-farm\/\" \/>\n<meta property=\"og:site_name\" content=\"Chimo Echeverr\u00eda\" \/>\n<meta property=\"article:modified_time\" content=\"2023-04-29T18:19:50+00:00\" \/>\n<meta name=\"twitter:card\" content=\"summary_large_image\" \/>\n<meta name=\"twitter:label1\" content=\"Est. reading time\" \/>\n\t<meta name=\"twitter:data1\" content=\"1 minute\" \/>\n<script type=\"application\/ld+json\" class=\"yoast-schema-graph\">{\"@context\":\"https:\/\/schema.org\",\"@graph\":[{\"@type\":\"WebPage\",\"@id\":\"https:\/\/chimoecheverria.com\/bae34-home\/nampa-design\/nampa-farm\/\",\"url\":\"https:\/\/chimoecheverria.com\/bae34-home\/nampa-design\/nampa-farm\/\",\"name\":\"NAMPA FARM - Chimo Echeverr\u00eda\",\"isPartOf\":{\"@id\":\"https:\/\/chimoecheverria.com\/#website\"},\"datePublished\":\"2020-01-23T12:47:44+00:00\",\"dateModified\":\"2023-04-29T18:19:50+00:00\",\"breadcrumb\":{\"@id\":\"https:\/\/chimoecheverria.com\/bae34-home\/nampa-design\/nampa-farm\/#breadcrumb\"},\"inLanguage\":\"en-US\",\"potentialAction\":[{\"@type\":\"ReadAction\",\"target\":[\"https:\/\/chimoecheverria.com\/bae34-home\/nampa-design\/nampa-farm\/\"]}]},{\"@type\":\"BreadcrumbList\",\"@id\":\"https:\/\/chimoecheverria.com\/bae34-home\/nampa-design\/nampa-farm\/#breadcrumb\",\"itemListElement\":[{\"@type\":\"ListItem\",\"position\":1,\"name\":\"Portada\",\"item\":\"https:\/\/chimoecheverria.com\/\"},{\"@type\":\"ListItem\",\"position\":2,\"name\":\"Home\",\"item\":\"https:\/\/chimoecheverria.com\/\"},{\"@type\":\"ListItem\",\"position\":3,\"name\":\"Nampa Design\",\"item\":\"https:\/\/chimoecheverria.com\/bae34-home\/nampa-design\/\"},{\"@type\":\"ListItem\",\"position\":4,\"name\":\"NAMPA FARM\"}]},{\"@type\":\"WebSite\",\"@id\":\"https:\/\/chimoecheverria.com\/#website\",\"url\":\"https:\/\/chimoecheverria.com\/\",\"name\":\"Chimo Echeverr\u00eda\",\"description\":\"Composer &amp; Sound Designer\",\"potentialAction\":[{\"@type\":\"SearchAction\",\"target\":{\"@type\":\"EntryPoint\",\"urlTemplate\":\"https:\/\/chimoecheverria.com\/?s={search_term_string}\"},\"query-input\":\"required name=search_term_string\"}],\"inLanguage\":\"en-US\"}]}<\/script>\n<!-- \/ Yoast SEO plugin. -->","yoast_head_json":{"title":"NAMPA FARM - Chimo Echeverr\u00eda","robots":{"index":"index","follow":"follow","max-snippet":"max-snippet:-1","max-image-preview":"max-image-preview:large","max-video-preview":"max-video-preview:-1"},"canonical":"https:\/\/chimoecheverria.com\/en\/bae34-home\/nampa-design\/nampa-farm\/","og_locale":"en_US","og_type":"article","og_title":"NAMPA FARM - Chimo Echeverr\u00eda","og_description":"NAMPA FARM NAMPA FARM &#8211; NAMPA DESING AB Entre los muchos mini-juegos de Nampa Farm, hab\u00eda varios que precisaban algo de m\u00fasica original. Gracias a que el proyecto estaba siendo integrado a trav\u00e9s de fmod pudimos dise\u00f1ar una m\u00fasica que se comportaba con bastante dinamismo. Los personajes bailan como nosotros les marcamos en cada momento&hellip;&nbsp;Read More &raquo;NAMPA FARM","og_url":"https:\/\/chimoecheverria.com\/en\/bae34-home\/nampa-design\/nampa-farm\/","og_site_name":"Chimo Echeverr\u00eda","article_modified_time":"2023-04-29T18:19:50+00:00","twitter_card":"summary_large_image","twitter_misc":{"Est. reading time":"1 minute"},"schema":{"@context":"https:\/\/schema.org","@graph":[{"@type":"WebPage","@id":"https:\/\/chimoecheverria.com\/bae34-home\/nampa-design\/nampa-farm\/","url":"https:\/\/chimoecheverria.com\/bae34-home\/nampa-design\/nampa-farm\/","name":"NAMPA FARM - Chimo Echeverr\u00eda","isPartOf":{"@id":"https:\/\/chimoecheverria.com\/#website"},"datePublished":"2020-01-23T12:47:44+00:00","dateModified":"2023-04-29T18:19:50+00:00","breadcrumb":{"@id":"https:\/\/chimoecheverria.com\/bae34-home\/nampa-design\/nampa-farm\/#breadcrumb"},"inLanguage":"en-US","potentialAction":[{"@type":"ReadAction","target":["https:\/\/chimoecheverria.com\/bae34-home\/nampa-design\/nampa-farm\/"]}]},{"@type":"BreadcrumbList","@id":"https:\/\/chimoecheverria.com\/bae34-home\/nampa-design\/nampa-farm\/#breadcrumb","itemListElement":[{"@type":"ListItem","position":1,"name":"Portada","item":"https:\/\/chimoecheverria.com\/"},{"@type":"ListItem","position":2,"name":"Home","item":"https:\/\/chimoecheverria.com\/"},{"@type":"ListItem","position":3,"name":"Nampa Design","item":"https:\/\/chimoecheverria.com\/bae34-home\/nampa-design\/"},{"@type":"ListItem","position":4,"name":"NAMPA FARM"}]},{"@type":"WebSite","@id":"https:\/\/chimoecheverria.com\/#website","url":"https:\/\/chimoecheverria.com\/","name":"Chimo Echeverr\u00eda","description":"Composer &amp; Sound Designer","potentialAction":[{"@type":"SearchAction","target":{"@type":"EntryPoint","urlTemplate":"https:\/\/chimoecheverria.com\/?s={search_term_string}"},"query-input":"required name=search_term_string"}],"inLanguage":"en-US"}]}},"_links":{"self":[{"href":"https:\/\/chimoecheverria.com\/en\/wp-json\/wp\/v2\/pages\/3897"}],"collection":[{"href":"https:\/\/chimoecheverria.com\/en\/wp-json\/wp\/v2\/pages"}],"about":[{"href":"https:\/\/chimoecheverria.com\/en\/wp-json\/wp\/v2\/types\/page"}],"author":[{"embeddable":true,"href":"https:\/\/chimoecheverria.com\/en\/wp-json\/wp\/v2\/users\/1"}],"replies":[{"embeddable":true,"href":"https:\/\/chimoecheverria.com\/en\/wp-json\/wp\/v2\/comments?post=3897"}],"version-history":[{"count":13,"href":"https:\/\/chimoecheverria.com\/en\/wp-json\/wp\/v2\/pages\/3897\/revisions"}],"predecessor-version":[{"id":4758,"href":"https:\/\/chimoecheverria.com\/en\/wp-json\/wp\/v2\/pages\/3897\/revisions\/4758"}],"up":[{"embeddable":true,"href":"https:\/\/chimoecheverria.com\/en\/wp-json\/wp\/v2\/pages\/5200"}],"wp:attachment":[{"href":"https:\/\/chimoecheverria.com\/en\/wp-json\/wp\/v2\/media?parent=3897"}],"curies":[{"name":"wp","href":"https:\/\/api.w.org\/{rel}","templated":true}]}}