{"id":3900,"date":"2020-01-23T14:04:08","date_gmt":"2020-01-23T13:04:08","guid":{"rendered":"http:\/\/chimoecheverria.com\/?page_id=3900"},"modified":"2023-04-29T20:19:57","modified_gmt":"2023-04-29T18:19:57","slug":"nampa-holiday","status":"publish","type":"page","link":"https:\/\/chimoecheverria.com\/en\/bae34-home\/nampa-design\/nampa-holiday\/","title":{"rendered":"NAMPA HOLIDAY"},"content":{"rendered":"<div data-elementor-type=\"wp-page\" data-elementor-id=\"3900\" class=\"elementor elementor-3900\">\n\t\t\t\t\t\t<section class=\"elementor-section elementor-top-section elementor-element elementor-element-2d36b965 elementor-section-boxed elementor-section-height-default elementor-section-height-default\" data-id=\"2d36b965\" data-element_type=\"section\" data-settings=\"{&quot;background_background&quot;:&quot;gradient&quot;}\">\n\t\t\t\t\t\t<div class=\"elementor-container elementor-column-gap-default\">\n\t\t\t\t\t<div class=\"elementor-column elementor-col-100 elementor-top-column elementor-element elementor-element-1b4a9b0e\" data-id=\"1b4a9b0e\" data-element_type=\"column\">\n\t\t\t<div class=\"elementor-widget-wrap elementor-element-populated\">\n\t\t\t\t\t\t<div class=\"elementor-element elementor-element-9f9e266 elementor-widget elementor-widget-text-editor\" data-id=\"9f9e266\" data-element_type=\"widget\" data-widget_type=\"text-editor.default\">\n\t\t\t\t<div class=\"elementor-widget-container\">\n\t\t\t\t\t\t\t<h3 style=\"text-align: center;\">NAMPA HOLIDAY &#8211; NAMPA DESIGN AB<\/h3>\t\t\t\t\t\t<\/div>\n\t\t\t\t<\/div>\n\t\t\t\t<div class=\"elementor-element elementor-element-5ee751ef elementor-widget elementor-widget-text-editor\" data-id=\"5ee751ef\" data-element_type=\"widget\" data-widget_type=\"text-editor.default\">\n\t\t\t\t<div class=\"elementor-widget-container\">\n\t\t\t\t\t\t\t<p><!-- wp:themeisle-blocks\/advanced-columns {\"id\":\"wp-block-themeisle-blocks-advanced-columns-055ad1c4\",\"columns\":1,\"layout\":\"equal\"} --><\/p>\n<div id=\"wp-block-themeisle-blocks-advanced-columns-055ad1c4\" class=\"wp-block-themeisle-blocks-advanced-columns has-1-columns has-desktop-equal-layout has-tablet-equal-layout has-mobile-equal-layout has-default-gap has-vertical-unset\" style=\"border-radius: 0px; justify-content: unset; border: 0px solid #000000;\">\n<div class=\"innerblocks-wrap\">\n<div id=\"wp-block-themeisle-blocks-advanced-column-5ac04dc3\" class=\"wp-block-themeisle-blocks-advanced-column\" style=\"border-radius: 0px; border: 0px solid #000000;\">\n<div class=\"wp-block-nextend-smartslider3\"><span style=\"background-color: transparent;\">Nampa Design is a Swedish company founded and managed by Sara Vilkko. Sara has created a world of children's characters inspired by her traditional summer resort. The games published by Nampa Design are geared towards the little ones and bring those characters to life.<\/span><\/div>\n<p><!-- \/wp:paragraph --><\/p>\n<p><!-- wp:paragraph --><\/p>\n<p><span style=\"background-color: transparent;\">My participation as arranger or composer in some of the projects published by Nampa is facilitated by the fact that its sound designer is Javier Z\u00famer, with whom I shared a team at Gazpacho Games at the time and that due to the need to have someone to fix the issue main proposes me to do it.<\/span><\/p>\n<p><!-- \/wp:paragraph --><\/p>\n<p><!-- wp:paragraph --><\/p>\n<p>Since the arranger job was not uncommon for me, I gladly accepted the assignment and focused on meeting the specifications and guidance. The original theme should be fully recognizable and adapted to a festive style of famous Hispanic singers.<\/p>\n<p><!-- \/wp:paragraph --><\/p>\n<p><!-- wp:paragraph --><\/p>\n<p>After some work on the proposals presented, we arrived at a very lively, satisfactory final version.<\/p>\n<p><!-- \/wp:paragraph --><\/p>\n<\/div>\n<p><!-- \/wp:themeisle-blocks\/advanced-column --><\/p>\n<\/div>\n<\/div>\n<p><!-- \/wp:themeisle-blocks\/advanced-columns --><\/p>\t\t\t\t\t\t<\/div>\n\t\t\t\t<\/div>\n\t\t\t\t\t<\/div>\n\t\t<\/div>\n\t\t\t\t\t<\/div>\n\t\t<\/section>\n\t\t\t\t<\/div>","protected":false},"excerpt":{"rendered":"<p>NAMPA HOLIDAY &#8211; NAMPA DESIGN AB Mi participaci\u00f3n como arreglista o compositor en algunos de los proyectos publicados por Nampa se propicia gracias a que su dise\u00f1ador de sonido es Javier Z\u00famer, con quien compart\u00eda equipo en Gazpacho Games por aquel entonces y que ante la necesidad de contar con alguien para arreglar el tema&hellip;&nbsp;<a href=\"https:\/\/chimoecheverria.com\/en\/bae34-home\/nampa-design\/nampa-holiday\/\" class=\"\" rel=\"bookmark\">Read More &raquo;<span class=\"screen-reader-text\">NAMPA HOLIDAY<\/span><\/a><\/p>","protected":false},"author":1,"featured_media":0,"parent":5200,"menu_order":0,"comment_status":"closed","ping_status":"closed","template":"","meta":{"neve_meta_sidebar":"","neve_meta_container":"full-width","neve_meta_enable_content_width":"off","neve_meta_content_width":0,"neve_meta_title_alignment":"","neve_meta_author_avatar":"","neve_post_elements_order":"","neve_meta_disable_header":"","neve_meta_disable_footer":"","neve_meta_disable_title":"on"},"yoast_head":"<!-- This site is optimized with the Yoast SEO plugin v20.8 - https:\/\/yoast.com\/wordpress\/plugins\/seo\/ -->\n<title>NAMPA HOLIDAY - Chimo Echeverr\u00eda<\/title>\n<meta name=\"robots\" content=\"index, follow, max-snippet:-1, max-image-preview:large, max-video-preview:-1\" \/>\n<link rel=\"canonical\" href=\"https:\/\/chimoecheverria.com\/en\/bae34-home\/nampa-design\/nampa-holiday\/\" \/>\n<meta property=\"og:locale\" content=\"en_US\" \/>\n<meta property=\"og:type\" content=\"article\" \/>\n<meta property=\"og:title\" content=\"NAMPA HOLIDAY - Chimo Echeverr\u00eda\" \/>\n<meta property=\"og:description\" content=\"NAMPA HOLIDAY &#8211; NAMPA DESIGN AB Mi participaci\u00f3n como arreglista o compositor en algunos de los proyectos publicados por Nampa se propicia gracias a que su dise\u00f1ador de sonido es Javier Z\u00famer, con quien compart\u00eda equipo en Gazpacho Games por aquel entonces y que ante la necesidad de contar con alguien para arreglar el tema&hellip;&nbsp;Read More &raquo;NAMPA HOLIDAY\" \/>\n<meta property=\"og:url\" content=\"https:\/\/chimoecheverria.com\/en\/bae34-home\/nampa-design\/nampa-holiday\/\" \/>\n<meta property=\"og:site_name\" content=\"Chimo Echeverr\u00eda\" \/>\n<meta property=\"article:modified_time\" content=\"2023-04-29T18:19:57+00:00\" \/>\n<meta name=\"twitter:card\" content=\"summary_large_image\" \/>\n<meta name=\"twitter:label1\" content=\"Est. reading time\" \/>\n\t<meta name=\"twitter:data1\" content=\"1 minute\" \/>\n<script type=\"application\/ld+json\" class=\"yoast-schema-graph\">{\"@context\":\"https:\/\/schema.org\",\"@graph\":[{\"@type\":\"WebPage\",\"@id\":\"https:\/\/chimoecheverria.com\/bae34-home\/nampa-design\/nampa-holiday\/\",\"url\":\"https:\/\/chimoecheverria.com\/bae34-home\/nampa-design\/nampa-holiday\/\",\"name\":\"NAMPA HOLIDAY - Chimo Echeverr\u00eda\",\"isPartOf\":{\"@id\":\"https:\/\/chimoecheverria.com\/#website\"},\"datePublished\":\"2020-01-23T13:04:08+00:00\",\"dateModified\":\"2023-04-29T18:19:57+00:00\",\"breadcrumb\":{\"@id\":\"https:\/\/chimoecheverria.com\/bae34-home\/nampa-design\/nampa-holiday\/#breadcrumb\"},\"inLanguage\":\"en-US\",\"potentialAction\":[{\"@type\":\"ReadAction\",\"target\":[\"https:\/\/chimoecheverria.com\/bae34-home\/nampa-design\/nampa-holiday\/\"]}]},{\"@type\":\"BreadcrumbList\",\"@id\":\"https:\/\/chimoecheverria.com\/bae34-home\/nampa-design\/nampa-holiday\/#breadcrumb\",\"itemListElement\":[{\"@type\":\"ListItem\",\"position\":1,\"name\":\"Portada\",\"item\":\"https:\/\/chimoecheverria.com\/\"},{\"@type\":\"ListItem\",\"position\":2,\"name\":\"Home\",\"item\":\"https:\/\/chimoecheverria.com\/\"},{\"@type\":\"ListItem\",\"position\":3,\"name\":\"Nampa Design\",\"item\":\"https:\/\/chimoecheverria.com\/bae34-home\/nampa-design\/\"},{\"@type\":\"ListItem\",\"position\":4,\"name\":\"NAMPA HOLIDAY\"}]},{\"@type\":\"WebSite\",\"@id\":\"https:\/\/chimoecheverria.com\/#website\",\"url\":\"https:\/\/chimoecheverria.com\/\",\"name\":\"Chimo Echeverr\u00eda\",\"description\":\"Composer &amp; Sound Designer\",\"potentialAction\":[{\"@type\":\"SearchAction\",\"target\":{\"@type\":\"EntryPoint\",\"urlTemplate\":\"https:\/\/chimoecheverria.com\/?s={search_term_string}\"},\"query-input\":\"required name=search_term_string\"}],\"inLanguage\":\"en-US\"}]}<\/script>\n<!-- \/ Yoast SEO plugin. -->","yoast_head_json":{"title":"NAMPA HOLIDAY - Chimo Echeverr\u00eda","robots":{"index":"index","follow":"follow","max-snippet":"max-snippet:-1","max-image-preview":"max-image-preview:large","max-video-preview":"max-video-preview:-1"},"canonical":"https:\/\/chimoecheverria.com\/en\/bae34-home\/nampa-design\/nampa-holiday\/","og_locale":"en_US","og_type":"article","og_title":"NAMPA HOLIDAY - Chimo Echeverr\u00eda","og_description":"NAMPA HOLIDAY &#8211; NAMPA DESIGN AB Mi participaci\u00f3n como arreglista o compositor en algunos de los proyectos publicados por Nampa se propicia gracias a que su dise\u00f1ador de sonido es Javier Z\u00famer, con quien compart\u00eda equipo en Gazpacho Games por aquel entonces y que ante la necesidad de contar con alguien para arreglar el tema&hellip;&nbsp;Read More &raquo;NAMPA HOLIDAY","og_url":"https:\/\/chimoecheverria.com\/en\/bae34-home\/nampa-design\/nampa-holiday\/","og_site_name":"Chimo Echeverr\u00eda","article_modified_time":"2023-04-29T18:19:57+00:00","twitter_card":"summary_large_image","twitter_misc":{"Est. reading time":"1 minute"},"schema":{"@context":"https:\/\/schema.org","@graph":[{"@type":"WebPage","@id":"https:\/\/chimoecheverria.com\/bae34-home\/nampa-design\/nampa-holiday\/","url":"https:\/\/chimoecheverria.com\/bae34-home\/nampa-design\/nampa-holiday\/","name":"NAMPA HOLIDAY - Chimo Echeverr\u00eda","isPartOf":{"@id":"https:\/\/chimoecheverria.com\/#website"},"datePublished":"2020-01-23T13:04:08+00:00","dateModified":"2023-04-29T18:19:57+00:00","breadcrumb":{"@id":"https:\/\/chimoecheverria.com\/bae34-home\/nampa-design\/nampa-holiday\/#breadcrumb"},"inLanguage":"en-US","potentialAction":[{"@type":"ReadAction","target":["https:\/\/chimoecheverria.com\/bae34-home\/nampa-design\/nampa-holiday\/"]}]},{"@type":"BreadcrumbList","@id":"https:\/\/chimoecheverria.com\/bae34-home\/nampa-design\/nampa-holiday\/#breadcrumb","itemListElement":[{"@type":"ListItem","position":1,"name":"Portada","item":"https:\/\/chimoecheverria.com\/"},{"@type":"ListItem","position":2,"name":"Home","item":"https:\/\/chimoecheverria.com\/"},{"@type":"ListItem","position":3,"name":"Nampa Design","item":"https:\/\/chimoecheverria.com\/bae34-home\/nampa-design\/"},{"@type":"ListItem","position":4,"name":"NAMPA HOLIDAY"}]},{"@type":"WebSite","@id":"https:\/\/chimoecheverria.com\/#website","url":"https:\/\/chimoecheverria.com\/","name":"Chimo Echeverr\u00eda","description":"Composer &amp; Sound Designer","potentialAction":[{"@type":"SearchAction","target":{"@type":"EntryPoint","urlTemplate":"https:\/\/chimoecheverria.com\/?s={search_term_string}"},"query-input":"required name=search_term_string"}],"inLanguage":"en-US"}]}},"_links":{"self":[{"href":"https:\/\/chimoecheverria.com\/en\/wp-json\/wp\/v2\/pages\/3900"}],"collection":[{"href":"https:\/\/chimoecheverria.com\/en\/wp-json\/wp\/v2\/pages"}],"about":[{"href":"https:\/\/chimoecheverria.com\/en\/wp-json\/wp\/v2\/types\/page"}],"author":[{"embeddable":true,"href":"https:\/\/chimoecheverria.com\/en\/wp-json\/wp\/v2\/users\/1"}],"replies":[{"embeddable":true,"href":"https:\/\/chimoecheverria.com\/en\/wp-json\/wp\/v2\/comments?post=3900"}],"version-history":[{"count":9,"href":"https:\/\/chimoecheverria.com\/en\/wp-json\/wp\/v2\/pages\/3900\/revisions"}],"predecessor-version":[{"id":5064,"href":"https:\/\/chimoecheverria.com\/en\/wp-json\/wp\/v2\/pages\/3900\/revisions\/5064"}],"up":[{"embeddable":true,"href":"https:\/\/chimoecheverria.com\/en\/wp-json\/wp\/v2\/pages\/5200"}],"wp:attachment":[{"href":"https:\/\/chimoecheverria.com\/en\/wp-json\/wp\/v2\/media?parent=3900"}],"curies":[{"name":"wp","href":"https:\/\/api.w.org\/{rel}","templated":true}]}}