{"id":3909,"date":"2020-01-24T11:06:52","date_gmt":"2020-01-24T10:06:52","guid":{"rendered":"http:\/\/chimoecheverria.com\/?page_id=3909"},"modified":"2020-05-31T10:35:27","modified_gmt":"2020-05-31T08:35:27","slug":"formulario-de-contacto","status":"publish","type":"page","link":"https:\/\/chimoecheverria.com\/en\/bae34-home\/formulario-de-contacto\/","title":{"rendered":"Contact Form"},"content":{"rendered":"<div data-elementor-type=\"wp-page\" data-elementor-id=\"3909\" class=\"elementor elementor-3909\">\n\t\t\t\t\t\t<section class=\"elementor-section elementor-top-section elementor-element elementor-element-4ee4d483 elementor-section-boxed elementor-section-height-default elementor-section-height-default\" data-id=\"4ee4d483\" data-element_type=\"section\" data-settings=\"{&quot;background_background&quot;:&quot;gradient&quot;}\">\n\t\t\t\t\t\t<div class=\"elementor-container elementor-column-gap-default\">\n\t\t\t\t\t<div class=\"elementor-column elementor-col-100 elementor-top-column elementor-element elementor-element-6fa98c0f\" data-id=\"6fa98c0f\" data-element_type=\"column\">\n\t\t\t<div class=\"elementor-widget-wrap elementor-element-populated\">\n\t\t\t\t\t\t<div class=\"elementor-element elementor-element-e821f8f elementor-widget elementor-widget-heading\" data-id=\"e821f8f\" data-element_type=\"widget\" data-widget_type=\"heading.default\">\n\t\t\t\t<div class=\"elementor-widget-container\">\n\t\t\t<h2 class=\"elementor-heading-title elementor-size-default\">FORMULARIO DE CONTACTO<\/h2>\t\t<\/div>\n\t\t\t\t<\/div>\n\t\t\t\t<div class=\"elementor-element elementor-element-b190466 elementor-widget elementor-widget-shortcode\" data-id=\"b190466\" data-element_type=\"widget\" data-widget_type=\"shortcode.default\">\n\t\t\t\t<div class=\"elementor-widget-container\">\n\t\t\t\t\t<div class=\"elementor-shortcode\">\n\n<div\n\t\tclass=\"pirate_forms_container widget-no\"\n\t\tid=\"pirate_forms_container_default\">\n\t<!-- header -->\n\t\n\t<!-- thank you -->\n\t\n\t<div class=\"pirate_forms_wrap\">\n\t\t<!-- errors -->\n\t\t\n\t\t<!-- form -->\n\t\t\n\t\t<form\n\t\t\t\tmethod=\"post\"\n\t\t\t\tenctype=\"multipart\/form-data\"\n\t\t\t\tclass=\"pirate_forms  form_honeypot-on wordpress-nonce-on pirate-forms-contact-name-on pirate-forms-contact-email-on pirate-forms-contact-subject-on pirate-forms-contact-message-on pirate-forms-attachment-on pirate-forms-maps-custom-on pirate-forms-contact-submit-on pirate_forms_from_form-on\" action=\"\"\n\t\t\t\t\t>\n\t\t\t<div class=\"pirate_forms_three_inputs_wrap\">\n\t\t\t\t\n\n<div class=\"col-xs-12 pirate_forms_three_inputs form_field_wrap contact_name_wrap col-xs-12 col-sm-6 contact_name_wrap pirate_forms_three_inputs form_field_wrap\">\n\t\t<input\n\t\t\ttype=\"text\"\n\t\t\tclass=\"form-control\" id=\"pirate-forms-contact-name\" name=\"pirate-forms-contact-name\" placeholder=\"Nombre\" required oninvalid =\"this.setCustomValidity('Escriba su nombre')\" onchange=\"this.setCustomValidity('')\" value=\"\" >\n<\/div>\n\n\n<div class=\"col-xs-12 pirate_forms_three_inputs form_field_wrap contact_email_wrap col-xs-12 col-sm-6 contact_email_wrap pirate_forms_three_inputs form_field_wrap\">\n\t\t<input type=\"email\" class=\"form-control\" id=\"pirate-forms-contact-email\" name=\"pirate-forms-contact-email\" placeholder=\"Correo electr\u00f3nico\" required oninvalid =\"this.setCustomValidity('Escriba una direcci\u00f3n de correo electr\u00f3nico v\u00e1lida')\" onchange=\"this.setCustomValidity('')\" value=\"\">\n<\/div>\n\n\n<div class=\"col-xs-12 pirate_forms_three_inputs form_field_wrap contact_subject_wrap col-xs-12 contact_subject_wrap pirate_forms_three_inputs form_field_wrap\">\n\t\t<input\n\t\t\ttype=\"text\"\n\t\t\tclass=\"form-control\" id=\"pirate-forms-contact-subject\" name=\"pirate-forms-contact-subject\" placeholder=\"Asunto\" required oninvalid =\"this.setCustomValidity('Por favor, escriba un asunto')\" onchange=\"this.setCustomValidity('')\" value=\"\" >\n<\/div>\n\t\t\t<\/div>\n\n\t\t\t\n\n<div class=\"col-xs-12 form_field_wrap contact_message_wrap col-xs-12 contact_message_wrap pirate_forms_three_inputs form_field_wrap\">\n\t\t<textarea\n\t\t\trows=\"5\" cols=\"30\"\n\t\t\tclass=\"form-control\" id=\"pirate-forms-contact-message\" name=\"pirate-forms-contact-message\" placeholder=\"Mensaje\" required oninvalid =\"this.setCustomValidity('Escriba su pregunta o comentario')\" onchange=\"this.setCustomValidity('')\" ><\/textarea>\n<\/div>\n\n\n<div class=\"col-xs-12 form_field_wrap contact_attachment_wrap col-xs-12 form_field_wrap contact_attachment_wrap\">\n\t<div class=\"pirate-forms-file-upload-wrapper\">\n\t\t<div class=\"pirate-forms-file-upload-wrapper\">\n\t\t\t<input\n\t\t\t\t\ttype=\"file\"\n\t\t\t\t\tclass=\"form-control\" id=\"pirate-forms-attachment\" name=\"pirate-forms-attachment\" placeholder=\"\" value=\"\"  tabindex=\"-1\"><\/div>\n\t<\/div>\n<\/div>\n\n\n<div class=\"col-xs-12 col-sm-6 form_field_wrap pirateform_wrap_classes_spam_wrap\">\n\t<div id=\"pirate-forms-maps-custom\" class=\"pirate-forms-maps-custom\"><\/div>\n<\/div>\n\n\n<div class=\"col-xs-12 col-sm-6 form_field_wrap contact_submit_wrap\">\n\t<button type=\"submit\" class=\"pirate-forms-submit-button btn btn-primary\" id=\"pirate-forms-contact-submit\" name=\"pirate-forms-contact-submit\" placeholder=\"\" >Enviar mensaje<\/button>\n<\/div>\n<input type=\"hidden\" id=\"pirate_forms_ajax\" name=\"pirate_forms_ajax\" class=\"\" placeholder=\"\"  value=\"0\"><div class=\"form_field_wrap hidden\" style=\"display: none\"><input type=\"text\" id=\"form_honeypot\" name=\"honeypot\" class=\"\" placeholder=\"\"  value=\"\"><\/div><input type=\"hidden\" id=\"pirate_forms_from_widget\" name=\"pirate_forms_from_widget\" class=\"\" placeholder=\"\"  value=\"0\"><input type=\"hidden\" id=\"wordpress-nonce\" name=\"wordpress-nonce\" class=\"\" placeholder=\"\"  value=\"88443133da\"><input type=\"hidden\" id=\"pirate_forms_from_form\" name=\"pirate_forms_from_form\" class=\"\" placeholder=\"\"  value=\"fe5da98523\">\t\t<input type=\"hidden\" name=\"trp-form-language\" value=\"en\"\/><\/form>\n\n\t\t\n\t\t<div class=\"pirate_forms_clearfix\"><\/div>\n\t<\/div>\n\n\t<!-- footer -->\n\t<\/div>\n<\/div>\n\t\t\t\t<\/div>\n\t\t\t\t<\/div>\n\t\t\t\t<div class=\"elementor-element elementor-element-44b78da elementor-widget elementor-widget-text-editor\" data-id=\"44b78da\" data-element_type=\"widget\" data-widget_type=\"text-editor.default\">\n\t\t\t\t<div class=\"elementor-widget-container\">\n\t\t\t\t\t\t\t<p>Expl\u00edcame brevemente en qu\u00e9 puedo ayudarte y me pondr\u00e9 en contacto contigo tan pronto como me sea posible.<\/p><p><span style=\"background-color: transparent;\">\u00a1Muchas gracias!<\/span><\/p><div style=\"margin-right: 10px; margin-left: 0px; position: relative; border-radius: 0px; border: 0px solid #000000;\"><div style=\"margin-right: 10px; margin-left: 0px; position: relative; border-radius: 0px; border: 0px solid #000000;\"><p>\u00a0<\/p><\/div><\/div>\t\t\t\t\t\t<\/div>\n\t\t\t\t<\/div>\n\t\t\t\t\t<\/div>\n\t\t<\/div>\n\t\t\t\t\t<\/div>\n\t\t<\/section>\n\t\t\t\t<\/div>","protected":false},"excerpt":{"rendered":"<p>FORMULARIO DE CONTACTO Expl\u00edcame brevemente en qu\u00e9 puedo ayudarte y me pondr\u00e9 en contacto contigo tan pronto como me sea posible. \u00a1Muchas gracias!<\/p>","protected":false},"author":1,"featured_media":4863,"parent":9,"menu_order":0,"comment_status":"closed","ping_status":"closed","template":"","meta":{"neve_meta_sidebar":"","neve_meta_container":"","neve_meta_enable_content_width":"off","neve_meta_content_width":0,"neve_meta_title_alignment":"","neve_meta_author_avatar":"","neve_post_elements_order":"","neve_meta_disable_header":"","neve_meta_disable_footer":"","neve_meta_disable_title":"on"},"yoast_head":"<!-- This site is optimized with the Yoast SEO plugin v20.8 - https:\/\/yoast.com\/wordpress\/plugins\/seo\/ -->\n<title>Formulario de Contacto - Chimo Echeverr\u00eda<\/title>\n<meta name=\"robots\" content=\"index, follow, max-snippet:-1, max-image-preview:large, max-video-preview:-1\" \/>\n<link rel=\"canonical\" href=\"https:\/\/chimoecheverria.com\/en\/bae34-home\/formulario-de-contacto\/\" \/>\n<meta property=\"og:locale\" content=\"en_US\" \/>\n<meta property=\"og:type\" content=\"article\" \/>\n<meta property=\"og:title\" content=\"Formulario de Contacto - Chimo Echeverr\u00eda\" \/>\n<meta property=\"og:description\" content=\"FORMULARIO DE CONTACTO Expl\u00edcame brevemente en qu\u00e9 puedo ayudarte y me pondr\u00e9 en contacto contigo tan pronto como me sea posible. \u00a1Muchas gracias!\" \/>\n<meta property=\"og:url\" content=\"https:\/\/chimoecheverria.com\/en\/bae34-home\/formulario-de-contacto\/\" \/>\n<meta property=\"og:site_name\" content=\"Chimo Echeverr\u00eda\" \/>\n<meta property=\"article:modified_time\" content=\"2020-05-31T08:35:27+00:00\" \/>\n<meta property=\"og:image\" content=\"https:\/\/chimoecheverria.com\/wp-content\/uploads\/2020\/05\/logo_top.gif\" \/>\n\t<meta property=\"og:image:width\" content=\"1821\" \/>\n\t<meta property=\"og:image:height\" content=\"100\" \/>\n\t<meta property=\"og:image:type\" content=\"image\/gif\" \/>\n<meta name=\"twitter:card\" content=\"summary_large_image\" \/>\n<script type=\"application\/ld+json\" class=\"yoast-schema-graph\">{\"@context\":\"https:\/\/schema.org\",\"@graph\":[{\"@type\":\"WebPage\",\"@id\":\"https:\/\/chimoecheverria.com\/en\/bae34-home\/formulario-de-contacto\/\",\"url\":\"https:\/\/chimoecheverria.com\/en\/bae34-home\/formulario-de-contacto\/\",\"name\":\"Formulario de Contacto - Chimo Echeverr\u00eda\",\"isPartOf\":{\"@id\":\"https:\/\/chimoecheverria.com\/#website\"},\"datePublished\":\"2020-01-24T10:06:52+00:00\",\"dateModified\":\"2020-05-31T08:35:27+00:00\",\"breadcrumb\":{\"@id\":\"https:\/\/chimoecheverria.com\/en\/bae34-home\/formulario-de-contacto\/#breadcrumb\"},\"inLanguage\":\"en-US\",\"potentialAction\":[{\"@type\":\"ReadAction\",\"target\":[\"https:\/\/chimoecheverria.com\/en\/bae34-home\/formulario-de-contacto\/\"]}]},{\"@type\":\"BreadcrumbList\",\"@id\":\"https:\/\/chimoecheverria.com\/en\/bae34-home\/formulario-de-contacto\/#breadcrumb\",\"itemListElement\":[{\"@type\":\"ListItem\",\"position\":1,\"name\":\"Portada\",\"item\":\"https:\/\/chimoecheverria.com\/\"},{\"@type\":\"ListItem\",\"position\":2,\"name\":\"Home\",\"item\":\"https:\/\/chimoecheverria.com\/\"},{\"@type\":\"ListItem\",\"position\":3,\"name\":\"Formulario de Contacto\"}]},{\"@type\":\"WebSite\",\"@id\":\"https:\/\/chimoecheverria.com\/#website\",\"url\":\"https:\/\/chimoecheverria.com\/\",\"name\":\"Chimo Echeverr\u00eda\",\"description\":\"Composer &amp; Sound Designer\",\"potentialAction\":[{\"@type\":\"SearchAction\",\"target\":{\"@type\":\"EntryPoint\",\"urlTemplate\":\"https:\/\/chimoecheverria.com\/?s={search_term_string}\"},\"query-input\":\"required name=search_term_string\"}],\"inLanguage\":\"en-US\"}]}<\/script>\n<!-- \/ Yoast SEO plugin. -->","yoast_head_json":{"title":"Formulario de Contacto - Chimo Echeverr\u00eda","robots":{"index":"index","follow":"follow","max-snippet":"max-snippet:-1","max-image-preview":"max-image-preview:large","max-video-preview":"max-video-preview:-1"},"canonical":"https:\/\/chimoecheverria.com\/en\/bae34-home\/formulario-de-contacto\/","og_locale":"en_US","og_type":"article","og_title":"Formulario de Contacto - Chimo Echeverr\u00eda","og_description":"FORMULARIO DE CONTACTO Expl\u00edcame brevemente en qu\u00e9 puedo ayudarte y me pondr\u00e9 en contacto contigo tan pronto como me sea posible. \u00a1Muchas gracias!","og_url":"https:\/\/chimoecheverria.com\/en\/bae34-home\/formulario-de-contacto\/","og_site_name":"Chimo Echeverr\u00eda","article_modified_time":"2020-05-31T08:35:27+00:00","og_image":[{"width":1821,"height":100,"url":"https:\/\/chimoecheverria.com\/wp-content\/uploads\/2020\/05\/logo_top.gif","type":"image\/gif"}],"twitter_card":"summary_large_image","schema":{"@context":"https:\/\/schema.org","@graph":[{"@type":"WebPage","@id":"https:\/\/chimoecheverria.com\/en\/bae34-home\/formulario-de-contacto\/","url":"https:\/\/chimoecheverria.com\/en\/bae34-home\/formulario-de-contacto\/","name":"Formulario de Contacto - Chimo Echeverr\u00eda","isPartOf":{"@id":"https:\/\/chimoecheverria.com\/#website"},"datePublished":"2020-01-24T10:06:52+00:00","dateModified":"2020-05-31T08:35:27+00:00","breadcrumb":{"@id":"https:\/\/chimoecheverria.com\/en\/bae34-home\/formulario-de-contacto\/#breadcrumb"},"inLanguage":"en-US","potentialAction":[{"@type":"ReadAction","target":["https:\/\/chimoecheverria.com\/en\/bae34-home\/formulario-de-contacto\/"]}]},{"@type":"BreadcrumbList","@id":"https:\/\/chimoecheverria.com\/en\/bae34-home\/formulario-de-contacto\/#breadcrumb","itemListElement":[{"@type":"ListItem","position":1,"name":"Portada","item":"https:\/\/chimoecheverria.com\/"},{"@type":"ListItem","position":2,"name":"Home","item":"https:\/\/chimoecheverria.com\/"},{"@type":"ListItem","position":3,"name":"Formulario de Contacto"}]},{"@type":"WebSite","@id":"https:\/\/chimoecheverria.com\/#website","url":"https:\/\/chimoecheverria.com\/","name":"Chimo Echeverr\u00eda","description":"Composer &amp; Sound Designer","potentialAction":[{"@type":"SearchAction","target":{"@type":"EntryPoint","urlTemplate":"https:\/\/chimoecheverria.com\/?s={search_term_string}"},"query-input":"required name=search_term_string"}],"inLanguage":"en-US"}]}},"_links":{"self":[{"href":"https:\/\/chimoecheverria.com\/en\/wp-json\/wp\/v2\/pages\/3909"}],"collection":[{"href":"https:\/\/chimoecheverria.com\/en\/wp-json\/wp\/v2\/pages"}],"about":[{"href":"https:\/\/chimoecheverria.com\/en\/wp-json\/wp\/v2\/types\/page"}],"author":[{"embeddable":true,"href":"https:\/\/chimoecheverria.com\/en\/wp-json\/wp\/v2\/users\/1"}],"replies":[{"embeddable":true,"href":"https:\/\/chimoecheverria.com\/en\/wp-json\/wp\/v2\/comments?post=3909"}],"version-history":[{"count":28,"href":"https:\/\/chimoecheverria.com\/en\/wp-json\/wp\/v2\/pages\/3909\/revisions"}],"predecessor-version":[{"id":5009,"href":"https:\/\/chimoecheverria.com\/en\/wp-json\/wp\/v2\/pages\/3909\/revisions\/5009"}],"up":[{"embeddable":true,"href":"https:\/\/chimoecheverria.com\/en\/wp-json\/wp\/v2\/pages\/9"}],"wp:featuredmedia":[{"embeddable":true,"href":"https:\/\/chimoecheverria.com\/en\/wp-json\/wp\/v2\/media\/4863"}],"wp:attachment":[{"href":"https:\/\/chimoecheverria.com\/en\/wp-json\/wp\/v2\/media?parent=3909"}],"curies":[{"name":"wp","href":"https:\/\/api.w.org\/{rel}","templated":true}]}}