{"id":3995,"date":"2020-01-30T19:34:07","date_gmt":"2020-01-30T18:34:07","guid":{"rendered":"http:\/\/chimoecheverria.com\/?page_id=3995"},"modified":"2020-04-30T21:59:42","modified_gmt":"2020-04-30T19:59:42","slug":"dreaming-paths","status":"publish","type":"page","link":"https:\/\/chimoecheverria.com\/en\/bae34-home\/dreaming-paths\/","title":{"rendered":"Dreaming Paths"},"content":{"rendered":"<div data-elementor-type=\"wp-page\" data-elementor-id=\"3995\" class=\"elementor elementor-3995\">\n\t\t\t\t\t\t<section class=\"elementor-section elementor-top-section elementor-element elementor-element-10e7023 elementor-section-boxed elementor-section-height-default elementor-section-height-default\" data-id=\"10e7023\" data-element_type=\"section\" data-settings=\"{&quot;background_background&quot;:&quot;gradient&quot;}\">\n\t\t\t\t\t\t<div class=\"elementor-container elementor-column-gap-default\">\n\t\t\t\t\t<div class=\"elementor-column elementor-col-100 elementor-top-column elementor-element elementor-element-22f4903\" data-id=\"22f4903\" data-element_type=\"column\">\n\t\t\t<div class=\"elementor-widget-wrap elementor-element-populated\">\n\t\t\t\t\t\t<div class=\"elementor-element elementor-element-8f00a24 elementor-widget elementor-widget-text-editor\" data-id=\"8f00a24\" data-element_type=\"widget\" data-widget_type=\"text-editor.default\">\n\t\t\t\t<div class=\"elementor-widget-container\">\n\t\t\t\t\t\t\t<h3 style=\"text-align: center;\">DREAMING PATHS &#8211; UTAD<\/h3>\t\t\t\t\t\t<\/div>\n\t\t\t\t<\/div>\n\t\t\t\t<div class=\"elementor-element elementor-element-ecea07e elementor-widget elementor-widget-video\" data-id=\"ecea07e\" data-element_type=\"widget\" data-settings=\"{&quot;youtube_url&quot;:&quot;https:\\\/\\\/youtu.be\\\/50B3TPh6Qqk&quot;,&quot;video_type&quot;:&quot;youtube&quot;,&quot;controls&quot;:&quot;yes&quot;}\" data-widget_type=\"video.default\">\n\t\t\t\t<div class=\"elementor-widget-container\">\n\t\t\t\t\t<div class=\"elementor-wrapper elementor-open-inline\">\n\t\t\t<div class=\"elementor-video\"><\/div>\t\t<\/div>\n\t\t\t\t<\/div>\n\t\t\t\t<\/div>\n\t\t\t\t\t<\/div>\n\t\t<\/div>\n\t\t\t\t\t<\/div>\n\t\t<\/section>\n\t\t\t\t<section class=\"elementor-section elementor-top-section elementor-element elementor-element-9027c7c elementor-section-stretched elementor-section-boxed elementor-section-height-default elementor-section-height-default\" data-id=\"9027c7c\" data-element_type=\"section\" data-settings=\"{&quot;background_background&quot;:&quot;gradient&quot;,&quot;stretch_section&quot;:&quot;section-stretched&quot;}\">\n\t\t\t\t\t\t<div class=\"elementor-container elementor-column-gap-default\">\n\t\t\t\t\t<div class=\"elementor-column elementor-col-100 elementor-top-column elementor-element elementor-element-7c2946c1\" data-id=\"7c2946c1\" data-element_type=\"column\">\n\t\t\t<div class=\"elementor-widget-wrap elementor-element-populated\">\n\t\t\t\t\t\t<div class=\"elementor-element elementor-element-5a690fd elementor-widget elementor-widget-text-editor\" data-id=\"5a690fd\" data-element_type=\"widget\" data-widget_type=\"text-editor.default\">\n\t\t\t\t<div class=\"elementor-widget-container\">\n\t\t\t\t\t\t\t<p style=\"text-align: center;\">(Audiovisual montage created using gameplay images and sound produced for the game)<\/p>\t\t\t\t\t\t<\/div>\n\t\t\t\t<\/div>\n\t\t\t\t<div class=\"elementor-element elementor-element-7b7b917a elementor-widget elementor-widget-text-editor\" data-id=\"7b7b917a\" data-element_type=\"widget\" data-widget_type=\"text-editor.default\">\n\t\t\t\t<div class=\"elementor-widget-container\">\n\t\t\t\t\t\t\t<p><!-- wp:themeisle-blocks\/advanced-columns {\"id\":\"wp-block-themeisle-blocks-advanced-columns-82382f2f\",\"columns\":1,\"layout\":\"equal\"} --><\/p>\n<div id=\"wp-block-themeisle-blocks-advanced-columns-82382f2f\" class=\"wp-block-themeisle-blocks-advanced-columns has-1-columns has-desktop-equal-layout has-tablet-equal-layout has-mobile-equal-layout has-default-gap has-vertical-unset\" style=\"border-radius: 0px; justify-content: unset; border: 0px solid #000000;\">\n<div class=\"wp-themeisle-block-overlay\" style=\"opacity: 0.5; mix-blend-mode: normal; padding-left: 40px;\"><span style=\"color: #000000;\">\u00a0<\/span><\/div>\n<div class=\"innerblocks-wrap\">\n<div id=\"wp-block-themeisle-blocks-advanced-column-da03cc68\" class=\"wp-block-themeisle-blocks-advanced-column\" style=\"border-radius: 0px; border: 0px solid #000000;\">\n<p><!-- \/wp:paragraph --><\/p>\n<p><!-- wp:paragraph --><\/p>\n<p><span style=\"color: #000000;\">In May 2014, Jos\u00e9 Manuel Garc\u00eda Franco, Director of the Master of Video Game Development at the U-Tad Technological University, with whom I had already had the opportunity to work at Sokoh Studios, proposed to participate as a musician in the project of one of the groups. of the master.<\/span><\/p>\n<p><span style=\"color: #000000;\">My job is to compose the music and design the sound for a fantastic Tower Defense style game with colorful 3d art for mobile devices.<\/span><\/p>\n<p><span style=\"color: #000000;\"><!-- \/wp:paragraph --><\/span><\/p>\n<p><span style=\"color: #000000;\"><!-- wp:paragraph --><\/span><\/p>\n<p><span style=\"color: #000000;\">As a composer and sound designer my tasks were:<\/span><\/p>\n<p><span style=\"color: #000000;\"><!-- \/wp:paragraph --><\/span><\/p>\n<p><span style=\"color: #000000;\"><!-- wp:paragraph --><\/span><\/p>\n<p><span style=\"color: #000000;\">- Composing music with orchestral instrumentation and according to the aesthetics of the game for 5 different scenarios.<\/span><br \/><span style=\"color: #000000;\">- Compose music and musical effects on the same line for loading, menu, start, win and lose, pause and resume.<\/span><br \/><span style=\"color: #000000;\">- Design almost 50 sound effects through audio editing (the engine used did not encourage the use of midleware solutions).<\/span><br \/><span style=\"color: #000000;\">- Make sound and musicalize a game presentation animation for the defense of the project.<\/span><br \/><span style=\"color: #000000;\">- Record the sound production in the appropriate documentation.<\/span><br \/><span style=\"color: #000000;\">- Maintain constant communication with the development team.<\/span><\/p>\n<p><span style=\"color: #000000;\"><!-- \/wp:paragraph --><\/span><\/p>\n<p><span style=\"color: #000000;\"><!-- wp:paragraph --><\/span><\/p>\n<p><span style=\"color: #000000;\">It is a project that I am very proud of artistically, because I put all my creativity at stake. It was very satisfying to work with the team and try to respond to their criticism and improvement comments for every proposal I presented to them. So the result was the product of teamwork.<\/span><\/p>\n<p><span style=\"color: #000000;\"><!-- \/wp:paragraph --><\/span><\/p>\n<p><span style=\"color: #000000;\"><!-- wp:paragraph --><\/span><\/p>\n<p><span style=\"color: #000000;\">Although the intention was to publish the game, it could not be done due to some technical problems with the final versions. Participating in this end-of-master project was a tremendously exhilarating experience and elevated my abilities as manager of the sound section in a game to a higher level. The experience of working with creative and motivated people was wonderful and as it began to be a constant, it made me meet people with whom I would work again in the future.<\/span><\/p>\n<p><!-- \/wp:paragraph --><\/p>\n<\/div>\n<p><!-- \/wp:themeisle-blocks\/advanced-column --><\/p>\n<\/div>\n<\/div>\n<p><!-- \/wp:themeisle-blocks\/advanced-columns --><\/p>\n<p><!-- wp:paragraph --><\/p>\n<p>\u00a0<\/p>\n<p><!-- wp:paragraph --><\/p>\n<p><!-- \/wp:paragraph --><\/p>\t\t\t\t\t\t<\/div>\n\t\t\t\t<\/div>\n\t\t\t\t\t<\/div>\n\t\t<\/div>\n\t\t\t\t\t<\/div>\n\t\t<\/section>\n\t\t\t\t<section class=\"elementor-section elementor-top-section elementor-element elementor-element-cf1c077 elementor-section-boxed elementor-section-height-default elementor-section-height-default\" data-id=\"cf1c077\" data-element_type=\"section\" data-settings=\"{&quot;background_background&quot;:&quot;gradient&quot;}\">\n\t\t\t\t\t\t<div class=\"elementor-container elementor-column-gap-default\">\n\t\t\t\t\t<div class=\"elementor-column elementor-col-100 elementor-top-column elementor-element elementor-element-a20cd58\" data-id=\"a20cd58\" data-element_type=\"column\">\n\t\t\t<div class=\"elementor-widget-wrap elementor-element-populated\">\n\t\t\t\t\t\t<div class=\"elementor-element elementor-element-b8e6a7a elementor-widget elementor-widget-text-editor\" data-id=\"b8e6a7a\" data-element_type=\"widget\" data-widget_type=\"text-editor.default\">\n\t\t\t\t<div class=\"elementor-widget-container\">\n\t\t\t\t\t\t\t<p><!-- wp:themeisle-blocks\/advanced-columns {\"id\":\"wp-block-themeisle-blocks-advanced-columns-82382f2f\",\"columns\":1,\"layout\":\"equal\"} --><\/p>\n<p class=\"has-text-color\" style=\"color: #ffffff; text-align: left;\"><span style=\"color: #7a7a7a;\">These are the musical themes that I composed for each of the stages:<\/span><\/p>\n<p><!-- \/wp:paragraph --><\/p>\n<p><!-- wp:html --><br \/><iframe src=\"https:\/\/w.soundcloud.com\/player\/?url=https%3A\/\/api.soundcloud.com\/tracks\/679972247%3Fsecret_token%3Ds-AgeGK&amp;color=%23ff5500&amp;auto_play=false&amp;hide_related=false&amp;show_comments=true&amp;show_user=true&amp;show_reposts=false&amp;show_teaser=true&amp;visual=false\" width=\"100%\" height=\"160\" frameborder=\"no\" scrolling=\"no\"><\/iframe><br \/><!-- \/wp:html --><\/p>\n<p><!-- wp:html --><br \/><iframe src=\"https:\/\/w.soundcloud.com\/player\/?url=https%3A\/\/api.soundcloud.com\/tracks\/679972376%3Fsecret_token%3Ds-GXHv2&amp;color=%23ff5500&amp;auto_play=false&amp;hide_related=false&amp;show_comments=true&amp;show_user=true&amp;show_reposts=false&amp;show_teaser=true&amp;visual=false\" width=\"100%\" height=\"160\" frameborder=\"no\" scrolling=\"no\"><\/iframe><br \/><!-- \/wp:html --><\/p>\n<p><!-- wp:html --><br \/><iframe src=\"https:\/\/w.soundcloud.com\/player\/?url=https%3A\/\/api.soundcloud.com\/tracks\/679972313%3Fsecret_token%3Ds-dihNA&amp;color=%23ff5500&amp;auto_play=false&amp;hide_related=false&amp;show_comments=true&amp;show_user=true&amp;show_reposts=false&amp;show_teaser=true&amp;visual=false\" width=\"100%\" height=\"160\" frameborder=\"no\" scrolling=\"no\"><\/iframe><br \/><!-- \/wp:html --><\/p>\n<p><!-- wp:paragraph {\"align\":\"center\",\"customTextColor\":\"#ffffff\"} --><\/p>\n<p class=\"has-text-color\" style=\"color: #ffffff; text-align: center;\">*<\/p>\n<p><!-- \/wp:paragraph --><\/p>\n<p><!-- wp:paragraph --><\/p>\n<p>These other musical themes belong to the intro and to the credits.<\/p>\n<p><!-- \/wp:paragraph --><\/p>\n<p><!-- wp:html --><br \/><iframe src=\"https:\/\/w.soundcloud.com\/player\/?url=https%3A\/\/api.soundcloud.com\/tracks\/679946090%3Fsecret_token%3Ds-EYLMJ&amp;color=%23ff5500&amp;auto_play=false&amp;hide_related=true&amp;show_comments=true&amp;show_user=false&amp;show_reposts=false&amp;show_teaser=false&amp;visual=false\" width=\"100%\" height=\"160\" frameborder=\"no\" scrolling=\"no\"><\/iframe><br \/><!-- \/wp:html --><\/p>\n<p><!-- wp:html --><br \/><iframe src=\"https:\/\/w.soundcloud.com\/player\/?url=https%3A\/\/api.soundcloud.com\/tracks\/212457416%3Fsecret_token%3Ds-ybhQe&amp;color=%23ff5500&amp;auto_play=false&amp;hide_related=true&amp;show_comments=false&amp;show_user=false&amp;show_reposts=false&amp;show_teaser=true&amp;visual=false\" width=\"100%\" height=\"160\" frameborder=\"no\" scrolling=\"no\"><\/iframe><br \/><!-- \/wp:html --><\/p>\n<p><!-- wp:paragraph --><\/p>\n<p><!-- \/wp:paragraph --><\/p>\t\t\t\t\t\t<\/div>\n\t\t\t\t<\/div>\n\t\t\t\t\t<\/div>\n\t\t<\/div>\n\t\t\t\t\t<\/div>\n\t\t<\/section>\n\t\t\t\t<\/div>","protected":false},"excerpt":{"rendered":"<p>DREAMING PATHS &#8211; UTAD (Montaje audiovisual creado mediante im\u00e1genes de gameplay y sonido producido para el juego) En mayo de 2014, Jos\u00e9 Manuel Garc\u00eda Franco, Director del Master de desarrollo de videojuegos de la Universidad tecnol\u00f3gica U-Tad, con qui\u00e9n ya hab\u00eda tenido la oportunidad de trabajar en Sokoh Studios me propone participar como m\u00fasico en&hellip;&nbsp;<a href=\"https:\/\/chimoecheverria.com\/en\/bae34-home\/dreaming-paths\/\" class=\"\" rel=\"bookmark\">Read More &raquo;<span class=\"screen-reader-text\">Dreaming Paths<\/span><\/a><\/p>","protected":false},"author":1,"featured_media":0,"parent":9,"menu_order":0,"comment_status":"closed","ping_status":"closed","template":"","meta":{"neve_meta_sidebar":"","neve_meta_container":"full-width","neve_meta_enable_content_width":"off","neve_meta_content_width":0,"neve_meta_title_alignment":"","neve_meta_author_avatar":"","neve_post_elements_order":"","neve_meta_disable_header":"","neve_meta_disable_footer":"","neve_meta_disable_title":"on"},"yoast_head":"<!-- This site is optimized with the Yoast SEO plugin v20.8 - https:\/\/yoast.com\/wordpress\/plugins\/seo\/ -->\n<title>Dreaming Paths - Chimo Echeverr\u00eda<\/title>\n<meta name=\"robots\" content=\"index, follow, max-snippet:-1, max-image-preview:large, max-video-preview:-1\" \/>\n<link rel=\"canonical\" href=\"https:\/\/chimoecheverria.com\/en\/bae34-home\/dreaming-paths\/\" \/>\n<meta property=\"og:locale\" content=\"en_US\" \/>\n<meta property=\"og:type\" content=\"article\" \/>\n<meta property=\"og:title\" content=\"Dreaming Paths - Chimo Echeverr\u00eda\" \/>\n<meta property=\"og:description\" content=\"DREAMING PATHS &#8211; UTAD (Montaje audiovisual creado mediante im\u00e1genes de gameplay y sonido producido para el juego) En mayo de 2014, Jos\u00e9 Manuel Garc\u00eda Franco, Director del Master de desarrollo de videojuegos de la Universidad tecnol\u00f3gica U-Tad, con qui\u00e9n ya hab\u00eda tenido la oportunidad de trabajar en Sokoh Studios me propone participar como m\u00fasico en&hellip;&nbsp;Read More &raquo;Dreaming Paths\" \/>\n<meta property=\"og:url\" content=\"https:\/\/chimoecheverria.com\/en\/bae34-home\/dreaming-paths\/\" \/>\n<meta property=\"og:site_name\" content=\"Chimo Echeverr\u00eda\" \/>\n<meta property=\"article:modified_time\" content=\"2020-04-30T19:59:42+00:00\" \/>\n<meta name=\"twitter:card\" content=\"summary_large_image\" \/>\n<meta name=\"twitter:label1\" content=\"Est. reading time\" \/>\n\t<meta name=\"twitter:data1\" content=\"2 minutes\" \/>\n<script type=\"application\/ld+json\" class=\"yoast-schema-graph\">{\"@context\":\"https:\/\/schema.org\",\"@graph\":[{\"@type\":\"WebPage\",\"@id\":\"https:\/\/chimoecheverria.com\/en\/bae34-home\/dreaming-paths\/\",\"url\":\"https:\/\/chimoecheverria.com\/en\/bae34-home\/dreaming-paths\/\",\"name\":\"Dreaming Paths - Chimo Echeverr\u00eda\",\"isPartOf\":{\"@id\":\"https:\/\/chimoecheverria.com\/#website\"},\"datePublished\":\"2020-01-30T18:34:07+00:00\",\"dateModified\":\"2020-04-30T19:59:42+00:00\",\"breadcrumb\":{\"@id\":\"https:\/\/chimoecheverria.com\/en\/bae34-home\/dreaming-paths\/#breadcrumb\"},\"inLanguage\":\"en-US\",\"potentialAction\":[{\"@type\":\"ReadAction\",\"target\":[\"https:\/\/chimoecheverria.com\/en\/bae34-home\/dreaming-paths\/\"]}]},{\"@type\":\"BreadcrumbList\",\"@id\":\"https:\/\/chimoecheverria.com\/en\/bae34-home\/dreaming-paths\/#breadcrumb\",\"itemListElement\":[{\"@type\":\"ListItem\",\"position\":1,\"name\":\"Portada\",\"item\":\"https:\/\/chimoecheverria.com\/\"},{\"@type\":\"ListItem\",\"position\":2,\"name\":\"Home\",\"item\":\"https:\/\/chimoecheverria.com\/\"},{\"@type\":\"ListItem\",\"position\":3,\"name\":\"Dreaming Paths\"}]},{\"@type\":\"WebSite\",\"@id\":\"https:\/\/chimoecheverria.com\/#website\",\"url\":\"https:\/\/chimoecheverria.com\/\",\"name\":\"Chimo Echeverr\u00eda\",\"description\":\"Composer &amp; Sound Designer\",\"potentialAction\":[{\"@type\":\"SearchAction\",\"target\":{\"@type\":\"EntryPoint\",\"urlTemplate\":\"https:\/\/chimoecheverria.com\/?s={search_term_string}\"},\"query-input\":\"required name=search_term_string\"}],\"inLanguage\":\"en-US\"}]}<\/script>\n<!-- \/ Yoast SEO plugin. -->","yoast_head_json":{"title":"Dreaming Paths - Chimo Echeverr\u00eda","robots":{"index":"index","follow":"follow","max-snippet":"max-snippet:-1","max-image-preview":"max-image-preview:large","max-video-preview":"max-video-preview:-1"},"canonical":"https:\/\/chimoecheverria.com\/en\/bae34-home\/dreaming-paths\/","og_locale":"en_US","og_type":"article","og_title":"Dreaming Paths - Chimo Echeverr\u00eda","og_description":"DREAMING PATHS &#8211; UTAD (Montaje audiovisual creado mediante im\u00e1genes de gameplay y sonido producido para el juego) En mayo de 2014, Jos\u00e9 Manuel Garc\u00eda Franco, Director del Master de desarrollo de videojuegos de la Universidad tecnol\u00f3gica U-Tad, con qui\u00e9n ya hab\u00eda tenido la oportunidad de trabajar en Sokoh Studios me propone participar como m\u00fasico en&hellip;&nbsp;Read More &raquo;Dreaming Paths","og_url":"https:\/\/chimoecheverria.com\/en\/bae34-home\/dreaming-paths\/","og_site_name":"Chimo Echeverr\u00eda","article_modified_time":"2020-04-30T19:59:42+00:00","twitter_card":"summary_large_image","twitter_misc":{"Est. reading time":"2 minutes"},"schema":{"@context":"https:\/\/schema.org","@graph":[{"@type":"WebPage","@id":"https:\/\/chimoecheverria.com\/en\/bae34-home\/dreaming-paths\/","url":"https:\/\/chimoecheverria.com\/en\/bae34-home\/dreaming-paths\/","name":"Dreaming Paths - Chimo Echeverr\u00eda","isPartOf":{"@id":"https:\/\/chimoecheverria.com\/#website"},"datePublished":"2020-01-30T18:34:07+00:00","dateModified":"2020-04-30T19:59:42+00:00","breadcrumb":{"@id":"https:\/\/chimoecheverria.com\/en\/bae34-home\/dreaming-paths\/#breadcrumb"},"inLanguage":"en-US","potentialAction":[{"@type":"ReadAction","target":["https:\/\/chimoecheverria.com\/en\/bae34-home\/dreaming-paths\/"]}]},{"@type":"BreadcrumbList","@id":"https:\/\/chimoecheverria.com\/en\/bae34-home\/dreaming-paths\/#breadcrumb","itemListElement":[{"@type":"ListItem","position":1,"name":"Portada","item":"https:\/\/chimoecheverria.com\/"},{"@type":"ListItem","position":2,"name":"Home","item":"https:\/\/chimoecheverria.com\/"},{"@type":"ListItem","position":3,"name":"Dreaming Paths"}]},{"@type":"WebSite","@id":"https:\/\/chimoecheverria.com\/#website","url":"https:\/\/chimoecheverria.com\/","name":"Chimo Echeverr\u00eda","description":"Composer &amp; Sound Designer","potentialAction":[{"@type":"SearchAction","target":{"@type":"EntryPoint","urlTemplate":"https:\/\/chimoecheverria.com\/?s={search_term_string}"},"query-input":"required name=search_term_string"}],"inLanguage":"en-US"}]}},"_links":{"self":[{"href":"https:\/\/chimoecheverria.com\/en\/wp-json\/wp\/v2\/pages\/3995"}],"collection":[{"href":"https:\/\/chimoecheverria.com\/en\/wp-json\/wp\/v2\/pages"}],"about":[{"href":"https:\/\/chimoecheverria.com\/en\/wp-json\/wp\/v2\/types\/page"}],"author":[{"embeddable":true,"href":"https:\/\/chimoecheverria.com\/en\/wp-json\/wp\/v2\/users\/1"}],"replies":[{"embeddable":true,"href":"https:\/\/chimoecheverria.com\/en\/wp-json\/wp\/v2\/comments?post=3995"}],"version-history":[{"count":56,"href":"https:\/\/chimoecheverria.com\/en\/wp-json\/wp\/v2\/pages\/3995\/revisions"}],"predecessor-version":[{"id":5024,"href":"https:\/\/chimoecheverria.com\/en\/wp-json\/wp\/v2\/pages\/3995\/revisions\/5024"}],"up":[{"embeddable":true,"href":"https:\/\/chimoecheverria.com\/en\/wp-json\/wp\/v2\/pages\/9"}],"wp:attachment":[{"href":"https:\/\/chimoecheverria.com\/en\/wp-json\/wp\/v2\/media?parent=3995"}],"curies":[{"name":"wp","href":"https:\/\/api.w.org\/{rel}","templated":true}]}}