{"id":4034,"date":"2020-02-01T19:31:44","date_gmt":"2020-02-01T18:31:44","guid":{"rendered":"http:\/\/chimoecheverria.com\/?page_id=4034"},"modified":"2020-07-20T16:15:24","modified_gmt":"2020-07-20T14:15:24","slug":"apollo-pioneer","status":"publish","type":"page","link":"https:\/\/chimoecheverria.com\/en\/bae34-home\/apollo-pioneer\/","title":{"rendered":"Apollo Pioneer"},"content":{"rendered":"<div data-elementor-type=\"wp-page\" data-elementor-id=\"4034\" class=\"elementor elementor-4034\">\n\t\t\t\t\t\t<section class=\"elementor-section elementor-top-section elementor-element elementor-element-75bddacb elementor-section-stretched elementor-section-boxed elementor-section-height-default elementor-section-height-default\" data-id=\"75bddacb\" data-element_type=\"section\" data-settings=\"{&quot;stretch_section&quot;:&quot;section-stretched&quot;,&quot;background_background&quot;:&quot;classic&quot;}\">\n\t\t\t\t\t\t<div class=\"elementor-container elementor-column-gap-default\">\n\t\t\t\t\t<div class=\"elementor-column elementor-col-100 elementor-top-column elementor-element elementor-element-45de6865\" data-id=\"45de6865\" data-element_type=\"column\">\n\t\t\t<div class=\"elementor-widget-wrap elementor-element-populated\">\n\t\t\t\t\t\t<div class=\"elementor-element elementor-element-2d0a610 elementor-widget elementor-widget-text-editor\" data-id=\"2d0a610\" data-element_type=\"widget\" data-widget_type=\"text-editor.default\">\n\t\t\t\t<div class=\"elementor-widget-container\">\n\t\t\t\t\t\t\t<h3 style=\"text-align: center;\">APOLLO PIONEER &#8211; UNIVERSIDADE DA CORU\u00d1A<\/h3>\t\t\t\t\t\t<\/div>\n\t\t\t\t<\/div>\n\t\t\t\t<div class=\"elementor-element elementor-element-56b64aac elementor-widget elementor-widget-text-editor\" data-id=\"56b64aac\" data-element_type=\"widget\" data-widget_type=\"text-editor.default\">\n\t\t\t\t<div class=\"elementor-widget-container\">\n\t\t\t\t\t\t\t<p><!-- wp:nextend\/smartslider3 {\"slider\":\"19\"} --><\/p>\n<div class=\"wp-block-nextend-smartslider3\">While finishing the \u201cDreaming Paths\u201d project with the U-Tad, Jorge M\u00edguez, with whom he had previously worked, contacted me again and invited me to participate in his final degree project in Audiovisual Communication at the Universidade da Coru\u00f1a, a video game futuristic cut under UDK set in a space station.<\/div>\n<div id=\"wp-block-themeisle-blocks-advanced-columns-6810b0a1\" class=\"wp-block-themeisle-blocks-advanced-columns has-1-columns has-desktop-equal-layout has-tablet-equal-layout has-mobile-equal-layout has-default-gap has-vertical-unset\" style=\"border-radius: 0px; justify-content: unset; border: 0px solid #000000;\">\n<div class=\"innerblocks-wrap\">\n<div id=\"wp-block-themeisle-blocks-advanced-column-9a5522f4\" class=\"wp-block-themeisle-blocks-advanced-column\" style=\"border-radius: 0px; border: 0px solid #000000;\">\n<p><!-- \/wp:paragraph --><!-- wp:paragraph --><\/p>\n<p>To work with Jorge, to remove the thorn from the previous unfinished project, to participate again in a project linked to an educational center in the communications sector and above all at UDK? When we start?<\/p>\n<p><!-- \/wp:paragraph --><!-- wp:paragraph --><\/p>\n<p>They wanted me to take care of the sound effects and in any case achieve a certain setting.<\/p>\n<p><!-- \/wp:paragraph --><!-- wp:paragraph --><\/p>\n<p>So my tasks were focused on sound design:<\/p>\n<p><!-- \/wp:paragraph --><!-- wp:paragraph --><\/p>\n<p>- Carry out an investigation and study of references.<br \/>- Design audio Assets in UDK.<br \/>- Record sounds and voices from NPCs for use in the project.<br \/>- Edit audio.<br \/>- Create sound environments using UDK middleware possibilities.<br \/>- Integrate the assets in the project (done together)<br \/>- Integrate Ambient Zones as part of the overall game design.<br \/>- Prepare documentation on the sound design of the game.<br \/>- Plan and record progress in sound production using an Audio Asset List.<br \/>- Hold regular meetings with team members to report progress and discuss planning.<\/p>\n<p><!-- \/wp:paragraph --><!-- wp:paragraph --><\/p>\n<p>The project was developed throughout the academic year 2014\/2015, from September to June in a well-planned way, with time to create, test and integrate each of the assets produced in the project.<\/p>\n<p><!-- \/wp:paragraph --><!-- wp:paragraph --><\/p>\n<p>I was already working with this engine in \u201cEl Ciclo\u201d and being able to create sound environments and design assets with a futuristic theme was a delight. The design of the game also involved re-recording and editing, according to needs, certain voiceovers from some NPC.<\/p>\n<p><!-- \/wp:paragraph --><!-- wp:paragraph --><\/p>\n<p>Actually, the scenarios, models, textures, lighting and overall design of the game are very elaborate and it looks very good to be the result of the work of such a small team.<\/p>\n<p><!-- \/wp:paragraph --><\/p>\n<\/div>\n<p><!-- \/wp:themeisle-blocks\/advanced-column --><\/p>\n<\/div>\n<\/div>\n<p><!-- \/wp:themeisle-blocks\/advanced-columns --><\/p>\t\t\t\t\t\t<\/div>\n\t\t\t\t<\/div>\n\t\t\t\t\t<\/div>\n\t\t<\/div>\n\t\t\t\t\t<\/div>\n\t\t<\/section>\n\t\t\t\t<\/div>","protected":false},"excerpt":{"rendered":"<p>APOLLO PIONEER &#8211; UNIVERSIDADE DA CORU\u00d1A \u00bfTrabajar con Jorge, quitarse la espinita del anterior proyecto inconcluso, volver a participar en un proyecto vinculado un centro educativo de sector de las comunicaciones y encima en UDK? \u00bfCu\u00e1ndo empezamos? Quer\u00edan que me encargase de los efectos sonoros y en cualquier caso lograr cierta ambientaci\u00f3n. De manera que&hellip;&nbsp;<a href=\"https:\/\/chimoecheverria.com\/en\/bae34-home\/apollo-pioneer\/\" class=\"\" rel=\"bookmark\">Read More &raquo;<span class=\"screen-reader-text\">Apollo Pioneer<\/span><\/a><\/p>","protected":false},"author":1,"featured_media":0,"parent":9,"menu_order":0,"comment_status":"closed","ping_status":"closed","template":"","meta":{"neve_meta_sidebar":"","neve_meta_container":"","neve_meta_enable_content_width":"off","neve_meta_content_width":0,"neve_meta_title_alignment":"","neve_meta_author_avatar":"","neve_post_elements_order":"","neve_meta_disable_header":"on","neve_meta_disable_footer":"","neve_meta_disable_title":"on"},"yoast_head":"<!-- This site is optimized with the Yoast SEO plugin v20.8 - https:\/\/yoast.com\/wordpress\/plugins\/seo\/ -->\n<title>Apollo Pioneer - Chimo Echeverr\u00eda<\/title>\n<meta name=\"robots\" content=\"index, follow, max-snippet:-1, max-image-preview:large, max-video-preview:-1\" \/>\n<link rel=\"canonical\" href=\"https:\/\/chimoecheverria.com\/en\/bae34-home\/apollo-pioneer\/\" \/>\n<meta property=\"og:locale\" content=\"en_US\" \/>\n<meta property=\"og:type\" content=\"article\" \/>\n<meta property=\"og:title\" content=\"Apollo Pioneer - Chimo Echeverr\u00eda\" \/>\n<meta property=\"og:description\" content=\"APOLLO PIONEER &#8211; UNIVERSIDADE DA CORU\u00d1A \u00bfTrabajar con Jorge, quitarse la espinita del anterior proyecto inconcluso, volver a participar en un proyecto vinculado un centro educativo de sector de las comunicaciones y encima en UDK? \u00bfCu\u00e1ndo empezamos? Quer\u00edan que me encargase de los efectos sonoros y en cualquier caso lograr cierta ambientaci\u00f3n. De manera que&hellip;&nbsp;Read More &raquo;Apollo Pioneer\" \/>\n<meta property=\"og:url\" content=\"https:\/\/chimoecheverria.com\/en\/bae34-home\/apollo-pioneer\/\" \/>\n<meta property=\"og:site_name\" content=\"Chimo Echeverr\u00eda\" \/>\n<meta property=\"article:modified_time\" content=\"2020-07-20T14:15:24+00:00\" \/>\n<meta name=\"twitter:card\" content=\"summary_large_image\" \/>\n<meta name=\"twitter:label1\" content=\"Est. reading time\" \/>\n\t<meta name=\"twitter:data1\" content=\"2 minutes\" \/>\n<script type=\"application\/ld+json\" class=\"yoast-schema-graph\">{\"@context\":\"https:\/\/schema.org\",\"@graph\":[{\"@type\":\"WebPage\",\"@id\":\"https:\/\/chimoecheverria.com\/bae34-home\/apollo-pioneer\/\",\"url\":\"https:\/\/chimoecheverria.com\/bae34-home\/apollo-pioneer\/\",\"name\":\"Apollo Pioneer - Chimo Echeverr\u00eda\",\"isPartOf\":{\"@id\":\"https:\/\/chimoecheverria.com\/#website\"},\"datePublished\":\"2020-02-01T18:31:44+00:00\",\"dateModified\":\"2020-07-20T14:15:24+00:00\",\"breadcrumb\":{\"@id\":\"https:\/\/chimoecheverria.com\/bae34-home\/apollo-pioneer\/#breadcrumb\"},\"inLanguage\":\"en-US\",\"potentialAction\":[{\"@type\":\"ReadAction\",\"target\":[\"https:\/\/chimoecheverria.com\/bae34-home\/apollo-pioneer\/\"]}]},{\"@type\":\"BreadcrumbList\",\"@id\":\"https:\/\/chimoecheverria.com\/bae34-home\/apollo-pioneer\/#breadcrumb\",\"itemListElement\":[{\"@type\":\"ListItem\",\"position\":1,\"name\":\"Portada\",\"item\":\"https:\/\/chimoecheverria.com\/\"},{\"@type\":\"ListItem\",\"position\":2,\"name\":\"Home\",\"item\":\"https:\/\/chimoecheverria.com\/\"},{\"@type\":\"ListItem\",\"position\":3,\"name\":\"Apollo Pioneer\"}]},{\"@type\":\"WebSite\",\"@id\":\"https:\/\/chimoecheverria.com\/#website\",\"url\":\"https:\/\/chimoecheverria.com\/\",\"name\":\"Chimo Echeverr\u00eda\",\"description\":\"Composer &amp; Sound Designer\",\"potentialAction\":[{\"@type\":\"SearchAction\",\"target\":{\"@type\":\"EntryPoint\",\"urlTemplate\":\"https:\/\/chimoecheverria.com\/?s={search_term_string}\"},\"query-input\":\"required name=search_term_string\"}],\"inLanguage\":\"en-US\"}]}<\/script>\n<!-- \/ Yoast SEO plugin. -->","yoast_head_json":{"title":"Apollo Pioneer - Chimo Echeverr\u00eda","robots":{"index":"index","follow":"follow","max-snippet":"max-snippet:-1","max-image-preview":"max-image-preview:large","max-video-preview":"max-video-preview:-1"},"canonical":"https:\/\/chimoecheverria.com\/en\/bae34-home\/apollo-pioneer\/","og_locale":"en_US","og_type":"article","og_title":"Apollo Pioneer - Chimo Echeverr\u00eda","og_description":"APOLLO PIONEER &#8211; UNIVERSIDADE DA CORU\u00d1A \u00bfTrabajar con Jorge, quitarse la espinita del anterior proyecto inconcluso, volver a participar en un proyecto vinculado un centro educativo de sector de las comunicaciones y encima en UDK? \u00bfCu\u00e1ndo empezamos? Quer\u00edan que me encargase de los efectos sonoros y en cualquier caso lograr cierta ambientaci\u00f3n. De manera que&hellip;&nbsp;Read More &raquo;Apollo Pioneer","og_url":"https:\/\/chimoecheverria.com\/en\/bae34-home\/apollo-pioneer\/","og_site_name":"Chimo Echeverr\u00eda","article_modified_time":"2020-07-20T14:15:24+00:00","twitter_card":"summary_large_image","twitter_misc":{"Est. reading time":"2 minutes"},"schema":{"@context":"https:\/\/schema.org","@graph":[{"@type":"WebPage","@id":"https:\/\/chimoecheverria.com\/bae34-home\/apollo-pioneer\/","url":"https:\/\/chimoecheverria.com\/bae34-home\/apollo-pioneer\/","name":"Apollo Pioneer - Chimo Echeverr\u00eda","isPartOf":{"@id":"https:\/\/chimoecheverria.com\/#website"},"datePublished":"2020-02-01T18:31:44+00:00","dateModified":"2020-07-20T14:15:24+00:00","breadcrumb":{"@id":"https:\/\/chimoecheverria.com\/bae34-home\/apollo-pioneer\/#breadcrumb"},"inLanguage":"en-US","potentialAction":[{"@type":"ReadAction","target":["https:\/\/chimoecheverria.com\/bae34-home\/apollo-pioneer\/"]}]},{"@type":"BreadcrumbList","@id":"https:\/\/chimoecheverria.com\/bae34-home\/apollo-pioneer\/#breadcrumb","itemListElement":[{"@type":"ListItem","position":1,"name":"Portada","item":"https:\/\/chimoecheverria.com\/"},{"@type":"ListItem","position":2,"name":"Home","item":"https:\/\/chimoecheverria.com\/"},{"@type":"ListItem","position":3,"name":"Apollo Pioneer"}]},{"@type":"WebSite","@id":"https:\/\/chimoecheverria.com\/#website","url":"https:\/\/chimoecheverria.com\/","name":"Chimo Echeverr\u00eda","description":"Composer &amp; Sound Designer","potentialAction":[{"@type":"SearchAction","target":{"@type":"EntryPoint","urlTemplate":"https:\/\/chimoecheverria.com\/?s={search_term_string}"},"query-input":"required name=search_term_string"}],"inLanguage":"en-US"}]}},"_links":{"self":[{"href":"https:\/\/chimoecheverria.com\/en\/wp-json\/wp\/v2\/pages\/4034"}],"collection":[{"href":"https:\/\/chimoecheverria.com\/en\/wp-json\/wp\/v2\/pages"}],"about":[{"href":"https:\/\/chimoecheverria.com\/en\/wp-json\/wp\/v2\/types\/page"}],"author":[{"embeddable":true,"href":"https:\/\/chimoecheverria.com\/en\/wp-json\/wp\/v2\/users\/1"}],"replies":[{"embeddable":true,"href":"https:\/\/chimoecheverria.com\/en\/wp-json\/wp\/v2\/comments?post=4034"}],"version-history":[{"count":21,"href":"https:\/\/chimoecheverria.com\/en\/wp-json\/wp\/v2\/pages\/4034\/revisions"}],"predecessor-version":[{"id":5106,"href":"https:\/\/chimoecheverria.com\/en\/wp-json\/wp\/v2\/pages\/4034\/revisions\/5106"}],"up":[{"embeddable":true,"href":"https:\/\/chimoecheverria.com\/en\/wp-json\/wp\/v2\/pages\/9"}],"wp:attachment":[{"href":"https:\/\/chimoecheverria.com\/en\/wp-json\/wp\/v2\/media?parent=4034"}],"curies":[{"name":"wp","href":"https:\/\/api.w.org\/{rel}","templated":true}]}}