{"id":4437,"date":"2020-02-13T15:40:24","date_gmt":"2020-02-13T14:40:24","guid":{"rendered":"http:\/\/chimoecheverria.com\/?page_id=4437"},"modified":"2020-07-19T12:27:30","modified_gmt":"2020-07-19T10:27:30","slug":"cortometraje-unidos-para-siempre","status":"publish","type":"page","link":"https:\/\/chimoecheverria.com\/en\/bae34-home\/cortometraje-unidos-para-siempre\/","title":{"rendered":"Cortometraje: Unidos Para Siempre"},"content":{"rendered":"<div data-elementor-type=\"wp-page\" data-elementor-id=\"4437\" class=\"elementor elementor-4437\">\n\t\t\t\t\t\t<section class=\"elementor-section elementor-top-section elementor-element elementor-element-237c5a83 elementor-section-boxed elementor-section-height-default elementor-section-height-default\" data-id=\"237c5a83\" data-element_type=\"section\" data-settings=\"{&quot;background_background&quot;:&quot;gradient&quot;}\">\n\t\t\t\t\t\t<div class=\"elementor-container elementor-column-gap-default\">\n\t\t\t\t\t<div class=\"elementor-column elementor-col-100 elementor-top-column elementor-element elementor-element-321b0c71\" data-id=\"321b0c71\" data-element_type=\"column\">\n\t\t\t<div class=\"elementor-widget-wrap elementor-element-populated\">\n\t\t\t\t\t\t<div class=\"elementor-element elementor-element-56c55b8 elementor-widget elementor-widget-heading\" data-id=\"56c55b8\" data-element_type=\"widget\" data-widget_type=\"heading.default\">\n\t\t\t\t<div class=\"elementor-widget-container\">\n\t\t\t<h2 class=\"elementor-heading-title elementor-size-default\"><br><br>SHORT FILM: UNIDOS PARA SIEMPRE<\/h2>\t\t<\/div>\n\t\t\t\t<\/div>\n\t\t\t\t<div class=\"elementor-element elementor-element-bd77ca1 elementor-widget elementor-widget-video\" data-id=\"bd77ca1\" data-element_type=\"widget\" data-settings=\"{&quot;youtube_url&quot;:&quot;https:\\\/\\\/www.youtube.com\\\/watch?v=iKLjlJQgLjQ&amp;feature=youtu.be&quot;,&quot;video_type&quot;:&quot;youtube&quot;,&quot;controls&quot;:&quot;yes&quot;}\" data-widget_type=\"video.default\">\n\t\t\t\t<div class=\"elementor-widget-container\">\n\t\t\t\t\t<div class=\"elementor-wrapper elementor-open-inline\">\n\t\t\t<div class=\"elementor-video\"><\/div>\t\t<\/div>\n\t\t\t\t<\/div>\n\t\t\t\t<\/div>\n\t\t\t\t<div class=\"elementor-element elementor-element-672ee72 elementor-widget elementor-widget-text-editor\" data-id=\"672ee72\" data-element_type=\"widget\" data-widget_type=\"text-editor.default\">\n\t\t\t\t<div class=\"elementor-widget-container\">\n\t\t\t\t\t\t\t<p><span style=\"color: #ebe6e6; font-family: -apple-system, system-ui, system-ui, 'Segoe UI', Roboto, 'Helvetica Neue', 'Fira Sans', Ubuntu, Oxygen, 'Oxygen Sans', Cantarell, 'Droid Sans', 'Apple Color Emoji', 'Segoe UI Emoji', 'Segoe UI Symbol', 'Lucida Grande', Helvetica, Arial, sans-serif; font-size: 14px;\">I have a great interest in participating in film productions I and I have dedicated a good part of my time to training for it. Courses, workshops, reading and practices in various styles have been present from the beginning in my activity as a composer. Nor have I lost the opportunity to compose to sound animations, intros or any material that requires music adapted to the image<\/span><br style=\"box-sizing: inherit; color: rgba(0, 0, 0, 0.9); font-family: -apple-system, system-ui, system-ui, 'Segoe UI', Roboto, 'Helvetica Neue', 'Fira Sans', Ubuntu, Oxygen, 'Oxygen Sans', Cantarell, 'Droid Sans', 'Apple Color Emoji', 'Segoe UI Emoji', 'Segoe UI Symbol', 'Lucida Grande', Helvetica, Arial, sans-serif; font-size: 14px;\" \/><br style=\"box-sizing: inherit; color: rgba(0, 0, 0, 0.9); font-family: -apple-system, system-ui, system-ui, 'Segoe UI', Roboto, 'Helvetica Neue', 'Fira Sans', Ubuntu, Oxygen, 'Oxygen Sans', Cantarell, 'Droid Sans', 'Apple Color Emoji', 'Segoe UI Emoji', 'Segoe UI Symbol', 'Lucida Grande', Helvetica, Arial, sans-serif; font-size: 14px;\" \/><span style=\"color: #ebe6e6; font-family: -apple-system, system-ui, system-ui, 'Segoe UI', Roboto, 'Helvetica Neue', 'Fira Sans', Ubuntu, Oxygen, 'Oxygen Sans', Cantarell, 'Droid Sans', 'Apple Color Emoji', 'Segoe UI Emoji', 'Segoe UI Symbol', 'Lucida Grande', Helvetica, Arial, sans-serif; font-size: 14px;\"><em>Unidos para Siempre<\/em> 2018) is a very disturbing horror short film, in which the supernatural is mixed with the psychological.<\/span><br style=\"box-sizing: inherit; color: rgba(0, 0, 0, 0.9); font-family: -apple-system, system-ui, system-ui, 'Segoe UI', Roboto, 'Helvetica Neue', 'Fira Sans', Ubuntu, Oxygen, 'Oxygen Sans', Cantarell, 'Droid Sans', 'Apple Color Emoji', 'Segoe UI Emoji', 'Segoe UI Symbol', 'Lucida Grande', Helvetica, Arial, sans-serif; font-size: 14px;\" \/><br style=\"box-sizing: inherit; color: rgba(0, 0, 0, 0.9); font-family: -apple-system, system-ui, system-ui, 'Segoe UI', Roboto, 'Helvetica Neue', 'Fira Sans', Ubuntu, Oxygen, 'Oxygen Sans', Cantarell, 'Droid Sans', 'Apple Color Emoji', 'Segoe UI Emoji', 'Segoe UI Symbol', 'Lucida Grande', Helvetica, Arial, sans-serif; font-size: 14px;\" \/><span style=\"color: #ebe6e6; font-family: -apple-system, system-ui, system-ui, 'Segoe UI', Roboto, 'Helvetica Neue', 'Fira Sans', Ubuntu, Oxygen, 'Oxygen Sans', Cantarell, 'Droid Sans', 'Apple Color Emoji', 'Segoe UI Emoji', 'Segoe UI Symbol', 'Lucida Grande', Helvetica, Arial, sans-serif; font-size: 14px;\">I worked with Nacho in the composition of his soundtrack in a very close way. He was very clear about what he wanted to achieve on a conceptual level and we got to sit down together to work on the score on several occasions. It was unusual for me, as I am very used to interacting with who I work with, receiving criticism and iterating over it, but I have never composed with the interested party in front, receiving and responding to that feedback so immediately.<\/span><br style=\"box-sizing: inherit; color: rgba(0, 0, 0, 0.9); font-family: -apple-system, system-ui, system-ui, 'Segoe UI', Roboto, 'Helvetica Neue', 'Fira Sans', Ubuntu, Oxygen, 'Oxygen Sans', Cantarell, 'Droid Sans', 'Apple Color Emoji', 'Segoe UI Emoji', 'Segoe UI Symbol', 'Lucida Grande', Helvetica, Arial, sans-serif; font-size: 14px;\" \/><br style=\"box-sizing: inherit; color: rgba(0, 0, 0, 0.9); font-family: -apple-system, system-ui, system-ui, 'Segoe UI', Roboto, 'Helvetica Neue', 'Fira Sans', Ubuntu, Oxygen, 'Oxygen Sans', Cantarell, 'Droid Sans', 'Apple Color Emoji', 'Segoe UI Emoji', 'Segoe UI Symbol', 'Lucida Grande', Helvetica, Arial, sans-serif; font-size: 14px;\" \/><span style=\"color: #ebe6e6; font-family: -apple-system, system-ui, system-ui, 'Segoe UI', Roboto, 'Helvetica Neue', 'Fira Sans', Ubuntu, Oxygen, 'Oxygen Sans', Cantarell, 'Droid Sans', 'Apple Color Emoji', 'Segoe UI Emoji', 'Segoe UI Symbol', 'Lucida Grande', Helvetica, Arial, sans-serif; font-size: 14px;\">It is true that this work was carried out based on a fairly mature proposal, but without a doubt the influence of this process is there and can be heard.<\/span><br style=\"box-sizing: inherit; color: rgba(0, 0, 0, 0.9); font-family: -apple-system, system-ui, system-ui, 'Segoe UI', Roboto, 'Helvetica Neue', 'Fira Sans', Ubuntu, Oxygen, 'Oxygen Sans', Cantarell, 'Droid Sans', 'Apple Color Emoji', 'Segoe UI Emoji', 'Segoe UI Symbol', 'Lucida Grande', Helvetica, Arial, sans-serif; font-size: 14px;\" \/><br style=\"box-sizing: inherit; color: rgba(0, 0, 0, 0.9); font-family: -apple-system, system-ui, system-ui, 'Segoe UI', Roboto, 'Helvetica Neue', 'Fira Sans', Ubuntu, Oxygen, 'Oxygen Sans', Cantarell, 'Droid Sans', 'Apple Color Emoji', 'Segoe UI Emoji', 'Segoe UI Symbol', 'Lucida Grande', Helvetica, Arial, sans-serif; font-size: 14px;\" \/><span style=\"color: #ebe6e6; font-family: -apple-system, system-ui, system-ui, 'Segoe UI', Roboto, 'Helvetica Neue', 'Fira Sans', Ubuntu, Oxygen, 'Oxygen Sans', Cantarell, 'Droid Sans', 'Apple Color Emoji', 'Segoe UI Emoji', 'Segoe UI Symbol', 'Lucida Grande', Helvetica, Arial, sans-serif; font-size: 14px;\">I also participated in the sound postproduction of the short film.<\/span><br style=\"box-sizing: inherit; color: rgba(0, 0, 0, 0.9); font-family: -apple-system, system-ui, system-ui, 'Segoe UI', Roboto, 'Helvetica Neue', 'Fira Sans', Ubuntu, Oxygen, 'Oxygen Sans', Cantarell, 'Droid Sans', 'Apple Color Emoji', 'Segoe UI Emoji', 'Segoe UI Symbol', 'Lucida Grande', Helvetica, Arial, sans-serif; font-size: 14px;\" \/><br style=\"box-sizing: inherit; color: rgba(0, 0, 0, 0.9); font-family: -apple-system, system-ui, system-ui, 'Segoe UI', Roboto, 'Helvetica Neue', 'Fira Sans', Ubuntu, Oxygen, 'Oxygen Sans', Cantarell, 'Droid Sans', 'Apple Color Emoji', 'Segoe UI Emoji', 'Segoe UI Symbol', 'Lucida Grande', Helvetica, Arial, sans-serif; font-size: 14px;\" \/><span style=\"color: #ebe6e6; font-family: -apple-system, system-ui, system-ui, 'Segoe UI', Roboto, 'Helvetica Neue', 'Fira Sans', Ubuntu, Oxygen, 'Oxygen Sans', Cantarell, 'Droid Sans', 'Apple Color Emoji', 'Segoe UI Emoji', 'Segoe UI Symbol', 'Lucida Grande', Helvetica, Arial, sans-serif; font-size: 14px;\">The short has been submitted to various competitions, but is not currently openly published.<\/span><br style=\"box-sizing: inherit; color: rgba(0, 0, 0, 0.9); font-family: -apple-system, system-ui, system-ui, 'Segoe UI', Roboto, 'Helvetica Neue', 'Fira Sans', Ubuntu, Oxygen, 'Oxygen Sans', Cantarell, 'Droid Sans', 'Apple Color Emoji', 'Segoe UI Emoji', 'Segoe UI Symbol', 'Lucida Grande', Helvetica, Arial, sans-serif; font-size: 14px;\" \/><br style=\"box-sizing: inherit; color: rgba(0, 0, 0, 0.9); font-family: -apple-system, system-ui, system-ui, 'Segoe UI', Roboto, 'Helvetica Neue', 'Fira Sans', Ubuntu, Oxygen, 'Oxygen Sans', Cantarell, 'Droid Sans', 'Apple Color Emoji', 'Segoe UI Emoji', 'Segoe UI Symbol', 'Lucida Grande', Helvetica, Arial, sans-serif; font-size: 14px;\" \/><span style=\"color: #ebe6e6; font-family: -apple-system, system-ui, system-ui, 'Segoe UI', Roboto, 'Helvetica Neue', 'Fira Sans', Ubuntu, Oxygen, 'Oxygen Sans', Cantarell, 'Droid Sans', 'Apple Color Emoji', 'Segoe UI Emoji', 'Segoe UI Symbol', 'Lucida Grande', Helvetica, Arial, sans-serif; font-size: 14px;\">I include links to the trailer and some snippets of sequences and music composed for the short with the permission of the director.<\/span><\/p>\t\t\t\t\t\t<\/div>\n\t\t\t\t<\/div>\n\t\t\t\t<div class=\"elementor-element elementor-element-eadaed0 elementor-widget elementor-widget-video\" data-id=\"eadaed0\" data-element_type=\"widget\" data-settings=\"{&quot;youtube_url&quot;:&quot;https:\\\/\\\/www.youtube.com\\\/watch?v=j41VZo3cCRQ&amp;feature=youtu.be&quot;,&quot;video_type&quot;:&quot;youtube&quot;,&quot;controls&quot;:&quot;yes&quot;}\" data-widget_type=\"video.default\">\n\t\t\t\t<div class=\"elementor-widget-container\">\n\t\t\t\t\t<div class=\"elementor-wrapper elementor-open-inline\">\n\t\t\t<div class=\"elementor-video\"><\/div>\t\t<\/div>\n\t\t\t\t<\/div>\n\t\t\t\t<\/div>\n\t\t\t\t<div class=\"elementor-element elementor-element-c5a2e35 elementor-widget elementor-widget-video\" data-id=\"c5a2e35\" data-element_type=\"widget\" data-settings=\"{&quot;youtube_url&quot;:&quot;https:\\\/\\\/www.youtube.com\\\/watch?v=gTGQ_CXwdNo&amp;feature=youtu.be&quot;,&quot;video_type&quot;:&quot;youtube&quot;,&quot;controls&quot;:&quot;yes&quot;}\" data-widget_type=\"video.default\">\n\t\t\t\t<div class=\"elementor-widget-container\">\n\t\t\t\t\t<div class=\"elementor-wrapper elementor-open-inline\">\n\t\t\t<div class=\"elementor-video\"><\/div>\t\t<\/div>\n\t\t\t\t<\/div>\n\t\t\t\t<\/div>\n\t\t\t\t<div class=\"elementor-element elementor-element-54ce4b0 elementor-widget elementor-widget-text-editor\" data-id=\"54ce4b0\" data-element_type=\"widget\" data-widget_type=\"text-editor.default\">\n\t\t\t\t<div class=\"elementor-widget-container\">\n\t\t\t\t\t\t\t<p><span style=\"color: #ebebeb; font-family: -apple-system, system-ui, system-ui, 'Segoe UI', Roboto, 'Helvetica Neue', 'Fira Sans', Ubuntu, Oxygen, 'Oxygen Sans', Cantarell, 'Droid Sans', 'Apple Color Emoji', 'Segoe UI Emoji', 'Segoe UI Symbol', 'Lucida Grande', Helvetica, Arial, sans-serif; font-size: 14px;\">With <em>Unidos para Siempre<\/em> I sign my first job as a music composer in a short film.<\/span><\/p>\t\t\t\t\t\t<\/div>\n\t\t\t\t<\/div>\n\t\t\t\t\t<\/div>\n\t\t<\/div>\n\t\t\t\t\t<\/div>\n\t\t<\/section>\n\t\t\t\t<\/div>","protected":false},"excerpt":{"rendered":"<p>CORTOMETRAJE: UNIDOS PARA SIEMPRE https:\/\/www.youtube.com\/watch?v=iKLjlJQgLjQ&#038;feature=youtu.be Mi inter\u00e9s por participar con mi m\u00fasica en producciones cinematogr\u00e1ficas es muy grande y he dedicado buena parte de mi tiempo a formarme para ello. Cursos, talleres, lectura y pr\u00e1cticas en diversos estilos han estado presentes desde el principio en mi actividad como compositor. Tampoco he perdido la oportunidad de&hellip;&nbsp;<a href=\"https:\/\/chimoecheverria.com\/en\/bae34-home\/cortometraje-unidos-para-siempre\/\" class=\"\" rel=\"bookmark\">Read More &raquo;<span class=\"screen-reader-text\">Cortometraje: Unidos Para Siempre<\/span><\/a><\/p>","protected":false},"author":1,"featured_media":0,"parent":9,"menu_order":0,"comment_status":"closed","ping_status":"closed","template":"","meta":{"neve_meta_sidebar":"full-width","neve_meta_container":"full-width","neve_meta_enable_content_width":"on","neve_meta_content_width":100,"neve_meta_title_alignment":"","neve_meta_author_avatar":"","neve_post_elements_order":"","neve_meta_disable_header":"","neve_meta_disable_footer":"","neve_meta_disable_title":"on"},"yoast_head":"<!-- This site is optimized with the Yoast SEO plugin v20.8 - https:\/\/yoast.com\/wordpress\/plugins\/seo\/ -->\n<title>Cortometraje: Unidos Para Siempre - Chimo Echeverr\u00eda<\/title>\n<meta name=\"robots\" content=\"index, follow, max-snippet:-1, max-image-preview:large, max-video-preview:-1\" \/>\n<link rel=\"canonical\" href=\"https:\/\/chimoecheverria.com\/en\/bae34-home\/cortometraje-unidos-para-siempre\/\" \/>\n<meta property=\"og:locale\" content=\"en_US\" \/>\n<meta property=\"og:type\" content=\"article\" \/>\n<meta property=\"og:title\" content=\"Cortometraje: Unidos Para Siempre - Chimo Echeverr\u00eda\" \/>\n<meta property=\"og:description\" content=\"CORTOMETRAJE: UNIDOS PARA SIEMPRE https:\/\/www.youtube.com\/watch?v=iKLjlJQgLjQ&#038;feature=youtu.be Mi inter\u00e9s por participar con mi m\u00fasica en producciones cinematogr\u00e1ficas es muy grande y he dedicado buena parte de mi tiempo a formarme para ello. Cursos, talleres, lectura y pr\u00e1cticas en diversos estilos han estado presentes desde el principio en mi actividad como compositor. Tampoco he perdido la oportunidad de&hellip;&nbsp;Read More &raquo;Cortometraje: Unidos Para Siempre\" \/>\n<meta property=\"og:url\" content=\"https:\/\/chimoecheverria.com\/en\/bae34-home\/cortometraje-unidos-para-siempre\/\" \/>\n<meta property=\"og:site_name\" content=\"Chimo Echeverr\u00eda\" \/>\n<meta property=\"article:modified_time\" content=\"2020-07-19T10:27:30+00:00\" \/>\n<meta name=\"twitter:card\" content=\"summary_large_image\" \/>\n<meta name=\"twitter:label1\" content=\"Est. reading time\" \/>\n\t<meta name=\"twitter:data1\" content=\"2 minutes\" \/>\n<script type=\"application\/ld+json\" class=\"yoast-schema-graph\">{\"@context\":\"https:\/\/schema.org\",\"@graph\":[{\"@type\":\"WebPage\",\"@id\":\"https:\/\/chimoecheverria.com\/bae34-home\/cortometraje-unidos-para-siempre\/\",\"url\":\"https:\/\/chimoecheverria.com\/bae34-home\/cortometraje-unidos-para-siempre\/\",\"name\":\"Cortometraje: Unidos Para Siempre - Chimo Echeverr\u00eda\",\"isPartOf\":{\"@id\":\"https:\/\/chimoecheverria.com\/#website\"},\"datePublished\":\"2020-02-13T14:40:24+00:00\",\"dateModified\":\"2020-07-19T10:27:30+00:00\",\"breadcrumb\":{\"@id\":\"https:\/\/chimoecheverria.com\/bae34-home\/cortometraje-unidos-para-siempre\/#breadcrumb\"},\"inLanguage\":\"en-US\",\"potentialAction\":[{\"@type\":\"ReadAction\",\"target\":[\"https:\/\/chimoecheverria.com\/bae34-home\/cortometraje-unidos-para-siempre\/\"]}]},{\"@type\":\"BreadcrumbList\",\"@id\":\"https:\/\/chimoecheverria.com\/bae34-home\/cortometraje-unidos-para-siempre\/#breadcrumb\",\"itemListElement\":[{\"@type\":\"ListItem\",\"position\":1,\"name\":\"Portada\",\"item\":\"https:\/\/chimoecheverria.com\/\"},{\"@type\":\"ListItem\",\"position\":2,\"name\":\"Home\",\"item\":\"https:\/\/chimoecheverria.com\/\"},{\"@type\":\"ListItem\",\"position\":3,\"name\":\"Cortometraje: Unidos Para Siempre\"}]},{\"@type\":\"WebSite\",\"@id\":\"https:\/\/chimoecheverria.com\/#website\",\"url\":\"https:\/\/chimoecheverria.com\/\",\"name\":\"Chimo Echeverr\u00eda\",\"description\":\"Composer &amp; Sound Designer\",\"potentialAction\":[{\"@type\":\"SearchAction\",\"target\":{\"@type\":\"EntryPoint\",\"urlTemplate\":\"https:\/\/chimoecheverria.com\/?s={search_term_string}\"},\"query-input\":\"required name=search_term_string\"}],\"inLanguage\":\"en-US\"}]}<\/script>\n<!-- \/ Yoast SEO plugin. -->","yoast_head_json":{"title":"Cortometraje: Unidos Para Siempre - Chimo Echeverr\u00eda","robots":{"index":"index","follow":"follow","max-snippet":"max-snippet:-1","max-image-preview":"max-image-preview:large","max-video-preview":"max-video-preview:-1"},"canonical":"https:\/\/chimoecheverria.com\/en\/bae34-home\/cortometraje-unidos-para-siempre\/","og_locale":"en_US","og_type":"article","og_title":"Cortometraje: Unidos Para Siempre - Chimo Echeverr\u00eda","og_description":"CORTOMETRAJE: UNIDOS PARA SIEMPRE https:\/\/www.youtube.com\/watch?v=iKLjlJQgLjQ&#038;feature=youtu.be Mi inter\u00e9s por participar con mi m\u00fasica en producciones cinematogr\u00e1ficas es muy grande y he dedicado buena parte de mi tiempo a formarme para ello. Cursos, talleres, lectura y pr\u00e1cticas en diversos estilos han estado presentes desde el principio en mi actividad como compositor. Tampoco he perdido la oportunidad de&hellip;&nbsp;Read More &raquo;Cortometraje: Unidos Para Siempre","og_url":"https:\/\/chimoecheverria.com\/en\/bae34-home\/cortometraje-unidos-para-siempre\/","og_site_name":"Chimo Echeverr\u00eda","article_modified_time":"2020-07-19T10:27:30+00:00","twitter_card":"summary_large_image","twitter_misc":{"Est. reading time":"2 minutes"},"schema":{"@context":"https:\/\/schema.org","@graph":[{"@type":"WebPage","@id":"https:\/\/chimoecheverria.com\/bae34-home\/cortometraje-unidos-para-siempre\/","url":"https:\/\/chimoecheverria.com\/bae34-home\/cortometraje-unidos-para-siempre\/","name":"Cortometraje: Unidos Para Siempre - Chimo Echeverr\u00eda","isPartOf":{"@id":"https:\/\/chimoecheverria.com\/#website"},"datePublished":"2020-02-13T14:40:24+00:00","dateModified":"2020-07-19T10:27:30+00:00","breadcrumb":{"@id":"https:\/\/chimoecheverria.com\/bae34-home\/cortometraje-unidos-para-siempre\/#breadcrumb"},"inLanguage":"en-US","potentialAction":[{"@type":"ReadAction","target":["https:\/\/chimoecheverria.com\/bae34-home\/cortometraje-unidos-para-siempre\/"]}]},{"@type":"BreadcrumbList","@id":"https:\/\/chimoecheverria.com\/bae34-home\/cortometraje-unidos-para-siempre\/#breadcrumb","itemListElement":[{"@type":"ListItem","position":1,"name":"Portada","item":"https:\/\/chimoecheverria.com\/"},{"@type":"ListItem","position":2,"name":"Home","item":"https:\/\/chimoecheverria.com\/"},{"@type":"ListItem","position":3,"name":"Cortometraje: Unidos Para Siempre"}]},{"@type":"WebSite","@id":"https:\/\/chimoecheverria.com\/#website","url":"https:\/\/chimoecheverria.com\/","name":"Chimo Echeverr\u00eda","description":"Composer &amp; Sound Designer","potentialAction":[{"@type":"SearchAction","target":{"@type":"EntryPoint","urlTemplate":"https:\/\/chimoecheverria.com\/?s={search_term_string}"},"query-input":"required name=search_term_string"}],"inLanguage":"en-US"}]}},"_links":{"self":[{"href":"https:\/\/chimoecheverria.com\/en\/wp-json\/wp\/v2\/pages\/4437"}],"collection":[{"href":"https:\/\/chimoecheverria.com\/en\/wp-json\/wp\/v2\/pages"}],"about":[{"href":"https:\/\/chimoecheverria.com\/en\/wp-json\/wp\/v2\/types\/page"}],"author":[{"embeddable":true,"href":"https:\/\/chimoecheverria.com\/en\/wp-json\/wp\/v2\/users\/1"}],"replies":[{"embeddable":true,"href":"https:\/\/chimoecheverria.com\/en\/wp-json\/wp\/v2\/comments?post=4437"}],"version-history":[{"count":18,"href":"https:\/\/chimoecheverria.com\/en\/wp-json\/wp\/v2\/pages\/4437\/revisions"}],"predecessor-version":[{"id":5092,"href":"https:\/\/chimoecheverria.com\/en\/wp-json\/wp\/v2\/pages\/4437\/revisions\/5092"}],"up":[{"embeddable":true,"href":"https:\/\/chimoecheverria.com\/en\/wp-json\/wp\/v2\/pages\/9"}],"wp:attachment":[{"href":"https:\/\/chimoecheverria.com\/en\/wp-json\/wp\/v2\/media?parent=4437"}],"curies":[{"name":"wp","href":"https:\/\/api.w.org\/{rel}","templated":true}]}}