{"id":4455,"date":"2020-02-13T20:11:56","date_gmt":"2020-02-13T19:11:56","guid":{"rendered":"http:\/\/chimoecheverria.com\/?page_id=4455"},"modified":"2020-04-30T13:51:51","modified_gmt":"2020-04-30T11:51:51","slug":"flamys-roulette","status":"publish","type":"page","link":"https:\/\/chimoecheverria.com\/en\/bae34-home\/flamys-roulette\/","title":{"rendered":"Flamy\u00b4s Roulette"},"content":{"rendered":"<div data-elementor-type=\"wp-page\" data-elementor-id=\"4455\" class=\"elementor elementor-4455\">\n\t\t\t\t\t\t<section class=\"elementor-section elementor-top-section elementor-element elementor-element-c293ac0 elementor-section-boxed elementor-section-height-default elementor-section-height-default\" data-id=\"c293ac0\" data-element_type=\"section\" data-settings=\"{&quot;background_background&quot;:&quot;gradient&quot;}\">\n\t\t\t\t\t\t<div class=\"elementor-container elementor-column-gap-default\">\n\t\t\t\t\t<div class=\"elementor-column elementor-col-100 elementor-top-column elementor-element elementor-element-6fba0e76\" data-id=\"6fba0e76\" data-element_type=\"column\">\n\t\t\t<div class=\"elementor-widget-wrap elementor-element-populated\">\n\t\t\t\t\t\t<div class=\"elementor-element elementor-element-9a3cd1f elementor-widget elementor-widget-heading\" data-id=\"9a3cd1f\" data-element_type=\"widget\" data-widget_type=\"heading.default\">\n\t\t\t\t<div class=\"elementor-widget-container\">\n\t\t\t<h2 class=\"elementor-heading-title elementor-size-default\">FLAMY\u00b4S ROULETTE<\/h2>\t\t<\/div>\n\t\t\t\t<\/div>\n\t\t\t\t<div class=\"elementor-element elementor-element-bb48583 elementor-widget elementor-widget-text-editor\" data-id=\"bb48583\" data-element_type=\"widget\" data-widget_type=\"text-editor.default\">\n\t\t\t\t<div class=\"elementor-widget-container\">\n\t\t\t\t\t\t\t<h3 style=\"text-align: center;\">Flammy\u00b4s Roulette &#8211; R. Franco DIGITAL<\/h3>\t\t\t\t\t\t<\/div>\n\t\t\t\t<\/div>\n\t\t\t\t<div class=\"elementor-element elementor-element-227b10e elementor-widget elementor-widget-video\" data-id=\"227b10e\" data-element_type=\"widget\" data-settings=\"{&quot;youtube_url&quot;:&quot;https:\\\/\\\/www.youtube.com\\\/watch?v=7jlnpEPNh7c&amp;feature=youtu.be&quot;,&quot;video_type&quot;:&quot;youtube&quot;,&quot;controls&quot;:&quot;yes&quot;}\" data-widget_type=\"video.default\">\n\t\t\t\t<div class=\"elementor-widget-container\">\n\t\t\t\t\t<div class=\"elementor-wrapper elementor-open-inline\">\n\t\t\t<div class=\"elementor-video\"><\/div>\t\t<\/div>\n\t\t\t\t<\/div>\n\t\t\t\t<\/div>\n\t\t\t\t<div class=\"elementor-element elementor-element-3e1746 elementor-widget elementor-widget-text-editor\" data-id=\"3e1746\" data-element_type=\"widget\" data-widget_type=\"text-editor.default\">\n\t\t\t\t<div class=\"elementor-widget-container\">\n\t\t\t\t\t\t\t<!-- wp:themeisle-blocks\/advanced-columns {\"id\":\"wp-block-themeisle-blocks-advanced-columns-50230a96\"} -->\n<div class=\"wp-block-themeisle-blocks-advanced-columns has-undefined-columns has-desktop-undefined-layout has-tablet-equal-layout has-mobile-equal-layout has-default-gap has-vertical-unset\" id=\"wp-block-themeisle-blocks-advanced-columns-50230a96\" style=\"border-width:0px;border-style:solid;border-color:#000000;border-radius:0px;justify-content:unset\"><div class=\"wp-themeisle-block-overlay\" style=\"opacity:0.5;mix-blend-mode:normal\"><\/div><div class=\"innerblocks-wrap\"><\/div><\/div>\n<!-- \/wp:themeisle-blocks\/advanced-columns -->\t\t\t\t\t\t<\/div>\n\t\t\t\t<\/div>\n\t\t\t\t<div class=\"elementor-element elementor-element-a94c602 elementor-widget elementor-widget-text-editor\" data-id=\"a94c602\" data-element_type=\"widget\" data-widget_type=\"text-editor.default\">\n\t\t\t\t<div class=\"elementor-widget-container\">\n\t\t\t\t\t\t\t<p><span style=\"color: #000000;\">Recreativos Franco is a prosperous Spanish company with a long history that began its journey in the arcade and betting machine business in 1965. It is practically impossible to have grown up in Spain without having seen its machines in action.<\/span><\/p>\n<p><span style=\"color: #000000;\">Although this type of machine still has its users, the company has managed to adapt to the new online business model.<\/span><\/p>\n<p><span style=\"color: #000000;\">A specific department, directed at that time by Miguel \u00c1ngel L\u00e1zaro for these purposes, wanted to have the support of several external musicians for some of his projects and I had the opportunity to be one of them.<\/span><\/p>\n<p><span style=\"color: #000000; background-color: transparent;\">My position in this project was that of composer and sound designer of the soundtrack of a 40-second promotional animation video in which I endeavored to integrate some of the game's own musical and sound effects into my composition.<\/span><\/p>\n<p><span style=\"color: #000000;\">Working with R. Franco's fabulous team was a great opportunity to grow as a sound designer and gain experience in the world of animation.<\/span><\/p>\t\t\t\t\t\t<\/div>\n\t\t\t\t<\/div>\n\t\t\t\t\t<\/div>\n\t\t<\/div>\n\t\t\t\t\t<\/div>\n\t\t<\/section>\n\t\t\t\t<\/div>","protected":false},"excerpt":{"rendered":"<p>FLAMY\u00b4S ROULETTE Flammy\u00b4s Roulette &#8211; R. Franco DIGITAL https:\/\/www.youtube.com\/watch?v=7jlnpEPNh7c&#038;feature=youtu.be Recreativos Franco es una pr\u00f3spera empresa espa\u00f1ola con un enorme recorrido que comienza su andadura en el negocio de la m\u00e1quinas recreativas arcade y de apuestas en 1965. Es pr\u00e1cticamente imposible haber crecido en Espa\u00f1a sin haber visto sus m\u00e1quinas en acci\u00f3n. Aunque este tipo de&hellip;&nbsp;<a href=\"https:\/\/chimoecheverria.com\/en\/bae34-home\/flamys-roulette\/\" class=\"\" rel=\"bookmark\">Read More &raquo;<span class=\"screen-reader-text\">Flamy\u00b4s Roulette<\/span><\/a><\/p>","protected":false},"author":1,"featured_media":0,"parent":9,"menu_order":0,"comment_status":"closed","ping_status":"closed","template":"","meta":{"neve_meta_sidebar":"full-width","neve_meta_container":"full-width","neve_meta_enable_content_width":"on","neve_meta_content_width":100,"neve_meta_title_alignment":"","neve_meta_author_avatar":"","neve_post_elements_order":"","neve_meta_disable_header":"","neve_meta_disable_footer":"","neve_meta_disable_title":"on"},"yoast_head":"<!-- This site is optimized with the Yoast SEO plugin v20.8 - https:\/\/yoast.com\/wordpress\/plugins\/seo\/ -->\n<title>Flamy\u00b4s Roulette - Chimo Echeverr\u00eda<\/title>\n<meta name=\"robots\" content=\"index, follow, max-snippet:-1, max-image-preview:large, max-video-preview:-1\" \/>\n<link rel=\"canonical\" href=\"https:\/\/chimoecheverria.com\/en\/bae34-home\/flamys-roulette\/\" \/>\n<meta property=\"og:locale\" content=\"en_US\" \/>\n<meta property=\"og:type\" content=\"article\" \/>\n<meta property=\"og:title\" content=\"Flamy\u00b4s Roulette - Chimo Echeverr\u00eda\" \/>\n<meta property=\"og:description\" content=\"FLAMY\u00b4S ROULETTE Flammy\u00b4s Roulette &#8211; R. Franco DIGITAL https:\/\/www.youtube.com\/watch?v=7jlnpEPNh7c&#038;feature=youtu.be Recreativos Franco es una pr\u00f3spera empresa espa\u00f1ola con un enorme recorrido que comienza su andadura en el negocio de la m\u00e1quinas recreativas arcade y de apuestas en 1965. Es pr\u00e1cticamente imposible haber crecido en Espa\u00f1a sin haber visto sus m\u00e1quinas en acci\u00f3n. Aunque este tipo de&hellip;&nbsp;Read More &raquo;Flamy\u00b4s Roulette\" \/>\n<meta property=\"og:url\" content=\"https:\/\/chimoecheverria.com\/en\/bae34-home\/flamys-roulette\/\" \/>\n<meta property=\"og:site_name\" content=\"Chimo Echeverr\u00eda\" \/>\n<meta property=\"article:modified_time\" content=\"2020-04-30T11:51:51+00:00\" \/>\n<meta name=\"twitter:card\" content=\"summary_large_image\" \/>\n<meta name=\"twitter:label1\" content=\"Est. reading time\" \/>\n\t<meta name=\"twitter:data1\" content=\"1 minute\" \/>\n<script type=\"application\/ld+json\" class=\"yoast-schema-graph\">{\"@context\":\"https:\/\/schema.org\",\"@graph\":[{\"@type\":\"WebPage\",\"@id\":\"https:\/\/chimoecheverria.com\/bae34-home\/flamys-roulette\/\",\"url\":\"https:\/\/chimoecheverria.com\/bae34-home\/flamys-roulette\/\",\"name\":\"Flamy\u00b4s Roulette - Chimo Echeverr\u00eda\",\"isPartOf\":{\"@id\":\"https:\/\/chimoecheverria.com\/#website\"},\"datePublished\":\"2020-02-13T19:11:56+00:00\",\"dateModified\":\"2020-04-30T11:51:51+00:00\",\"breadcrumb\":{\"@id\":\"https:\/\/chimoecheverria.com\/bae34-home\/flamys-roulette\/#breadcrumb\"},\"inLanguage\":\"en-US\",\"potentialAction\":[{\"@type\":\"ReadAction\",\"target\":[\"https:\/\/chimoecheverria.com\/bae34-home\/flamys-roulette\/\"]}]},{\"@type\":\"BreadcrumbList\",\"@id\":\"https:\/\/chimoecheverria.com\/bae34-home\/flamys-roulette\/#breadcrumb\",\"itemListElement\":[{\"@type\":\"ListItem\",\"position\":1,\"name\":\"Portada\",\"item\":\"https:\/\/chimoecheverria.com\/\"},{\"@type\":\"ListItem\",\"position\":2,\"name\":\"Home\",\"item\":\"https:\/\/chimoecheverria.com\/\"},{\"@type\":\"ListItem\",\"position\":3,\"name\":\"Flamy\u00b4s Roulette\"}]},{\"@type\":\"WebSite\",\"@id\":\"https:\/\/chimoecheverria.com\/#website\",\"url\":\"https:\/\/chimoecheverria.com\/\",\"name\":\"Chimo Echeverr\u00eda\",\"description\":\"Composer &amp; Sound Designer\",\"potentialAction\":[{\"@type\":\"SearchAction\",\"target\":{\"@type\":\"EntryPoint\",\"urlTemplate\":\"https:\/\/chimoecheverria.com\/?s={search_term_string}\"},\"query-input\":\"required name=search_term_string\"}],\"inLanguage\":\"en-US\"}]}<\/script>\n<!-- \/ Yoast SEO plugin. -->","yoast_head_json":{"title":"Flamy\u00b4s Roulette - Chimo Echeverr\u00eda","robots":{"index":"index","follow":"follow","max-snippet":"max-snippet:-1","max-image-preview":"max-image-preview:large","max-video-preview":"max-video-preview:-1"},"canonical":"https:\/\/chimoecheverria.com\/en\/bae34-home\/flamys-roulette\/","og_locale":"en_US","og_type":"article","og_title":"Flamy\u00b4s Roulette - Chimo Echeverr\u00eda","og_description":"FLAMY\u00b4S ROULETTE Flammy\u00b4s Roulette &#8211; R. Franco DIGITAL https:\/\/www.youtube.com\/watch?v=7jlnpEPNh7c&#038;feature=youtu.be Recreativos Franco es una pr\u00f3spera empresa espa\u00f1ola con un enorme recorrido que comienza su andadura en el negocio de la m\u00e1quinas recreativas arcade y de apuestas en 1965. Es pr\u00e1cticamente imposible haber crecido en Espa\u00f1a sin haber visto sus m\u00e1quinas en acci\u00f3n. Aunque este tipo de&hellip;&nbsp;Read More &raquo;Flamy\u00b4s Roulette","og_url":"https:\/\/chimoecheverria.com\/en\/bae34-home\/flamys-roulette\/","og_site_name":"Chimo Echeverr\u00eda","article_modified_time":"2020-04-30T11:51:51+00:00","twitter_card":"summary_large_image","twitter_misc":{"Est. reading time":"1 minute"},"schema":{"@context":"https:\/\/schema.org","@graph":[{"@type":"WebPage","@id":"https:\/\/chimoecheverria.com\/bae34-home\/flamys-roulette\/","url":"https:\/\/chimoecheverria.com\/bae34-home\/flamys-roulette\/","name":"Flamy\u00b4s Roulette - Chimo Echeverr\u00eda","isPartOf":{"@id":"https:\/\/chimoecheverria.com\/#website"},"datePublished":"2020-02-13T19:11:56+00:00","dateModified":"2020-04-30T11:51:51+00:00","breadcrumb":{"@id":"https:\/\/chimoecheverria.com\/bae34-home\/flamys-roulette\/#breadcrumb"},"inLanguage":"en-US","potentialAction":[{"@type":"ReadAction","target":["https:\/\/chimoecheverria.com\/bae34-home\/flamys-roulette\/"]}]},{"@type":"BreadcrumbList","@id":"https:\/\/chimoecheverria.com\/bae34-home\/flamys-roulette\/#breadcrumb","itemListElement":[{"@type":"ListItem","position":1,"name":"Portada","item":"https:\/\/chimoecheverria.com\/"},{"@type":"ListItem","position":2,"name":"Home","item":"https:\/\/chimoecheverria.com\/"},{"@type":"ListItem","position":3,"name":"Flamy\u00b4s Roulette"}]},{"@type":"WebSite","@id":"https:\/\/chimoecheverria.com\/#website","url":"https:\/\/chimoecheverria.com\/","name":"Chimo Echeverr\u00eda","description":"Composer &amp; Sound Designer","potentialAction":[{"@type":"SearchAction","target":{"@type":"EntryPoint","urlTemplate":"https:\/\/chimoecheverria.com\/?s={search_term_string}"},"query-input":"required name=search_term_string"}],"inLanguage":"en-US"}]}},"_links":{"self":[{"href":"https:\/\/chimoecheverria.com\/en\/wp-json\/wp\/v2\/pages\/4455"}],"collection":[{"href":"https:\/\/chimoecheverria.com\/en\/wp-json\/wp\/v2\/pages"}],"about":[{"href":"https:\/\/chimoecheverria.com\/en\/wp-json\/wp\/v2\/types\/page"}],"author":[{"embeddable":true,"href":"https:\/\/chimoecheverria.com\/en\/wp-json\/wp\/v2\/users\/1"}],"replies":[{"embeddable":true,"href":"https:\/\/chimoecheverria.com\/en\/wp-json\/wp\/v2\/comments?post=4455"}],"version-history":[{"count":8,"href":"https:\/\/chimoecheverria.com\/en\/wp-json\/wp\/v2\/pages\/4455\/revisions"}],"predecessor-version":[{"id":4756,"href":"https:\/\/chimoecheverria.com\/en\/wp-json\/wp\/v2\/pages\/4455\/revisions\/4756"}],"up":[{"embeddable":true,"href":"https:\/\/chimoecheverria.com\/en\/wp-json\/wp\/v2\/pages\/9"}],"wp:attachment":[{"href":"https:\/\/chimoecheverria.com\/en\/wp-json\/wp\/v2\/media?parent=4455"}],"curies":[{"name":"wp","href":"https:\/\/api.w.org\/{rel}","templated":true}]}}