{"id":4463,"date":"2020-02-13T20:36:31","date_gmt":"2020-02-13T19:36:31","guid":{"rendered":"http:\/\/chimoecheverria.com\/?page_id=4463"},"modified":"2020-04-30T17:50:05","modified_gmt":"2020-04-30T15:50:05","slug":"shuriken-training","status":"publish","type":"page","link":"https:\/\/chimoecheverria.com\/en\/bae34-home\/shuriken-training\/","title":{"rendered":"Shuriken Training"},"content":{"rendered":"<div data-elementor-type=\"wp-page\" data-elementor-id=\"4463\" class=\"elementor elementor-4463\">\n\t\t\t\t\t\t<section class=\"elementor-section elementor-top-section elementor-element elementor-element-5f7d9af7 elementor-section-boxed elementor-section-height-default elementor-section-height-default\" data-id=\"5f7d9af7\" data-element_type=\"section\" data-settings=\"{&quot;background_background&quot;:&quot;gradient&quot;}\">\n\t\t\t\t\t\t<div class=\"elementor-container elementor-column-gap-default\">\n\t\t\t\t\t<div class=\"elementor-column elementor-col-100 elementor-top-column elementor-element elementor-element-415f9302\" data-id=\"415f9302\" data-element_type=\"column\">\n\t\t\t<div class=\"elementor-widget-wrap elementor-element-populated\">\n\t\t\t\t\t\t<div class=\"elementor-element elementor-element-8a1a6b6 elementor-widget elementor-widget-heading\" data-id=\"8a1a6b6\" data-element_type=\"widget\" data-widget_type=\"heading.default\">\n\t\t\t\t<div class=\"elementor-widget-container\">\n\t\t\t<h2 class=\"elementor-heading-title elementor-size-default\">SHURIKEN TRAINING HD<\/h2>\t\t<\/div>\n\t\t\t\t<\/div>\n\t\t\t\t<div class=\"elementor-element elementor-element-5d1e538 elementor-widget elementor-widget-text-editor\" data-id=\"5d1e538\" data-element_type=\"widget\" data-widget_type=\"text-editor.default\">\n\t\t\t\t<div class=\"elementor-widget-container\">\n\t\t\t\t\t\t\t<h3 style=\"text-align: center;\">SHURIKEN TRAINING &#8211; AX\u00d3UXERE GAMES<\/h3>\t\t\t\t\t\t<\/div>\n\t\t\t\t<\/div>\n\t\t\t\t<div class=\"elementor-element elementor-element-217d3e4 elementor-widget elementor-widget-video\" data-id=\"217d3e4\" data-element_type=\"widget\" data-settings=\"{&quot;youtube_url&quot;:&quot;https:\\\/\\\/www.youtube.com\\\/watch?v=DKiiJ9VDnFY&quot;,&quot;video_type&quot;:&quot;youtube&quot;,&quot;controls&quot;:&quot;yes&quot;}\" data-widget_type=\"video.default\">\n\t\t\t\t<div class=\"elementor-widget-container\">\n\t\t\t\t\t<div class=\"elementor-wrapper elementor-open-inline\">\n\t\t\t<div class=\"elementor-video\"><\/div>\t\t<\/div>\n\t\t\t\t<\/div>\n\t\t\t\t<\/div>\n\t\t\t\t<div class=\"elementor-element elementor-element-b3ebdff elementor-widget elementor-widget-text-editor\" data-id=\"b3ebdff\" data-element_type=\"widget\" data-widget_type=\"text-editor.default\">\n\t\t\t\t<div class=\"elementor-widget-container\">\n\t\t\t\t\t\t\t<p>Shuriken Training in its HD version is a remake of the eponymous game previously published by Ax\u00f3uxere Games in 2012.<br \/><br \/>As a composer in this project I performed various tasks:<br \/><br \/>- Study the reference music of the game itself and others of a similar style.<br \/>- Document the production process.<br \/>- Document the production process.<br \/>- Maintain communication with the team to share and report progress<br \/><br \/>Looking for a modern and energetic result, I added a powerful and distorted electric guitar to the rest of traditional instruments. I think it was an achievement to get all the pieces of music to maintain a coherent style that would facilitate the setting of the transitions between the phases of the game.<br \/><br \/>The game was published in the Google Play Store on April 10, 2014 and having been a satisfactory experience for both parties we repeat participation in the following project.<\/p>\t\t\t\t\t\t<\/div>\n\t\t\t\t<\/div>\n\t\t\t\t\t<\/div>\n\t\t<\/div>\n\t\t\t\t\t<\/div>\n\t\t<\/section>\n\t\t\t\t<\/div>","protected":false},"excerpt":{"rendered":"<p>SHURIKEN TRAINING HD SHURIKEN TRAINING &#8211; AX\u00d3UXERE GAMES Shuriken Training en su versi\u00f3n HD es un remake del juego hom\u00f3nimo anteriormente publicado por Ax\u00f3uxere Games en 2012. Como compositor en este proyecto desempe\u00f1\u00e9 diversas tareas: &#8211; Estudiar la m\u00fasica de referencia del propio juego y otros de estilo similar. &#8211; Componer loops de m\u00fasica de&hellip;&nbsp;<a href=\"https:\/\/chimoecheverria.com\/en\/bae34-home\/shuriken-training\/\" class=\"\" rel=\"bookmark\">Read More &raquo;<span class=\"screen-reader-text\">Shuriken Training<\/span><\/a><\/p>","protected":false},"author":1,"featured_media":0,"parent":9,"menu_order":0,"comment_status":"closed","ping_status":"closed","template":"","meta":{"neve_meta_sidebar":"","neve_meta_container":"full-width","neve_meta_enable_content_width":"on","neve_meta_content_width":100,"neve_meta_title_alignment":"","neve_meta_author_avatar":"","neve_post_elements_order":"","neve_meta_disable_header":"","neve_meta_disable_footer":"","neve_meta_disable_title":"on"},"yoast_head":"<!-- This site is optimized with the Yoast SEO plugin v20.8 - https:\/\/yoast.com\/wordpress\/plugins\/seo\/ -->\n<title>Shuriken Training - Chimo Echeverr\u00eda<\/title>\n<meta name=\"robots\" content=\"index, follow, max-snippet:-1, max-image-preview:large, max-video-preview:-1\" \/>\n<link rel=\"canonical\" href=\"https:\/\/chimoecheverria.com\/en\/bae34-home\/shuriken-training\/\" \/>\n<meta property=\"og:locale\" content=\"en_US\" \/>\n<meta property=\"og:type\" content=\"article\" \/>\n<meta property=\"og:title\" content=\"Shuriken Training - Chimo Echeverr\u00eda\" \/>\n<meta property=\"og:description\" content=\"SHURIKEN TRAINING HD SHURIKEN TRAINING &#8211; AX\u00d3UXERE GAMES Shuriken Training en su versi\u00f3n HD es un remake del juego hom\u00f3nimo anteriormente publicado por Ax\u00f3uxere Games en 2012. Como compositor en este proyecto desempe\u00f1\u00e9 diversas tareas: &#8211; Estudiar la m\u00fasica de referencia del propio juego y otros de estilo similar. &#8211; Componer loops de m\u00fasica de&hellip;&nbsp;Read More &raquo;Shuriken Training\" \/>\n<meta property=\"og:url\" content=\"https:\/\/chimoecheverria.com\/en\/bae34-home\/shuriken-training\/\" \/>\n<meta property=\"og:site_name\" content=\"Chimo Echeverr\u00eda\" \/>\n<meta property=\"article:modified_time\" content=\"2020-04-30T15:50:05+00:00\" \/>\n<meta name=\"twitter:card\" content=\"summary_large_image\" \/>\n<meta name=\"twitter:label1\" content=\"Est. reading time\" \/>\n\t<meta name=\"twitter:data1\" content=\"1 minute\" \/>\n<script type=\"application\/ld+json\" class=\"yoast-schema-graph\">{\"@context\":\"https:\/\/schema.org\",\"@graph\":[{\"@type\":\"WebPage\",\"@id\":\"https:\/\/chimoecheverria.com\/bae34-home\/shuriken-training\/\",\"url\":\"https:\/\/chimoecheverria.com\/bae34-home\/shuriken-training\/\",\"name\":\"Shuriken Training - Chimo Echeverr\u00eda\",\"isPartOf\":{\"@id\":\"https:\/\/chimoecheverria.com\/#website\"},\"datePublished\":\"2020-02-13T19:36:31+00:00\",\"dateModified\":\"2020-04-30T15:50:05+00:00\",\"breadcrumb\":{\"@id\":\"https:\/\/chimoecheverria.com\/bae34-home\/shuriken-training\/#breadcrumb\"},\"inLanguage\":\"en-US\",\"potentialAction\":[{\"@type\":\"ReadAction\",\"target\":[\"https:\/\/chimoecheverria.com\/bae34-home\/shuriken-training\/\"]}]},{\"@type\":\"BreadcrumbList\",\"@id\":\"https:\/\/chimoecheverria.com\/bae34-home\/shuriken-training\/#breadcrumb\",\"itemListElement\":[{\"@type\":\"ListItem\",\"position\":1,\"name\":\"Portada\",\"item\":\"https:\/\/chimoecheverria.com\/\"},{\"@type\":\"ListItem\",\"position\":2,\"name\":\"Home\",\"item\":\"https:\/\/chimoecheverria.com\/\"},{\"@type\":\"ListItem\",\"position\":3,\"name\":\"Shuriken Training\"}]},{\"@type\":\"WebSite\",\"@id\":\"https:\/\/chimoecheverria.com\/#website\",\"url\":\"https:\/\/chimoecheverria.com\/\",\"name\":\"Chimo Echeverr\u00eda\",\"description\":\"Composer &amp; Sound Designer\",\"potentialAction\":[{\"@type\":\"SearchAction\",\"target\":{\"@type\":\"EntryPoint\",\"urlTemplate\":\"https:\/\/chimoecheverria.com\/?s={search_term_string}\"},\"query-input\":\"required name=search_term_string\"}],\"inLanguage\":\"en-US\"}]}<\/script>\n<!-- \/ Yoast SEO plugin. -->","yoast_head_json":{"title":"Shuriken Training - Chimo Echeverr\u00eda","robots":{"index":"index","follow":"follow","max-snippet":"max-snippet:-1","max-image-preview":"max-image-preview:large","max-video-preview":"max-video-preview:-1"},"canonical":"https:\/\/chimoecheverria.com\/en\/bae34-home\/shuriken-training\/","og_locale":"en_US","og_type":"article","og_title":"Shuriken Training - Chimo Echeverr\u00eda","og_description":"SHURIKEN TRAINING HD SHURIKEN TRAINING &#8211; AX\u00d3UXERE GAMES Shuriken Training en su versi\u00f3n HD es un remake del juego hom\u00f3nimo anteriormente publicado por Ax\u00f3uxere Games en 2012. Como compositor en este proyecto desempe\u00f1\u00e9 diversas tareas: &#8211; Estudiar la m\u00fasica de referencia del propio juego y otros de estilo similar. &#8211; Componer loops de m\u00fasica de&hellip;&nbsp;Read More &raquo;Shuriken Training","og_url":"https:\/\/chimoecheverria.com\/en\/bae34-home\/shuriken-training\/","og_site_name":"Chimo Echeverr\u00eda","article_modified_time":"2020-04-30T15:50:05+00:00","twitter_card":"summary_large_image","twitter_misc":{"Est. reading time":"1 minute"},"schema":{"@context":"https:\/\/schema.org","@graph":[{"@type":"WebPage","@id":"https:\/\/chimoecheverria.com\/bae34-home\/shuriken-training\/","url":"https:\/\/chimoecheverria.com\/bae34-home\/shuriken-training\/","name":"Shuriken Training - Chimo Echeverr\u00eda","isPartOf":{"@id":"https:\/\/chimoecheverria.com\/#website"},"datePublished":"2020-02-13T19:36:31+00:00","dateModified":"2020-04-30T15:50:05+00:00","breadcrumb":{"@id":"https:\/\/chimoecheverria.com\/bae34-home\/shuriken-training\/#breadcrumb"},"inLanguage":"en-US","potentialAction":[{"@type":"ReadAction","target":["https:\/\/chimoecheverria.com\/bae34-home\/shuriken-training\/"]}]},{"@type":"BreadcrumbList","@id":"https:\/\/chimoecheverria.com\/bae34-home\/shuriken-training\/#breadcrumb","itemListElement":[{"@type":"ListItem","position":1,"name":"Portada","item":"https:\/\/chimoecheverria.com\/"},{"@type":"ListItem","position":2,"name":"Home","item":"https:\/\/chimoecheverria.com\/"},{"@type":"ListItem","position":3,"name":"Shuriken Training"}]},{"@type":"WebSite","@id":"https:\/\/chimoecheverria.com\/#website","url":"https:\/\/chimoecheverria.com\/","name":"Chimo Echeverr\u00eda","description":"Composer &amp; Sound Designer","potentialAction":[{"@type":"SearchAction","target":{"@type":"EntryPoint","urlTemplate":"https:\/\/chimoecheverria.com\/?s={search_term_string}"},"query-input":"required name=search_term_string"}],"inLanguage":"en-US"}]}},"_links":{"self":[{"href":"https:\/\/chimoecheverria.com\/en\/wp-json\/wp\/v2\/pages\/4463"}],"collection":[{"href":"https:\/\/chimoecheverria.com\/en\/wp-json\/wp\/v2\/pages"}],"about":[{"href":"https:\/\/chimoecheverria.com\/en\/wp-json\/wp\/v2\/types\/page"}],"author":[{"embeddable":true,"href":"https:\/\/chimoecheverria.com\/en\/wp-json\/wp\/v2\/users\/1"}],"replies":[{"embeddable":true,"href":"https:\/\/chimoecheverria.com\/en\/wp-json\/wp\/v2\/comments?post=4463"}],"version-history":[{"count":6,"href":"https:\/\/chimoecheverria.com\/en\/wp-json\/wp\/v2\/pages\/4463\/revisions"}],"predecessor-version":[{"id":4839,"href":"https:\/\/chimoecheverria.com\/en\/wp-json\/wp\/v2\/pages\/4463\/revisions\/4839"}],"up":[{"embeddable":true,"href":"https:\/\/chimoecheverria.com\/en\/wp-json\/wp\/v2\/pages\/9"}],"wp:attachment":[{"href":"https:\/\/chimoecheverria.com\/en\/wp-json\/wp\/v2\/media?parent=4463"}],"curies":[{"name":"wp","href":"https:\/\/api.w.org\/{rel}","templated":true}]}}