{"id":4473,"date":"2020-02-13T20:50:34","date_gmt":"2020-02-13T19:50:34","guid":{"rendered":"http:\/\/chimoecheverria.com\/?page_id=4473"},"modified":"2020-04-30T17:49:11","modified_gmt":"2020-04-30T15:49:11","slug":"desde-el-trono-al-pesebre","status":"publish","type":"page","link":"https:\/\/chimoecheverria.com\/en\/bae34-home\/desde-el-trono-al-pesebre\/","title":{"rendered":"Desde el Trono al Pesebre"},"content":{"rendered":"<div data-elementor-type=\"wp-page\" data-elementor-id=\"4473\" class=\"elementor elementor-4473\">\n\t\t\t\t\t\t<section class=\"elementor-section elementor-top-section elementor-element elementor-element-21567651 elementor-section-boxed elementor-section-height-default elementor-section-height-default\" data-id=\"21567651\" data-element_type=\"section\" data-settings=\"{&quot;background_background&quot;:&quot;classic&quot;}\">\n\t\t\t\t\t\t<div class=\"elementor-container elementor-column-gap-default\">\n\t\t\t\t\t<div class=\"elementor-column elementor-col-100 elementor-top-column elementor-element elementor-element-a3e456b\" data-id=\"a3e456b\" data-element_type=\"column\">\n\t\t\t<div class=\"elementor-widget-wrap elementor-element-populated\">\n\t\t\t\t\t\t<div class=\"elementor-element elementor-element-dddff19 elementor-widget elementor-widget-heading\" data-id=\"dddff19\" data-element_type=\"widget\" data-widget_type=\"heading.default\">\n\t\t\t\t<div class=\"elementor-widget-container\">\n\t\t\t<h2 class=\"elementor-heading-title elementor-size-default\">DESDE EL TRONO AL PESEBRE<\/h2>\t\t<\/div>\n\t\t\t\t<\/div>\n\t\t\t\t<div class=\"elementor-element elementor-element-809553b elementor-widget elementor-widget-text-editor\" data-id=\"809553b\" data-element_type=\"widget\" data-widget_type=\"text-editor.default\">\n\t\t\t\t<div class=\"elementor-widget-container\">\n\t\t\t\t\t\t\t<h3 style=\"text-align: center;\">DESDE EL TRONO AL PESEBRE &#8211; GRUPO ALEGR\u00cdA<\/h3>\t\t\t\t\t\t<\/div>\n\t\t\t\t<\/div>\n\t\t\t\t<div class=\"elementor-element elementor-element-5b19367 elementor-widget elementor-widget-video\" data-id=\"5b19367\" data-element_type=\"widget\" data-settings=\"{&quot;youtube_url&quot;:&quot;https:\\\/\\\/www.youtube.com\\\/watch?v=P4TvxEQ0vaY&quot;,&quot;video_type&quot;:&quot;youtube&quot;,&quot;controls&quot;:&quot;yes&quot;}\" data-widget_type=\"video.default\">\n\t\t\t\t<div class=\"elementor-widget-container\">\n\t\t\t\t\t<div class=\"elementor-wrapper elementor-open-inline\">\n\t\t\t<div class=\"elementor-video\"><\/div>\t\t<\/div>\n\t\t\t\t<\/div>\n\t\t\t\t<\/div>\n\t\t\t\t<div class=\"elementor-element elementor-element-4d18efb elementor-widget elementor-widget-text-editor\" data-id=\"4d18efb\" data-element_type=\"widget\" data-widget_type=\"text-editor.default\">\n\t\t\t\t<div class=\"elementor-widget-container\">\n\t\t\t\t\t\t\t<p>My freelance activity allowed me to respond to the offer launched by a music producer looking for arrangers to work on this album of Christmas carols.<\/p>\n<p>I spent several months working on the instrumental arrangement of some traditional Christmas carols that would serve as the basis for a group of young musicians and singers. So I composed and produced the arrangement of some of the pieces that were published in \u00abDesde el Trono al Pesebre\u00bb.<\/p>\n<p>It was a very interesting work in which I had to compose both orchestral arrangements, as well as for modern ensembles, compose and record passages for acoustic and electric guitar and integrate everything conveniently.<\/p>\n<p>It was very nice working on a project of this nature.<\/p>\t\t\t\t\t\t<\/div>\n\t\t\t\t<\/div>\n\t\t\t\t<div class=\"elementor-element elementor-element-62a64136 elementor-widget elementor-widget-text-editor\" data-id=\"62a64136\" data-element_type=\"widget\" data-widget_type=\"text-editor.default\">\n\t\t\t\t<div class=\"elementor-widget-container\">\n\t\t\t\t\t\t\t<!-- wp:themeisle-blocks\/advanced-columns {\"id\":\"wp-block-themeisle-blocks-advanced-columns-e9ce9624\"} -->\n<div class=\"wp-block-themeisle-blocks-advanced-columns has-undefined-columns has-desktop-undefined-layout has-tablet-equal-layout has-mobile-equal-layout has-default-gap has-vertical-unset\" id=\"wp-block-themeisle-blocks-advanced-columns-e9ce9624\" style=\"border-width:0px;border-style:solid;border-color:#000000;border-radius:0px;justify-content:unset\"><div class=\"wp-themeisle-block-overlay\" style=\"opacity:0.5;mix-blend-mode:normal\"><\/div><div class=\"innerblocks-wrap\"><\/div><\/div>\n<!-- \/wp:themeisle-blocks\/advanced-columns -->\t\t\t\t\t\t<\/div>\n\t\t\t\t<\/div>\n\t\t\t\t\t<\/div>\n\t\t<\/div>\n\t\t\t\t\t<\/div>\n\t\t<\/section>\n\t\t\t\t<\/div>","protected":false},"excerpt":{"rendered":"<p>DESDE EL TRONO AL PESEBRE DESDE EL TRONO AL PESEBRE &#8211; GRUPO ALEGR\u00cdA https:\/\/www.youtube.com\/watch?v=P4TvxEQ0vaY Mi actividad como freelance me permiti\u00f3 responder a la oferta lanzada por un productor musical que buscaba arreglistas para trabajar en este \u00e1lbum de villancicos. Durante varios meses se me encarg\u00f3 el arreglo instrumental de algunos villancicos tradicionales que sirviesen como&hellip;&nbsp;<a href=\"https:\/\/chimoecheverria.com\/en\/bae34-home\/desde-el-trono-al-pesebre\/\" class=\"\" rel=\"bookmark\">Read More &raquo;<span class=\"screen-reader-text\">Desde el Trono al Pesebre<\/span><\/a><\/p>","protected":false},"author":1,"featured_media":0,"parent":9,"menu_order":0,"comment_status":"closed","ping_status":"closed","template":"","meta":{"neve_meta_sidebar":"full-width","neve_meta_container":"full-width","neve_meta_enable_content_width":"on","neve_meta_content_width":100,"neve_meta_title_alignment":"","neve_meta_author_avatar":"","neve_post_elements_order":"","neve_meta_disable_header":"","neve_meta_disable_footer":"","neve_meta_disable_title":"on"},"yoast_head":"<!-- This site is optimized with the Yoast SEO plugin v20.8 - https:\/\/yoast.com\/wordpress\/plugins\/seo\/ -->\n<title>Desde el Trono al Pesebre - Chimo Echeverr\u00eda<\/title>\n<meta name=\"robots\" content=\"index, follow, max-snippet:-1, max-image-preview:large, max-video-preview:-1\" \/>\n<link rel=\"canonical\" href=\"https:\/\/chimoecheverria.com\/en\/bae34-home\/desde-el-trono-al-pesebre\/\" \/>\n<meta property=\"og:locale\" content=\"en_US\" \/>\n<meta property=\"og:type\" content=\"article\" \/>\n<meta property=\"og:title\" content=\"Desde el Trono al Pesebre - Chimo Echeverr\u00eda\" \/>\n<meta property=\"og:description\" content=\"DESDE EL TRONO AL PESEBRE DESDE EL TRONO AL PESEBRE &#8211; GRUPO ALEGR\u00cdA https:\/\/www.youtube.com\/watch?v=P4TvxEQ0vaY Mi actividad como freelance me permiti\u00f3 responder a la oferta lanzada por un productor musical que buscaba arreglistas para trabajar en este \u00e1lbum de villancicos. Durante varios meses se me encarg\u00f3 el arreglo instrumental de algunos villancicos tradicionales que sirviesen como&hellip;&nbsp;Read More &raquo;Desde el Trono al Pesebre\" \/>\n<meta property=\"og:url\" content=\"https:\/\/chimoecheverria.com\/en\/bae34-home\/desde-el-trono-al-pesebre\/\" \/>\n<meta property=\"og:site_name\" content=\"Chimo Echeverr\u00eda\" \/>\n<meta property=\"article:modified_time\" content=\"2020-04-30T15:49:11+00:00\" \/>\n<meta name=\"twitter:card\" content=\"summary_large_image\" \/>\n<meta name=\"twitter:label1\" content=\"Est. reading time\" \/>\n\t<meta name=\"twitter:data1\" content=\"1 minute\" \/>\n<script type=\"application\/ld+json\" class=\"yoast-schema-graph\">{\"@context\":\"https:\/\/schema.org\",\"@graph\":[{\"@type\":\"WebPage\",\"@id\":\"https:\/\/chimoecheverria.com\/en\/bae34-home\/desde-el-trono-al-pesebre\/\",\"url\":\"https:\/\/chimoecheverria.com\/en\/bae34-home\/desde-el-trono-al-pesebre\/\",\"name\":\"Desde el Trono al Pesebre - Chimo Echeverr\u00eda\",\"isPartOf\":{\"@id\":\"https:\/\/chimoecheverria.com\/#website\"},\"datePublished\":\"2020-02-13T19:50:34+00:00\",\"dateModified\":\"2020-04-30T15:49:11+00:00\",\"breadcrumb\":{\"@id\":\"https:\/\/chimoecheverria.com\/en\/bae34-home\/desde-el-trono-al-pesebre\/#breadcrumb\"},\"inLanguage\":\"en-US\",\"potentialAction\":[{\"@type\":\"ReadAction\",\"target\":[\"https:\/\/chimoecheverria.com\/en\/bae34-home\/desde-el-trono-al-pesebre\/\"]}]},{\"@type\":\"BreadcrumbList\",\"@id\":\"https:\/\/chimoecheverria.com\/en\/bae34-home\/desde-el-trono-al-pesebre\/#breadcrumb\",\"itemListElement\":[{\"@type\":\"ListItem\",\"position\":1,\"name\":\"Portada\",\"item\":\"https:\/\/chimoecheverria.com\/\"},{\"@type\":\"ListItem\",\"position\":2,\"name\":\"Home\",\"item\":\"https:\/\/chimoecheverria.com\/\"},{\"@type\":\"ListItem\",\"position\":3,\"name\":\"Desde el Trono al Pesebre\"}]},{\"@type\":\"WebSite\",\"@id\":\"https:\/\/chimoecheverria.com\/#website\",\"url\":\"https:\/\/chimoecheverria.com\/\",\"name\":\"Chimo Echeverr\u00eda\",\"description\":\"Composer &amp; Sound Designer\",\"potentialAction\":[{\"@type\":\"SearchAction\",\"target\":{\"@type\":\"EntryPoint\",\"urlTemplate\":\"https:\/\/chimoecheverria.com\/?s={search_term_string}\"},\"query-input\":\"required name=search_term_string\"}],\"inLanguage\":\"en-US\"}]}<\/script>\n<!-- \/ Yoast SEO plugin. -->","yoast_head_json":{"title":"Desde el Trono al Pesebre - Chimo Echeverr\u00eda","robots":{"index":"index","follow":"follow","max-snippet":"max-snippet:-1","max-image-preview":"max-image-preview:large","max-video-preview":"max-video-preview:-1"},"canonical":"https:\/\/chimoecheverria.com\/en\/bae34-home\/desde-el-trono-al-pesebre\/","og_locale":"en_US","og_type":"article","og_title":"Desde el Trono al Pesebre - Chimo Echeverr\u00eda","og_description":"DESDE EL TRONO AL PESEBRE DESDE EL TRONO AL PESEBRE &#8211; GRUPO ALEGR\u00cdA https:\/\/www.youtube.com\/watch?v=P4TvxEQ0vaY Mi actividad como freelance me permiti\u00f3 responder a la oferta lanzada por un productor musical que buscaba arreglistas para trabajar en este \u00e1lbum de villancicos. Durante varios meses se me encarg\u00f3 el arreglo instrumental de algunos villancicos tradicionales que sirviesen como&hellip;&nbsp;Read More &raquo;Desde el Trono al Pesebre","og_url":"https:\/\/chimoecheverria.com\/en\/bae34-home\/desde-el-trono-al-pesebre\/","og_site_name":"Chimo Echeverr\u00eda","article_modified_time":"2020-04-30T15:49:11+00:00","twitter_card":"summary_large_image","twitter_misc":{"Est. reading time":"1 minute"},"schema":{"@context":"https:\/\/schema.org","@graph":[{"@type":"WebPage","@id":"https:\/\/chimoecheverria.com\/en\/bae34-home\/desde-el-trono-al-pesebre\/","url":"https:\/\/chimoecheverria.com\/en\/bae34-home\/desde-el-trono-al-pesebre\/","name":"Desde el Trono al Pesebre - Chimo Echeverr\u00eda","isPartOf":{"@id":"https:\/\/chimoecheverria.com\/#website"},"datePublished":"2020-02-13T19:50:34+00:00","dateModified":"2020-04-30T15:49:11+00:00","breadcrumb":{"@id":"https:\/\/chimoecheverria.com\/en\/bae34-home\/desde-el-trono-al-pesebre\/#breadcrumb"},"inLanguage":"en-US","potentialAction":[{"@type":"ReadAction","target":["https:\/\/chimoecheverria.com\/en\/bae34-home\/desde-el-trono-al-pesebre\/"]}]},{"@type":"BreadcrumbList","@id":"https:\/\/chimoecheverria.com\/en\/bae34-home\/desde-el-trono-al-pesebre\/#breadcrumb","itemListElement":[{"@type":"ListItem","position":1,"name":"Portada","item":"https:\/\/chimoecheverria.com\/"},{"@type":"ListItem","position":2,"name":"Home","item":"https:\/\/chimoecheverria.com\/"},{"@type":"ListItem","position":3,"name":"Desde el Trono al Pesebre"}]},{"@type":"WebSite","@id":"https:\/\/chimoecheverria.com\/#website","url":"https:\/\/chimoecheverria.com\/","name":"Chimo Echeverr\u00eda","description":"Composer &amp; Sound Designer","potentialAction":[{"@type":"SearchAction","target":{"@type":"EntryPoint","urlTemplate":"https:\/\/chimoecheverria.com\/?s={search_term_string}"},"query-input":"required name=search_term_string"}],"inLanguage":"en-US"}]}},"_links":{"self":[{"href":"https:\/\/chimoecheverria.com\/en\/wp-json\/wp\/v2\/pages\/4473"}],"collection":[{"href":"https:\/\/chimoecheverria.com\/en\/wp-json\/wp\/v2\/pages"}],"about":[{"href":"https:\/\/chimoecheverria.com\/en\/wp-json\/wp\/v2\/types\/page"}],"author":[{"embeddable":true,"href":"https:\/\/chimoecheverria.com\/en\/wp-json\/wp\/v2\/users\/1"}],"replies":[{"embeddable":true,"href":"https:\/\/chimoecheverria.com\/en\/wp-json\/wp\/v2\/comments?post=4473"}],"version-history":[{"count":5,"href":"https:\/\/chimoecheverria.com\/en\/wp-json\/wp\/v2\/pages\/4473\/revisions"}],"predecessor-version":[{"id":4838,"href":"https:\/\/chimoecheverria.com\/en\/wp-json\/wp\/v2\/pages\/4473\/revisions\/4838"}],"up":[{"embeddable":true,"href":"https:\/\/chimoecheverria.com\/en\/wp-json\/wp\/v2\/pages\/9"}],"wp:attachment":[{"href":"https:\/\/chimoecheverria.com\/en\/wp-json\/wp\/v2\/media?parent=4473"}],"curies":[{"name":"wp","href":"https:\/\/api.w.org\/{rel}","templated":true}]}}