{"id":4770,"date":"2020-04-30T14:12:52","date_gmt":"2020-04-30T12:12:52","guid":{"rendered":"http:\/\/chimoecheverria.com\/?page_id=4770"},"modified":"2023-04-29T20:19:17","modified_gmt":"2023-04-29T18:19:17","slug":"nampa-show","status":"publish","type":"page","link":"https:\/\/chimoecheverria.com\/en\/bae34-home\/nampa-design\/nampa-show\/","title":{"rendered":"NAMPA SHOW"},"content":{"rendered":"<div data-elementor-type=\"wp-page\" data-elementor-id=\"4770\" class=\"elementor elementor-4770\">\n\t\t\t\t\t\t<section class=\"elementor-section elementor-top-section elementor-element elementor-element-71f0dea8 elementor-section-stretched elementor-section-boxed elementor-section-height-default elementor-section-height-default\" data-id=\"71f0dea8\" data-element_type=\"section\" data-settings=\"{&quot;stretch_section&quot;:&quot;section-stretched&quot;,&quot;background_background&quot;:&quot;gradient&quot;}\">\n\t\t\t\t\t\t<div class=\"elementor-container elementor-column-gap-default\">\n\t\t\t\t\t<div class=\"elementor-column elementor-col-100 elementor-top-column elementor-element elementor-element-3c644f06\" data-id=\"3c644f06\" data-element_type=\"column\">\n\t\t\t<div class=\"elementor-widget-wrap elementor-element-populated\">\n\t\t\t\t\t\t<div class=\"elementor-element elementor-element-257a3c7d elementor-widget elementor-widget-text-editor\" data-id=\"257a3c7d\" data-element_type=\"widget\" data-widget_type=\"text-editor.default\">\n\t\t\t\t<div class=\"elementor-widget-container\">\n\t\t\t\t\t\t\t<h3 style=\"text-align: center;\">NAMPA SHOW &#8211; NAMPA DESIGN AB<\/h3>\t\t\t\t\t\t<\/div>\n\t\t\t\t<\/div>\n\t\t\t\t<div class=\"elementor-element elementor-element-1914488 elementor-widget elementor-widget-video\" data-id=\"1914488\" data-element_type=\"widget\" data-settings=\"{&quot;youtube_url&quot;:&quot;https:\\\/\\\/www.youtube.com\\\/watch?v=5L-9eaaJcmY&quot;,&quot;video_type&quot;:&quot;youtube&quot;,&quot;controls&quot;:&quot;yes&quot;}\" data-widget_type=\"video.default\">\n\t\t\t\t<div class=\"elementor-widget-container\">\n\t\t\t\t\t<div class=\"elementor-wrapper elementor-open-inline\">\n\t\t\t<div class=\"elementor-video\"><\/div>\t\t<\/div>\n\t\t\t\t<\/div>\n\t\t\t\t<\/div>\n\t\t\t\t<div class=\"elementor-element elementor-element-26cb54b elementor-widget elementor-widget-text-editor\" data-id=\"26cb54b\" data-element_type=\"widget\" data-widget_type=\"text-editor.default\">\n\t\t\t\t<div class=\"elementor-widget-container\">\n\t\t\t\t\t\t\t<p><span style=\"color: rgba(0, 0, 0, 0.9); font-family: -apple-system, system-ui, system-ui, 'Segoe UI', Roboto, 'Helvetica Neue', 'Fira Sans', Ubuntu, Oxygen, 'Oxygen Sans', Cantarell, 'Droid Sans', 'Apple Color Emoji', 'Segoe UI Emoji', 'Segoe UI Symbol', 'Lucida Grande', Helvetica, Arial, sans-serif; font-size: 14px;\">The 80's are in fashion and that is why I was not surprised that this time Sara asked me for a new project for a new composition that remembered the style of movies and series from that time.<\/span><br style=\"box-sizing: inherit; color: rgba(0, 0, 0, 0.9); font-family: -apple-system, system-ui, system-ui, 'Segoe UI', Roboto, 'Helvetica Neue', 'Fira Sans', Ubuntu, Oxygen, 'Oxygen Sans', Cantarell, 'Droid Sans', 'Apple Color Emoji', 'Segoe UI Emoji', 'Segoe UI Symbol', 'Lucida Grande', Helvetica, Arial, sans-serif; font-size: 14px;\"><br style=\"box-sizing: inherit; color: rgba(0, 0, 0, 0.9); font-family: -apple-system, system-ui, system-ui, 'Segoe UI', Roboto, 'Helvetica Neue', 'Fira Sans', Ubuntu, Oxygen, 'Oxygen Sans', Cantarell, 'Droid Sans', 'Apple Color Emoji', 'Segoe UI Emoji', 'Segoe UI Symbol', 'Lucida Grande', Helvetica, Arial, sans-serif; font-size: 14px;\"><span style=\"color: rgba(0, 0, 0, 0.9); font-family: -apple-system, system-ui, system-ui, 'Segoe UI', Roboto, 'Helvetica Neue', 'Fira Sans', Ubuntu, Oxygen, 'Oxygen Sans', Cantarell, 'Droid Sans', 'Apple Color Emoji', 'Segoe UI Emoji', 'Segoe UI Symbol', 'Lucida Grande', Helvetica, Arial, sans-serif; font-size: 14px;\">The idea on paper was very good, but when I could begin to see how all the art was integrated: various sets and settings; the friendly characters, the great sound effects of Javier Z\u00famer and my dynamic music; Then I realized that I was looking at a perfectly designed game. A real game room for the little ones.<\/span><br style=\"box-sizing: inherit; color: rgba(0, 0, 0, 0.9); font-family: -apple-system, system-ui, system-ui, 'Segoe UI', Roboto, 'Helvetica Neue', 'Fira Sans', Ubuntu, Oxygen, 'Oxygen Sans', Cantarell, 'Droid Sans', 'Apple Color Emoji', 'Segoe UI Emoji', 'Segoe UI Symbol', 'Lucida Grande', Helvetica, Arial, sans-serif; font-size: 14px;\"><br style=\"box-sizing: inherit; color: rgba(0, 0, 0, 0.9); font-family: -apple-system, system-ui, system-ui, 'Segoe UI', Roboto, 'Helvetica Neue', 'Fira Sans', Ubuntu, Oxygen, 'Oxygen Sans', Cantarell, 'Droid Sans', 'Apple Color Emoji', 'Segoe UI Emoji', 'Segoe UI Symbol', 'Lucida Grande', Helvetica, Arial, sans-serif; font-size: 14px;\"><span style=\"color: rgba(0, 0, 0, 0.9); font-family: -apple-system, system-ui, system-ui, 'Segoe UI', Roboto, 'Helvetica Neue', 'Fira Sans', Ubuntu, Oxygen, 'Oxygen Sans', Cantarell, 'Droid Sans', 'Apple Color Emoji', 'Segoe UI Emoji', 'Segoe UI Symbol', 'Lucida Grande', Helvetica, Arial, sans-serif; font-size: 14px;\">My job in this case was to offer the characters (three birds, a wolf and a pig) dance music for their musical show on stage. The vocal interventions on the microphone and on the electric guitar that they have (we have) at their disposal, season the music and give it enough variety to have a good time.<\/span><br style=\"box-sizing: inherit; color: rgba(0, 0, 0, 0.9); font-family: -apple-system, system-ui, system-ui, 'Segoe UI', Roboto, 'Helvetica Neue', 'Fira Sans', Ubuntu, Oxygen, 'Oxygen Sans', Cantarell, 'Droid Sans', 'Apple Color Emoji', 'Segoe UI Emoji', 'Segoe UI Symbol', 'Lucida Grande', Helvetica, Arial, sans-serif; font-size: 14px;\"><br style=\"box-sizing: inherit; color: rgba(0, 0, 0, 0.9); font-family: -apple-system, system-ui, system-ui, 'Segoe UI', Roboto, 'Helvetica Neue', 'Fira Sans', Ubuntu, Oxygen, 'Oxygen Sans', Cantarell, 'Droid Sans', 'Apple Color Emoji', 'Segoe UI Emoji', 'Segoe UI Symbol', 'Lucida Grande', Helvetica, Arial, sans-serif; font-size: 14px;\"><span style=\"color: rgba(0, 0, 0, 0.9); font-family: -apple-system, system-ui, system-ui, 'Segoe UI', Roboto, 'Helvetica Neue', 'Fira Sans', Ubuntu, Oxygen, 'Oxygen Sans', Cantarell, 'Droid Sans', 'Apple Color Emoji', 'Segoe UI Emoji', 'Segoe UI Symbol', 'Lucida Grande', Helvetica, Arial, sans-serif; font-size: 14px;\">I worked on Cubase and fmod and used both real instruments (guitars) and sound libraries in the production of music that replicate the instrumentation of certain eighties songs.<\/span><br style=\"box-sizing: inherit; color: rgba(0, 0, 0, 0.9); font-family: -apple-system, system-ui, system-ui, 'Segoe UI', Roboto, 'Helvetica Neue', 'Fira Sans', Ubuntu, Oxygen, 'Oxygen Sans', Cantarell, 'Droid Sans', 'Apple Color Emoji', 'Segoe UI Emoji', 'Segoe UI Symbol', 'Lucida Grande', Helvetica, Arial, sans-serif; font-size: 14px;\"><br style=\"box-sizing: inherit; color: rgba(0, 0, 0, 0.9); font-family: -apple-system, system-ui, system-ui, 'Segoe UI', Roboto, 'Helvetica Neue', 'Fira Sans', Ubuntu, Oxygen, 'Oxygen Sans', Cantarell, 'Droid Sans', 'Apple Color Emoji', 'Segoe UI Emoji', 'Segoe UI Symbol', 'Lucida Grande', Helvetica, Arial, sans-serif; font-size: 14px;\"><span style=\"color: rgba(0, 0, 0, 0.9); font-family: -apple-system, system-ui, system-ui, 'Segoe UI', Roboto, 'Helvetica Neue', 'Fira Sans', Ubuntu, Oxygen, 'Oxygen Sans', Cantarell, 'Droid Sans', 'Apple Color Emoji', 'Segoe UI Emoji', 'Segoe UI Symbol', 'Lucida Grande', Helvetica, Arial, sans-serif; font-size: 14px;\">Did I say I love this game?<\/span><\/p>\n<p><\/p>\n<p><span style=\"color: rgba(0, 0, 0, 0.9); font-family: -apple-system, system-ui, system-ui, 'Segoe UI', Roboto, 'Helvetica Neue', 'Fira Sans', Ubuntu, Oxygen, 'Oxygen Sans', Cantarell, 'Droid Sans', 'Apple Color Emoji', 'Segoe UI Emoji', 'Segoe UI Symbol', 'Lucida Grande', Helvetica, Arial, sans-serif; font-size: 14px;\">&nbsp;<\/span><span style=\"color: rgba(0, 0, 0, 0.9); font-family: -apple-system, system-ui, system-ui, &quot;Segoe UI&quot;, Roboto, &quot;Helvetica Neue&quot;, &quot;Fira Sans&quot;, Ubuntu, Oxygen, &quot;Oxygen Sans&quot;, Cantarell, &quot;Droid Sans&quot;, &quot;Apple Color Emoji&quot;, &quot;Segoe UI Emoji&quot;, &quot;Segoe UI Symbol&quot;, &quot;Lucida Grande&quot;, Helvetica, Arial, sans-serif; font-size: 14px; background-color: transparent;\">(Demo)<\/span><\/p>\t\t\t\t\t\t<\/div>\n\t\t\t\t<\/div>\n\t\t\t\t<div class=\"elementor-element elementor-element-cf19233 elementor-widget elementor-widget-shortcode\" data-id=\"cf19233\" data-element_type=\"widget\" data-widget_type=\"shortcode.default\">\n\t\t\t\t<div class=\"elementor-widget-container\">\n\t\t\t\t\t<div class=\"elementor-shortcode\"><iframe width=\"100%\" height=\"170\" scrolling=\"no\" frameborder=\"no\" allow=\"autoplay\" src=\"https:\/\/w.soundcloud.com\/player\/?url=https%3A\/\/api.soundcloud.com\/tracks\/805378627&color=%23ff5500&auto_play=false&hide_related=true&show_comments=true&show_user=true&show_reposts=false&show_teaser=true&visual=true\"><\/iframe><div style=\"font-size: 10px; color: #cccccc;line-break: anywhere;word-break: normal;overflow: hidden;white-space: nowrap;text-overflow: ellipsis; font-family: Interstate,Lucida Grande,Lucida Sans Unicode,Lucida Sans,Garuda,Verdana,Tahoma,sans-serif;font-weight: 100;\"><a href=\"https:\/\/soundcloud.com\/chimo-echeverria\" title=\"Chimo Echeverr\u00eda\" target=\"_blank\" style=\"color: #cccccc; text-decoration: none;\">Chimo Echeverr\u00eda<\/a> \u00b7 <a href=\"https:\/\/soundcloud.com\/chimo-echeverria\/nampa-show-theme\" title=\"Nampa Show Theme\" target=\"_blank\" style=\"color: #cccccc; text-decoration: none;\">Nampa Show Theme<\/a><\/div><\/div>\n\t\t\t\t<\/div>\n\t\t\t\t<\/div>\n\t\t\t\t\t<\/div>\n\t\t<\/div>\n\t\t\t\t\t<\/div>\n\t\t<\/section>\n\t\t\t\t<\/div>","protected":false},"excerpt":{"rendered":"<p>NAMPA SHOW &#8211; NAMPA DESIGN AB https:\/\/www.youtube.com\/watch?v=5L-9eaaJcmY Los 80\u00b4s est\u00e1n de moda y por eso no me sorprendi\u00f3 que en esta ocasi\u00f3n Sara me pidiese para el nuevo proyecto una nueva composici\u00f3n que recordase el estilo de pel\u00edculas y series de esa \u00e9poca.La idea sobre el papel era muy buena, pero cuando pude empezar a&hellip;&nbsp;<a href=\"https:\/\/chimoecheverria.com\/en\/bae34-home\/nampa-design\/nampa-show\/\" class=\"\" rel=\"bookmark\">Read More &raquo;<span class=\"screen-reader-text\">NAMPA SHOW<\/span><\/a><\/p>","protected":false},"author":1,"featured_media":0,"parent":5200,"menu_order":0,"comment_status":"closed","ping_status":"closed","template":"","meta":{"neve_meta_sidebar":"","neve_meta_container":"full-width","neve_meta_enable_content_width":"off","neve_meta_content_width":100,"neve_meta_title_alignment":"","neve_meta_author_avatar":"","neve_post_elements_order":"","neve_meta_disable_header":"","neve_meta_disable_footer":"","neve_meta_disable_title":"on"},"yoast_head":"<!-- This site is optimized with the Yoast SEO plugin v20.8 - https:\/\/yoast.com\/wordpress\/plugins\/seo\/ -->\n<title>NAMPA SHOW - Chimo Echeverr\u00eda<\/title>\n<meta name=\"robots\" content=\"index, follow, max-snippet:-1, max-image-preview:large, max-video-preview:-1\" \/>\n<link rel=\"canonical\" href=\"https:\/\/chimoecheverria.com\/en\/bae34-home\/nampa-design\/nampa-show\/\" \/>\n<meta property=\"og:locale\" content=\"en_US\" \/>\n<meta property=\"og:type\" content=\"article\" \/>\n<meta property=\"og:title\" content=\"NAMPA SHOW - Chimo Echeverr\u00eda\" \/>\n<meta property=\"og:description\" content=\"NAMPA SHOW &#8211; NAMPA DESIGN AB https:\/\/www.youtube.com\/watch?v=5L-9eaaJcmY Los 80\u00b4s est\u00e1n de moda y por eso no me sorprendi\u00f3 que en esta ocasi\u00f3n Sara me pidiese para el nuevo proyecto una nueva composici\u00f3n que recordase el estilo de pel\u00edculas y series de esa \u00e9poca.La idea sobre el papel era muy buena, pero cuando pude empezar a&hellip;&nbsp;Read More &raquo;NAMPA SHOW\" \/>\n<meta property=\"og:url\" content=\"https:\/\/chimoecheverria.com\/en\/bae34-home\/nampa-design\/nampa-show\/\" \/>\n<meta property=\"og:site_name\" content=\"Chimo Echeverr\u00eda\" \/>\n<meta property=\"article:modified_time\" content=\"2023-04-29T18:19:17+00:00\" \/>\n<meta name=\"twitter:card\" content=\"summary_large_image\" \/>\n<meta name=\"twitter:label1\" content=\"Est. reading time\" \/>\n\t<meta name=\"twitter:data1\" content=\"1 minute\" \/>\n<script type=\"application\/ld+json\" class=\"yoast-schema-graph\">{\"@context\":\"https:\/\/schema.org\",\"@graph\":[{\"@type\":\"WebPage\",\"@id\":\"https:\/\/chimoecheverria.com\/en\/bae34-home\/nampa-design\/nampa-show\/\",\"url\":\"https:\/\/chimoecheverria.com\/en\/bae34-home\/nampa-design\/nampa-show\/\",\"name\":\"NAMPA SHOW - Chimo Echeverr\u00eda\",\"isPartOf\":{\"@id\":\"https:\/\/chimoecheverria.com\/#website\"},\"datePublished\":\"2020-04-30T12:12:52+00:00\",\"dateModified\":\"2023-04-29T18:19:17+00:00\",\"breadcrumb\":{\"@id\":\"https:\/\/chimoecheverria.com\/en\/bae34-home\/nampa-design\/nampa-show\/#breadcrumb\"},\"inLanguage\":\"en-US\",\"potentialAction\":[{\"@type\":\"ReadAction\",\"target\":[\"https:\/\/chimoecheverria.com\/en\/bae34-home\/nampa-design\/nampa-show\/\"]}]},{\"@type\":\"BreadcrumbList\",\"@id\":\"https:\/\/chimoecheverria.com\/en\/bae34-home\/nampa-design\/nampa-show\/#breadcrumb\",\"itemListElement\":[{\"@type\":\"ListItem\",\"position\":1,\"name\":\"Portada\",\"item\":\"https:\/\/chimoecheverria.com\/\"},{\"@type\":\"ListItem\",\"position\":2,\"name\":\"Home\",\"item\":\"https:\/\/chimoecheverria.com\/\"},{\"@type\":\"ListItem\",\"position\":3,\"name\":\"Nampa Design\",\"item\":\"https:\/\/chimoecheverria.com\/bae34-home\/nampa-design\/\"},{\"@type\":\"ListItem\",\"position\":4,\"name\":\"NAMPA SHOW\"}]},{\"@type\":\"WebSite\",\"@id\":\"https:\/\/chimoecheverria.com\/#website\",\"url\":\"https:\/\/chimoecheverria.com\/\",\"name\":\"Chimo Echeverr\u00eda\",\"description\":\"Composer &amp; Sound Designer\",\"potentialAction\":[{\"@type\":\"SearchAction\",\"target\":{\"@type\":\"EntryPoint\",\"urlTemplate\":\"https:\/\/chimoecheverria.com\/?s={search_term_string}\"},\"query-input\":\"required name=search_term_string\"}],\"inLanguage\":\"en-US\"}]}<\/script>\n<!-- \/ Yoast SEO plugin. -->","yoast_head_json":{"title":"NAMPA SHOW - Chimo Echeverr\u00eda","robots":{"index":"index","follow":"follow","max-snippet":"max-snippet:-1","max-image-preview":"max-image-preview:large","max-video-preview":"max-video-preview:-1"},"canonical":"https:\/\/chimoecheverria.com\/en\/bae34-home\/nampa-design\/nampa-show\/","og_locale":"en_US","og_type":"article","og_title":"NAMPA SHOW - Chimo Echeverr\u00eda","og_description":"NAMPA SHOW &#8211; NAMPA DESIGN AB https:\/\/www.youtube.com\/watch?v=5L-9eaaJcmY Los 80\u00b4s est\u00e1n de moda y por eso no me sorprendi\u00f3 que en esta ocasi\u00f3n Sara me pidiese para el nuevo proyecto una nueva composici\u00f3n que recordase el estilo de pel\u00edculas y series de esa \u00e9poca.La idea sobre el papel era muy buena, pero cuando pude empezar a&hellip;&nbsp;Read More &raquo;NAMPA SHOW","og_url":"https:\/\/chimoecheverria.com\/en\/bae34-home\/nampa-design\/nampa-show\/","og_site_name":"Chimo Echeverr\u00eda","article_modified_time":"2023-04-29T18:19:17+00:00","twitter_card":"summary_large_image","twitter_misc":{"Est. reading time":"1 minute"},"schema":{"@context":"https:\/\/schema.org","@graph":[{"@type":"WebPage","@id":"https:\/\/chimoecheverria.com\/en\/bae34-home\/nampa-design\/nampa-show\/","url":"https:\/\/chimoecheverria.com\/en\/bae34-home\/nampa-design\/nampa-show\/","name":"NAMPA SHOW - Chimo Echeverr\u00eda","isPartOf":{"@id":"https:\/\/chimoecheverria.com\/#website"},"datePublished":"2020-04-30T12:12:52+00:00","dateModified":"2023-04-29T18:19:17+00:00","breadcrumb":{"@id":"https:\/\/chimoecheverria.com\/en\/bae34-home\/nampa-design\/nampa-show\/#breadcrumb"},"inLanguage":"en-US","potentialAction":[{"@type":"ReadAction","target":["https:\/\/chimoecheverria.com\/en\/bae34-home\/nampa-design\/nampa-show\/"]}]},{"@type":"BreadcrumbList","@id":"https:\/\/chimoecheverria.com\/en\/bae34-home\/nampa-design\/nampa-show\/#breadcrumb","itemListElement":[{"@type":"ListItem","position":1,"name":"Portada","item":"https:\/\/chimoecheverria.com\/"},{"@type":"ListItem","position":2,"name":"Home","item":"https:\/\/chimoecheverria.com\/"},{"@type":"ListItem","position":3,"name":"Nampa Design","item":"https:\/\/chimoecheverria.com\/bae34-home\/nampa-design\/"},{"@type":"ListItem","position":4,"name":"NAMPA SHOW"}]},{"@type":"WebSite","@id":"https:\/\/chimoecheverria.com\/#website","url":"https:\/\/chimoecheverria.com\/","name":"Chimo Echeverr\u00eda","description":"Composer &amp; Sound Designer","potentialAction":[{"@type":"SearchAction","target":{"@type":"EntryPoint","urlTemplate":"https:\/\/chimoecheverria.com\/?s={search_term_string}"},"query-input":"required name=search_term_string"}],"inLanguage":"en-US"}]}},"_links":{"self":[{"href":"https:\/\/chimoecheverria.com\/en\/wp-json\/wp\/v2\/pages\/4770"}],"collection":[{"href":"https:\/\/chimoecheverria.com\/en\/wp-json\/wp\/v2\/pages"}],"about":[{"href":"https:\/\/chimoecheverria.com\/en\/wp-json\/wp\/v2\/types\/page"}],"author":[{"embeddable":true,"href":"https:\/\/chimoecheverria.com\/en\/wp-json\/wp\/v2\/users\/1"}],"replies":[{"embeddable":true,"href":"https:\/\/chimoecheverria.com\/en\/wp-json\/wp\/v2\/comments?post=4770"}],"version-history":[{"count":19,"href":"https:\/\/chimoecheverria.com\/en\/wp-json\/wp\/v2\/pages\/4770\/revisions"}],"predecessor-version":[{"id":5117,"href":"https:\/\/chimoecheverria.com\/en\/wp-json\/wp\/v2\/pages\/4770\/revisions\/5117"}],"up":[{"embeddable":true,"href":"https:\/\/chimoecheverria.com\/en\/wp-json\/wp\/v2\/pages\/5200"}],"wp:attachment":[{"href":"https:\/\/chimoecheverria.com\/en\/wp-json\/wp\/v2\/media?parent=4770"}],"curies":[{"name":"wp","href":"https:\/\/api.w.org\/{rel}","templated":true}]}}