{"id":5030,"date":"2020-07-14T12:58:22","date_gmt":"2020-07-14T10:58:22","guid":{"rendered":"http:\/\/chimoecheverria.com\/?page_id=5030"},"modified":"2020-07-14T16:33:35","modified_gmt":"2020-07-14T14:33:35","slug":"trapball-pool-edition","status":"publish","type":"page","link":"https:\/\/chimoecheverria.com\/en\/bae34-home\/trapball-pool-edition\/","title":{"rendered":"Trapball Pool Edition"},"content":{"rendered":"<div data-elementor-type=\"wp-page\" data-elementor-id=\"5030\" class=\"elementor elementor-5030\">\n\t\t\t\t\t\t<section class=\"elementor-section elementor-top-section elementor-element elementor-element-44f7204 elementor-section-stretched elementor-section-boxed elementor-section-height-default elementor-section-height-default\" data-id=\"44f7204\" data-element_type=\"section\" data-settings=\"{&quot;stretch_section&quot;:&quot;section-stretched&quot;,&quot;background_background&quot;:&quot;gradient&quot;}\">\n\t\t\t\t\t\t<div class=\"elementor-container elementor-column-gap-default\">\n\t\t\t\t\t<div class=\"elementor-column elementor-col-100 elementor-top-column elementor-element elementor-element-2e4e105\" data-id=\"2e4e105\" data-element_type=\"column\">\n\t\t\t<div class=\"elementor-widget-wrap elementor-element-populated\">\n\t\t\t\t\t\t<div class=\"elementor-element elementor-element-d433717 elementor-widget elementor-widget-text-editor\" data-id=\"d433717\" data-element_type=\"widget\" data-widget_type=\"text-editor.default\">\n\t\t\t\t<div class=\"elementor-widget-container\">\n\t\t\t\t\t\t\t<h3>\u00a0<\/h3>\n<h3>\u00a0<\/h3>\n<h3 style=\"text-align: center;\">TRAP BALL &#8211; AX\u00d3UXERE GAMES<\/h3>\t\t\t\t\t\t<\/div>\n\t\t\t\t<\/div>\n\t\t\t\t<div class=\"elementor-element elementor-element-d26774a elementor-widget elementor-widget-video\" data-id=\"d26774a\" data-element_type=\"widget\" data-settings=\"{&quot;youtube_url&quot;:&quot;https:\\\/\\\/www.youtube.com\\\/watch?v=CxAdcuzgRIQ&quot;,&quot;video_type&quot;:&quot;youtube&quot;,&quot;controls&quot;:&quot;yes&quot;}\" data-widget_type=\"video.default\">\n\t\t\t\t<div class=\"elementor-widget-container\">\n\t\t\t\t\t<div class=\"elementor-wrapper elementor-open-inline\">\n\t\t\t<div class=\"elementor-video\"><\/div>\t\t<\/div>\n\t\t\t\t<\/div>\n\t\t\t\t<\/div>\n\t\t\t\t<div class=\"elementor-element elementor-element-b6a3149 elementor-widget elementor-widget-text-editor\" data-id=\"b6a3149\" data-element_type=\"widget\" data-widget_type=\"text-editor.default\">\n\t\t\t\t<div class=\"elementor-widget-container\">\n\t\t\t\t\t\t\t<p>Years after our first \u201cmeeting\u201d we meet again to review the Trap Ball title. An action, puzzle and skill game that challenges you to finish your patience.<\/p><p>I was not lucky enough to participate in the development of the original version published in 2012, which had a good acceptance among the most hardcore players. It demanded nerves of steel, extreme patience, or little appreciation for the integrity of your device. The game, initially published for Android devices, came to have a version for Xbox 360.<\/p><p>My task, in this 2020 review, has been to design new sound effects and compose a new main theme and other musical excerpts.<\/p><p>Both in the design of the sound effects and in the production of the music, I have intensively used the powerful Massive synthesizer.<\/p><p>Working closely with Tono has allowed me to become familiar with programming environments that I had barely touched, such as Android Studio and development tools for version management such as Github. This has given me a lot of freedom to implement changes and test versions quickly.<\/p><p>And best of all ... with new projects underway!<\/p>\t\t\t\t\t\t<\/div>\n\t\t\t\t<\/div>\n\t\t\t\t\t<\/div>\n\t\t<\/div>\n\t\t\t\t\t<\/div>\n\t\t<\/section>\n\t\t\t\t<\/div>","protected":false},"excerpt":{"rendered":"<p>&nbsp; &nbsp; TRAP BALL &#8211; AX\u00d3UXERE GAMES A\u00f1os despu\u00e9s de nuestro primer \u201cencuentro\u201d nos volvemos a reunir para revisar el t\u00edtulo Trap Ball. Un juego de acci\u00f3n, puzzles y habilidad que te reta hasta acabar con tu paciencia. No tuve la suerte de participar en el desarrollo de la versi\u00f3n original publicada en 2012, que&hellip;&nbsp;<a href=\"https:\/\/chimoecheverria.com\/en\/bae34-home\/trapball-pool-edition\/\" class=\"\" rel=\"bookmark\">Read More &raquo;<span class=\"screen-reader-text\">Trapball Pool Edition<\/span><\/a><\/p>","protected":false},"author":1,"featured_media":0,"parent":9,"menu_order":0,"comment_status":"closed","ping_status":"closed","template":"","meta":{"neve_meta_sidebar":"","neve_meta_container":"","neve_meta_enable_content_width":"on","neve_meta_content_width":100,"neve_meta_title_alignment":"","neve_meta_author_avatar":"","neve_post_elements_order":"","neve_meta_disable_header":"","neve_meta_disable_footer":"","neve_meta_disable_title":"on"},"yoast_head":"<!-- This site is optimized with the Yoast SEO plugin v20.8 - https:\/\/yoast.com\/wordpress\/plugins\/seo\/ -->\n<title>Trapball Pool Edition - Chimo Echeverr\u00eda<\/title>\n<meta name=\"robots\" content=\"index, follow, max-snippet:-1, max-image-preview:large, max-video-preview:-1\" \/>\n<link rel=\"canonical\" href=\"https:\/\/chimoecheverria.com\/en\/bae34-home\/trapball-pool-edition\/\" \/>\n<meta property=\"og:locale\" content=\"en_US\" \/>\n<meta property=\"og:type\" content=\"article\" \/>\n<meta property=\"og:title\" content=\"Trapball Pool Edition - Chimo Echeverr\u00eda\" \/>\n<meta property=\"og:description\" content=\"&nbsp; &nbsp; TRAP BALL &#8211; AX\u00d3UXERE GAMES A\u00f1os despu\u00e9s de nuestro primer \u201cencuentro\u201d nos volvemos a reunir para revisar el t\u00edtulo Trap Ball. Un juego de acci\u00f3n, puzzles y habilidad que te reta hasta acabar con tu paciencia. No tuve la suerte de participar en el desarrollo de la versi\u00f3n original publicada en 2012, que&hellip;&nbsp;Read More &raquo;Trapball Pool Edition\" \/>\n<meta property=\"og:url\" content=\"https:\/\/chimoecheverria.com\/en\/bae34-home\/trapball-pool-edition\/\" \/>\n<meta property=\"og:site_name\" content=\"Chimo Echeverr\u00eda\" \/>\n<meta property=\"article:modified_time\" content=\"2020-07-14T14:33:35+00:00\" \/>\n<meta name=\"twitter:card\" content=\"summary_large_image\" \/>\n<meta name=\"twitter:label1\" content=\"Est. reading time\" \/>\n\t<meta name=\"twitter:data1\" content=\"1 minute\" \/>\n<script type=\"application\/ld+json\" class=\"yoast-schema-graph\">{\"@context\":\"https:\/\/schema.org\",\"@graph\":[{\"@type\":\"WebPage\",\"@id\":\"https:\/\/chimoecheverria.com\/bae34-home\/trapball-pool-edition\/\",\"url\":\"https:\/\/chimoecheverria.com\/bae34-home\/trapball-pool-edition\/\",\"name\":\"Trapball Pool Edition - Chimo Echeverr\u00eda\",\"isPartOf\":{\"@id\":\"https:\/\/chimoecheverria.com\/#website\"},\"datePublished\":\"2020-07-14T10:58:22+00:00\",\"dateModified\":\"2020-07-14T14:33:35+00:00\",\"breadcrumb\":{\"@id\":\"https:\/\/chimoecheverria.com\/bae34-home\/trapball-pool-edition\/#breadcrumb\"},\"inLanguage\":\"en-US\",\"potentialAction\":[{\"@type\":\"ReadAction\",\"target\":[\"https:\/\/chimoecheverria.com\/bae34-home\/trapball-pool-edition\/\"]}]},{\"@type\":\"BreadcrumbList\",\"@id\":\"https:\/\/chimoecheverria.com\/bae34-home\/trapball-pool-edition\/#breadcrumb\",\"itemListElement\":[{\"@type\":\"ListItem\",\"position\":1,\"name\":\"Portada\",\"item\":\"https:\/\/chimoecheverria.com\/\"},{\"@type\":\"ListItem\",\"position\":2,\"name\":\"Home\",\"item\":\"https:\/\/chimoecheverria.com\/\"},{\"@type\":\"ListItem\",\"position\":3,\"name\":\"Trapball Pool Edition\"}]},{\"@type\":\"WebSite\",\"@id\":\"https:\/\/chimoecheverria.com\/#website\",\"url\":\"https:\/\/chimoecheverria.com\/\",\"name\":\"Chimo Echeverr\u00eda\",\"description\":\"Composer &amp; Sound Designer\",\"potentialAction\":[{\"@type\":\"SearchAction\",\"target\":{\"@type\":\"EntryPoint\",\"urlTemplate\":\"https:\/\/chimoecheverria.com\/?s={search_term_string}\"},\"query-input\":\"required name=search_term_string\"}],\"inLanguage\":\"en-US\"}]}<\/script>\n<!-- \/ Yoast SEO plugin. -->","yoast_head_json":{"title":"Trapball Pool Edition - Chimo Echeverr\u00eda","robots":{"index":"index","follow":"follow","max-snippet":"max-snippet:-1","max-image-preview":"max-image-preview:large","max-video-preview":"max-video-preview:-1"},"canonical":"https:\/\/chimoecheverria.com\/en\/bae34-home\/trapball-pool-edition\/","og_locale":"en_US","og_type":"article","og_title":"Trapball Pool Edition - Chimo Echeverr\u00eda","og_description":"&nbsp; &nbsp; TRAP BALL &#8211; AX\u00d3UXERE GAMES A\u00f1os despu\u00e9s de nuestro primer \u201cencuentro\u201d nos volvemos a reunir para revisar el t\u00edtulo Trap Ball. Un juego de acci\u00f3n, puzzles y habilidad que te reta hasta acabar con tu paciencia. No tuve la suerte de participar en el desarrollo de la versi\u00f3n original publicada en 2012, que&hellip;&nbsp;Read More &raquo;Trapball Pool Edition","og_url":"https:\/\/chimoecheverria.com\/en\/bae34-home\/trapball-pool-edition\/","og_site_name":"Chimo Echeverr\u00eda","article_modified_time":"2020-07-14T14:33:35+00:00","twitter_card":"summary_large_image","twitter_misc":{"Est. reading time":"1 minute"},"schema":{"@context":"https:\/\/schema.org","@graph":[{"@type":"WebPage","@id":"https:\/\/chimoecheverria.com\/bae34-home\/trapball-pool-edition\/","url":"https:\/\/chimoecheverria.com\/bae34-home\/trapball-pool-edition\/","name":"Trapball Pool Edition - Chimo Echeverr\u00eda","isPartOf":{"@id":"https:\/\/chimoecheverria.com\/#website"},"datePublished":"2020-07-14T10:58:22+00:00","dateModified":"2020-07-14T14:33:35+00:00","breadcrumb":{"@id":"https:\/\/chimoecheverria.com\/bae34-home\/trapball-pool-edition\/#breadcrumb"},"inLanguage":"en-US","potentialAction":[{"@type":"ReadAction","target":["https:\/\/chimoecheverria.com\/bae34-home\/trapball-pool-edition\/"]}]},{"@type":"BreadcrumbList","@id":"https:\/\/chimoecheverria.com\/bae34-home\/trapball-pool-edition\/#breadcrumb","itemListElement":[{"@type":"ListItem","position":1,"name":"Portada","item":"https:\/\/chimoecheverria.com\/"},{"@type":"ListItem","position":2,"name":"Home","item":"https:\/\/chimoecheverria.com\/"},{"@type":"ListItem","position":3,"name":"Trapball Pool Edition"}]},{"@type":"WebSite","@id":"https:\/\/chimoecheverria.com\/#website","url":"https:\/\/chimoecheverria.com\/","name":"Chimo Echeverr\u00eda","description":"Composer &amp; Sound Designer","potentialAction":[{"@type":"SearchAction","target":{"@type":"EntryPoint","urlTemplate":"https:\/\/chimoecheverria.com\/?s={search_term_string}"},"query-input":"required name=search_term_string"}],"inLanguage":"en-US"}]}},"_links":{"self":[{"href":"https:\/\/chimoecheverria.com\/en\/wp-json\/wp\/v2\/pages\/5030"}],"collection":[{"href":"https:\/\/chimoecheverria.com\/en\/wp-json\/wp\/v2\/pages"}],"about":[{"href":"https:\/\/chimoecheverria.com\/en\/wp-json\/wp\/v2\/types\/page"}],"author":[{"embeddable":true,"href":"https:\/\/chimoecheverria.com\/en\/wp-json\/wp\/v2\/users\/1"}],"replies":[{"embeddable":true,"href":"https:\/\/chimoecheverria.com\/en\/wp-json\/wp\/v2\/comments?post=5030"}],"version-history":[{"count":15,"href":"https:\/\/chimoecheverria.com\/en\/wp-json\/wp\/v2\/pages\/5030\/revisions"}],"predecessor-version":[{"id":5058,"href":"https:\/\/chimoecheverria.com\/en\/wp-json\/wp\/v2\/pages\/5030\/revisions\/5058"}],"up":[{"embeddable":true,"href":"https:\/\/chimoecheverria.com\/en\/wp-json\/wp\/v2\/pages\/9"}],"wp:attachment":[{"href":"https:\/\/chimoecheverria.com\/en\/wp-json\/wp\/v2\/media?parent=5030"}],"curies":[{"name":"wp","href":"https:\/\/api.w.org\/{rel}","templated":true}]}}