{"id":5172,"date":"2023-04-28T10:45:04","date_gmt":"2023-04-28T08:45:04","guid":{"rendered":"http:\/\/chimoecheverria.com\/?page_id=5172"},"modified":"2023-04-29T20:19:05","modified_gmt":"2023-04-29T18:19:05","slug":"nampa-town","status":"publish","type":"page","link":"https:\/\/chimoecheverria.com\/en\/bae34-home\/nampa-design\/nampa-town\/","title":{"rendered":"NAMPA TOWN"},"content":{"rendered":"<div data-elementor-type=\"wp-page\" data-elementor-id=\"5172\" class=\"elementor elementor-5172\">\n\t\t\t\t\t\t<section class=\"elementor-section elementor-top-section elementor-element elementor-element-cba1815 elementor-section-boxed elementor-section-height-default elementor-section-height-default\" data-id=\"cba1815\" data-element_type=\"section\">\n\t\t\t\t\t\t<div class=\"elementor-container elementor-column-gap-default\">\n\t\t\t\t\t<div class=\"elementor-column elementor-col-100 elementor-top-column elementor-element elementor-element-18c0d39\" data-id=\"18c0d39\" data-element_type=\"column\">\n\t\t\t<div class=\"elementor-widget-wrap elementor-element-populated\">\n\t\t\t\t\t\t<div class=\"elementor-element elementor-element-fdd14e9 elementor-widget elementor-widget-heading\" data-id=\"fdd14e9\" data-element_type=\"widget\" data-widget_type=\"heading.default\">\n\t\t\t\t<div class=\"elementor-widget-container\">\n\t\t\t<h2 class=\"elementor-heading-title elementor-size-large\">-NAMPA TOWN-<\/h2>\t\t<\/div>\n\t\t\t\t<\/div>\n\t\t\t\t\t<\/div>\n\t\t<\/div>\n\t\t\t\t\t<\/div>\n\t\t<\/section>\n\t\t\t\t<section class=\"elementor-section elementor-top-section elementor-element elementor-element-73b0acb elementor-section-boxed elementor-section-height-default elementor-section-height-default\" data-id=\"73b0acb\" data-element_type=\"section\">\n\t\t\t\t\t\t<div class=\"elementor-container elementor-column-gap-default\">\n\t\t\t\t\t<div class=\"elementor-column elementor-col-100 elementor-top-column elementor-element elementor-element-25321f0\" data-id=\"25321f0\" data-element_type=\"column\">\n\t\t\t<div class=\"elementor-widget-wrap elementor-element-populated\">\n\t\t\t\t\t\t<div class=\"elementor-element elementor-element-b34ee86 elementor-widget elementor-widget-heading\" data-id=\"b34ee86\" data-element_type=\"widget\" data-widget_type=\"heading.default\">\n\t\t\t\t<div class=\"elementor-widget-container\">\n\t\t\t<h2 class=\"elementor-heading-title elementor-size-large\">-NAMPA TOWN-<\/h2>\t\t<\/div>\n\t\t\t\t<\/div>\n\t\t\t\t\t<\/div>\n\t\t<\/div>\n\t\t\t\t\t<\/div>\n\t\t<\/section>\n\t\t\t\t<section class=\"elementor-section elementor-top-section elementor-element elementor-element-ce264cc elementor-section-boxed elementor-section-height-default elementor-section-height-default\" data-id=\"ce264cc\" data-element_type=\"section\">\n\t\t\t\t\t\t<div class=\"elementor-container elementor-column-gap-default\">\n\t\t\t\t\t<div class=\"elementor-column elementor-col-100 elementor-top-column elementor-element elementor-element-392138c\" data-id=\"392138c\" data-element_type=\"column\">\n\t\t\t<div class=\"elementor-widget-wrap elementor-element-populated\">\n\t\t\t\t\t\t<div class=\"elementor-element elementor-element-2fb628d elementor-widget elementor-widget-video\" data-id=\"2fb628d\" data-element_type=\"widget\" data-settings=\"{&quot;youtube_url&quot;:&quot;https:\\\/\\\/youtu.be\\\/PIirWNYvzi0&quot;,&quot;loop&quot;:&quot;yes&quot;,&quot;video_type&quot;:&quot;youtube&quot;,&quot;controls&quot;:&quot;yes&quot;}\" data-widget_type=\"video.default\">\n\t\t\t\t<div class=\"elementor-widget-container\">\n\t\t\t\t\t<div class=\"elementor-wrapper elementor-open-inline\">\n\t\t\t<div class=\"elementor-video\"><\/div>\t\t<\/div>\n\t\t\t\t<\/div>\n\t\t\t\t<\/div>\n\t\t\t\t<div class=\"elementor-element elementor-element-0807279 elementor-widget elementor-widget-text-editor\" data-id=\"0807279\" data-element_type=\"widget\" data-widget_type=\"text-editor.default\">\n\t\t\t\t<div class=\"elementor-widget-container\">\n\t\t\t\t\t\t\t<p>A job with Nampa is always a challenge. In this case, we were looking for a catchy and energetic 80s-style theme that would serve to liven up a unique aerobics class.<\/p><p style=\"margin: 0cm; font-size: 12pt; font-family: Calibri, sans-serif;\">The reference was clear: \"Maniac\" by Michael Sembello.<\/p>\t\t\t\t\t\t<\/div>\n\t\t\t\t<\/div>\n\t\t\t\t\t<\/div>\n\t\t<\/div>\n\t\t\t\t\t<\/div>\n\t\t<\/section>\n\t\t\t\t<\/div>","protected":false},"excerpt":{"rendered":"<p>-NAMPA TOWN- -NAMPA TOWN- Un trabajo con Nampa es siempre un reto. En este caso busc\u00e1bamos un tema pegadizo y cargado de energ\u00eda de estilo ochentero que sirviese para animar una peculiar clase de aerobic. La referencia estaba clara: Maniac de Michael Sembello.<\/p>","protected":false},"author":2,"featured_media":0,"parent":5200,"menu_order":0,"comment_status":"closed","ping_status":"closed","template":"page-templates\/template-pagebuilder-full-width.php","meta":{"neve_meta_sidebar":"full-width","neve_meta_container":"full-width","neve_meta_enable_content_width":"on","neve_meta_content_width":100,"neve_meta_title_alignment":"","neve_meta_author_avatar":"","neve_post_elements_order":"","neve_meta_disable_header":"","neve_meta_disable_footer":"","neve_meta_disable_title":"on"},"yoast_head":"<!-- This site is optimized with the Yoast SEO plugin v20.8 - https:\/\/yoast.com\/wordpress\/plugins\/seo\/ -->\n<title>NAMPA TOWN - Chimo Echeverr\u00eda<\/title>\n<meta name=\"robots\" content=\"index, follow, max-snippet:-1, max-image-preview:large, max-video-preview:-1\" \/>\n<link rel=\"canonical\" href=\"https:\/\/chimoecheverria.com\/en\/bae34-home\/nampa-design\/nampa-town\/\" \/>\n<meta property=\"og:locale\" content=\"en_US\" \/>\n<meta property=\"og:type\" content=\"article\" \/>\n<meta property=\"og:title\" content=\"NAMPA TOWN - Chimo Echeverr\u00eda\" \/>\n<meta property=\"og:description\" content=\"-NAMPA TOWN- -NAMPA TOWN- Un trabajo con Nampa es siempre un reto. En este caso busc\u00e1bamos un tema pegadizo y cargado de energ\u00eda de estilo ochentero que sirviese para animar una peculiar clase de aerobic. La referencia estaba clara: Maniac de Michael Sembello.\" \/>\n<meta property=\"og:url\" content=\"https:\/\/chimoecheverria.com\/en\/bae34-home\/nampa-design\/nampa-town\/\" \/>\n<meta property=\"og:site_name\" content=\"Chimo Echeverr\u00eda\" \/>\n<meta property=\"article:modified_time\" content=\"2023-04-29T18:19:05+00:00\" \/>\n<meta name=\"twitter:card\" content=\"summary_large_image\" \/>\n<script type=\"application\/ld+json\" class=\"yoast-schema-graph\">{\"@context\":\"https:\/\/schema.org\",\"@graph\":[{\"@type\":\"WebPage\",\"@id\":\"https:\/\/chimoecheverria.com\/en\/bae34-home\/nampa-design\/nampa-town\/\",\"url\":\"https:\/\/chimoecheverria.com\/en\/bae34-home\/nampa-design\/nampa-town\/\",\"name\":\"NAMPA TOWN - Chimo Echeverr\u00eda\",\"isPartOf\":{\"@id\":\"https:\/\/chimoecheverria.com\/#website\"},\"datePublished\":\"2023-04-28T08:45:04+00:00\",\"dateModified\":\"2023-04-29T18:19:05+00:00\",\"breadcrumb\":{\"@id\":\"https:\/\/chimoecheverria.com\/en\/bae34-home\/nampa-design\/nampa-town\/#breadcrumb\"},\"inLanguage\":\"en-US\",\"potentialAction\":[{\"@type\":\"ReadAction\",\"target\":[\"https:\/\/chimoecheverria.com\/en\/bae34-home\/nampa-design\/nampa-town\/\"]}]},{\"@type\":\"BreadcrumbList\",\"@id\":\"https:\/\/chimoecheverria.com\/en\/bae34-home\/nampa-design\/nampa-town\/#breadcrumb\",\"itemListElement\":[{\"@type\":\"ListItem\",\"position\":1,\"name\":\"Portada\",\"item\":\"https:\/\/chimoecheverria.com\/\"},{\"@type\":\"ListItem\",\"position\":2,\"name\":\"Home\",\"item\":\"https:\/\/chimoecheverria.com\/\"},{\"@type\":\"ListItem\",\"position\":3,\"name\":\"Nampa Design\",\"item\":\"https:\/\/chimoecheverria.com\/bae34-home\/nampa-design\/\"},{\"@type\":\"ListItem\",\"position\":4,\"name\":\"NAMPA TOWN\"}]},{\"@type\":\"WebSite\",\"@id\":\"https:\/\/chimoecheverria.com\/#website\",\"url\":\"https:\/\/chimoecheverria.com\/\",\"name\":\"Chimo Echeverr\u00eda\",\"description\":\"Composer &amp; Sound Designer\",\"potentialAction\":[{\"@type\":\"SearchAction\",\"target\":{\"@type\":\"EntryPoint\",\"urlTemplate\":\"https:\/\/chimoecheverria.com\/?s={search_term_string}\"},\"query-input\":\"required name=search_term_string\"}],\"inLanguage\":\"en-US\"}]}<\/script>\n<!-- \/ Yoast SEO plugin. -->","yoast_head_json":{"title":"NAMPA TOWN - Chimo Echeverr\u00eda","robots":{"index":"index","follow":"follow","max-snippet":"max-snippet:-1","max-image-preview":"max-image-preview:large","max-video-preview":"max-video-preview:-1"},"canonical":"https:\/\/chimoecheverria.com\/en\/bae34-home\/nampa-design\/nampa-town\/","og_locale":"en_US","og_type":"article","og_title":"NAMPA TOWN - Chimo Echeverr\u00eda","og_description":"-NAMPA TOWN- -NAMPA TOWN- Un trabajo con Nampa es siempre un reto. En este caso busc\u00e1bamos un tema pegadizo y cargado de energ\u00eda de estilo ochentero que sirviese para animar una peculiar clase de aerobic. La referencia estaba clara: Maniac de Michael Sembello.","og_url":"https:\/\/chimoecheverria.com\/en\/bae34-home\/nampa-design\/nampa-town\/","og_site_name":"Chimo Echeverr\u00eda","article_modified_time":"2023-04-29T18:19:05+00:00","twitter_card":"summary_large_image","schema":{"@context":"https:\/\/schema.org","@graph":[{"@type":"WebPage","@id":"https:\/\/chimoecheverria.com\/en\/bae34-home\/nampa-design\/nampa-town\/","url":"https:\/\/chimoecheverria.com\/en\/bae34-home\/nampa-design\/nampa-town\/","name":"NAMPA TOWN - Chimo Echeverr\u00eda","isPartOf":{"@id":"https:\/\/chimoecheverria.com\/#website"},"datePublished":"2023-04-28T08:45:04+00:00","dateModified":"2023-04-29T18:19:05+00:00","breadcrumb":{"@id":"https:\/\/chimoecheverria.com\/en\/bae34-home\/nampa-design\/nampa-town\/#breadcrumb"},"inLanguage":"en-US","potentialAction":[{"@type":"ReadAction","target":["https:\/\/chimoecheverria.com\/en\/bae34-home\/nampa-design\/nampa-town\/"]}]},{"@type":"BreadcrumbList","@id":"https:\/\/chimoecheverria.com\/en\/bae34-home\/nampa-design\/nampa-town\/#breadcrumb","itemListElement":[{"@type":"ListItem","position":1,"name":"Portada","item":"https:\/\/chimoecheverria.com\/"},{"@type":"ListItem","position":2,"name":"Home","item":"https:\/\/chimoecheverria.com\/"},{"@type":"ListItem","position":3,"name":"Nampa Design","item":"https:\/\/chimoecheverria.com\/bae34-home\/nampa-design\/"},{"@type":"ListItem","position":4,"name":"NAMPA TOWN"}]},{"@type":"WebSite","@id":"https:\/\/chimoecheverria.com\/#website","url":"https:\/\/chimoecheverria.com\/","name":"Chimo Echeverr\u00eda","description":"Composer &amp; Sound Designer","potentialAction":[{"@type":"SearchAction","target":{"@type":"EntryPoint","urlTemplate":"https:\/\/chimoecheverria.com\/?s={search_term_string}"},"query-input":"required name=search_term_string"}],"inLanguage":"en-US"}]}},"_links":{"self":[{"href":"https:\/\/chimoecheverria.com\/en\/wp-json\/wp\/v2\/pages\/5172"}],"collection":[{"href":"https:\/\/chimoecheverria.com\/en\/wp-json\/wp\/v2\/pages"}],"about":[{"href":"https:\/\/chimoecheverria.com\/en\/wp-json\/wp\/v2\/types\/page"}],"author":[{"embeddable":true,"href":"https:\/\/chimoecheverria.com\/en\/wp-json\/wp\/v2\/users\/2"}],"replies":[{"embeddable":true,"href":"https:\/\/chimoecheverria.com\/en\/wp-json\/wp\/v2\/comments?post=5172"}],"version-history":[{"count":12,"href":"https:\/\/chimoecheverria.com\/en\/wp-json\/wp\/v2\/pages\/5172\/revisions"}],"predecessor-version":[{"id":5193,"href":"https:\/\/chimoecheverria.com\/en\/wp-json\/wp\/v2\/pages\/5172\/revisions\/5193"}],"up":[{"embeddable":true,"href":"https:\/\/chimoecheverria.com\/en\/wp-json\/wp\/v2\/pages\/5200"}],"wp:attachment":[{"href":"https:\/\/chimoecheverria.com\/en\/wp-json\/wp\/v2\/media?parent=5172"}],"curies":[{"name":"wp","href":"https:\/\/api.w.org\/{rel}","templated":true}]}}