{"id":5200,"date":"2023-04-29T18:38:54","date_gmt":"2023-04-29T16:38:54","guid":{"rendered":"https:\/\/chimoecheverria.com\/?page_id=5200"},"modified":"2023-04-29T20:34:22","modified_gmt":"2023-04-29T18:34:22","slug":"nampa-design","status":"publish","type":"page","link":"https:\/\/chimoecheverria.com\/en\/bae34-home\/nampa-design\/","title":{"rendered":"Nampa Design"},"content":{"rendered":"\t\t<div data-elementor-type=\"wp-page\" data-elementor-id=\"5200\" class=\"elementor elementor-5200\">\n\t\t\t\t\t\t<section class=\"elementor-section elementor-top-section elementor-element elementor-element-382b8e9 elementor-section-boxed elementor-section-height-default elementor-section-height-default\" data-id=\"382b8e9\" data-element_type=\"section\">\n\t\t\t\t\t\t<div class=\"elementor-container elementor-column-gap-default\">\n\t\t\t\t\t<div class=\"elementor-column elementor-col-100 elementor-top-column elementor-element elementor-element-0122198\" data-id=\"0122198\" data-element_type=\"column\">\n\t\t\t<div class=\"elementor-widget-wrap elementor-element-populated\">\n\t\t\t\t\t\t<div class=\"elementor-element elementor-element-bd51e00 elementor-widget elementor-widget-heading\" data-id=\"bd51e00\" data-element_type=\"widget\" data-widget_type=\"heading.default\">\n\t\t\t\t<div class=\"elementor-widget-container\">\n\t\t\t<h2 class=\"elementor-heading-title elementor-size-large\"><br>NAMPA DESIGN<\/h2>\t\t<\/div>\n\t\t\t\t<\/div>\n\t\t\t\t\t<\/div>\n\t\t<\/div>\n\t\t\t\t\t<\/div>\n\t\t<\/section>\n\t\t\t\t<section class=\"elementor-section elementor-top-section elementor-element elementor-element-f36b38c elementor-section-boxed elementor-section-height-default elementor-section-height-default\" data-id=\"f36b38c\" data-element_type=\"section\">\n\t\t\t\t\t\t<div class=\"elementor-container elementor-column-gap-default\">\n\t\t\t\t\t<div class=\"elementor-column elementor-col-100 elementor-top-column elementor-element elementor-element-3f61ff6\" data-id=\"3f61ff6\" data-element_type=\"column\">\n\t\t\t<div class=\"elementor-widget-wrap elementor-element-populated\">\n\t\t\t\t\t\t<div class=\"elementor-element elementor-element-b480f41 elementor-widget elementor-widget-image\" data-id=\"b480f41\" data-element_type=\"widget\" data-widget_type=\"image.default\">\n\t\t\t\t<div class=\"elementor-widget-container\">\n\t\t\t\t\t\t\t\t\t\t\t\t\t<img fetchpriority=\"high\" decoding=\"async\" width=\"1024\" height=\"249\" src=\"https:\/\/chimoecheverria.com\/wp-content\/uploads\/2023\/04\/Nampa-Cabecera-1024x249.png\" class=\"attachment-large size-large wp-image-5209\" alt=\"\" srcset=\"https:\/\/chimoecheverria.com\/wp-content\/uploads\/2023\/04\/Nampa-Cabecera-1024x249.png 1024w, https:\/\/chimoecheverria.com\/wp-content\/uploads\/2023\/04\/Nampa-Cabecera-300x73.png 300w, https:\/\/chimoecheverria.com\/wp-content\/uploads\/2023\/04\/Nampa-Cabecera-768x186.png 768w, https:\/\/chimoecheverria.com\/wp-content\/uploads\/2023\/04\/Nampa-Cabecera-1536x373.png 1536w, https:\/\/chimoecheverria.com\/wp-content\/uploads\/2023\/04\/Nampa-Cabecera-2048x497.png 2048w, https:\/\/chimoecheverria.com\/wp-content\/uploads\/2023\/04\/Nampa-Cabecera-18x4.png 18w\" sizes=\"(max-width: 1024px) 100vw, 1024px\" \/>\t\t\t\t\t\t\t\t\t\t\t\t\t<\/div>\n\t\t\t\t<\/div>\n\t\t\t\t\t<\/div>\n\t\t<\/div>\n\t\t\t\t\t<\/div>\n\t\t<\/section>\n\t\t\t\t<section class=\"elementor-section elementor-top-section elementor-element elementor-element-a8194f9 elementor-section-boxed elementor-section-height-default elementor-section-height-default\" data-id=\"a8194f9\" data-element_type=\"section\">\n\t\t\t\t\t\t<div class=\"elementor-container elementor-column-gap-default\">\n\t\t\t\t\t<div class=\"elementor-column elementor-col-100 elementor-top-column elementor-element elementor-element-2566733\" data-id=\"2566733\" data-element_type=\"column\">\n\t\t\t<div class=\"elementor-widget-wrap elementor-element-populated\">\n\t\t\t\t\t\t<div class=\"elementor-element elementor-element-a7b3b7f elementor-widget elementor-widget-text-editor\" data-id=\"a7b3b7f\" data-element_type=\"widget\" data-widget_type=\"text-editor.default\">\n\t\t\t\t<div class=\"elementor-widget-container\">\n\t\t\t\t\t\t\t<p>Puesto que son ya una cantidad interesante de proyectos en los que he participado para este simp\u00e1tico estudio sueco, he creado una secci\u00f3n espec\u00edfica para reunirlos.<\/p>\t\t\t\t\t\t<\/div>\n\t\t\t\t<\/div>\n\t\t\t\t\t<\/div>\n\t\t<\/div>\n\t\t\t\t\t<\/div>\n\t\t<\/section>\n\t\t\t\t<section class=\"elementor-section elementor-top-section elementor-element elementor-element-59890fd elementor-section-boxed elementor-section-height-default elementor-section-height-default\" data-id=\"59890fd\" data-element_type=\"section\">\n\t\t\t\t\t\t<div class=\"elementor-container elementor-column-gap-default\">\n\t\t\t\t\t<div class=\"elementor-column elementor-col-100 elementor-top-column elementor-element elementor-element-0fb2d61\" data-id=\"0fb2d61\" data-element_type=\"column\">\n\t\t\t<div class=\"elementor-widget-wrap elementor-element-populated\">\n\t\t\t\t\t\t<div class=\"elementor-element elementor-element-f90a691 elementor-widget elementor-widget-shortcode\" data-id=\"f90a691\" data-element_type=\"widget\" data-widget_type=\"shortcode.default\">\n\t\t\t\t<div class=\"elementor-widget-container\">\n\t\t\t\t\t<div class=\"elementor-shortcode\">[nimble-portfolio  filters=\"164\"  skin_columns=\"-columns5\"  skin_style=\"-round\" hide_filters=\"1\" order=\"\"]<\/div>\n\t\t\t\t<\/div>\n\t\t\t\t<\/div>\n\t\t\t\t\t<\/div>\n\t\t<\/div>\n\t\t\t\t\t<\/div>\n\t\t<\/section>\n\t\t\t\t<\/div>\n\t\t","protected":false},"excerpt":{"rendered":"<p>NAMPA DESIGN Puesto que son ya una cantidad interesante de proyectos en los que he participado para este simp\u00e1tico estudio sueco, he creado una secci\u00f3n espec\u00edfica para reunirlos. [nimble-portfolio filters=\u00bb164&#8243; skin_columns=\u00bb-columns5&#8243; skin_style=\u00bb-round\u00bb hide_filters=\u00bb1&#8243; order=\u00bb\u00bb]<\/p>\n","protected":false},"author":2,"featured_media":0,"parent":9,"menu_order":0,"comment_status":"closed","ping_status":"closed","template":"page-templates\/template-pagebuilder-full-width.php","meta":{"neve_meta_sidebar":"full-width","neve_meta_container":"full-width","neve_meta_enable_content_width":"on","neve_meta_content_width":100,"neve_meta_title_alignment":"","neve_meta_author_avatar":"","neve_post_elements_order":"","neve_meta_disable_header":"","neve_meta_disable_footer":"","neve_meta_disable_title":"on"},"yoast_head":"<!-- This site is optimized with the Yoast SEO plugin v20.8 - https:\/\/yoast.com\/wordpress\/plugins\/seo\/ -->\n<title>Nampa Design - Chimo Echeverr\u00eda<\/title>\n<meta name=\"robots\" content=\"index, follow, max-snippet:-1, max-image-preview:large, max-video-preview:-1\" \/>\n<link rel=\"canonical\" href=\"https:\/\/chimoecheverria.com\/en\/bae34-home\/nampa-design\/\" \/>\n<meta property=\"og:locale\" content=\"en_US\" \/>\n<meta property=\"og:type\" content=\"article\" \/>\n<meta property=\"og:title\" content=\"Nampa Design - Chimo Echeverr\u00eda\" \/>\n<meta property=\"og:description\" content=\"NAMPA DESIGN Puesto que son ya una cantidad interesante de proyectos en los que he participado para este simp\u00e1tico estudio sueco, he creado una secci\u00f3n espec\u00edfica para reunirlos. [nimble-portfolio filters=\u00bb164&#8243; skin_columns=\u00bb-columns5&#8243; skin_style=\u00bb-round\u00bb hide_filters=\u00bb1&#8243; order=\u00bb\u00bb]\" \/>\n<meta property=\"og:url\" content=\"https:\/\/chimoecheverria.com\/en\/bae34-home\/nampa-design\/\" \/>\n<meta property=\"og:site_name\" content=\"Chimo Echeverr\u00eda\" \/>\n<meta property=\"article:modified_time\" content=\"2023-04-29T18:34:22+00:00\" \/>\n<meta property=\"og:image\" content=\"http:\/\/chimoecheverria.com\/wp-content\/uploads\/2023\/04\/Nampa-Cabecera-1024x249.png\" \/>\n<meta name=\"twitter:card\" content=\"summary_large_image\" \/>\n<script type=\"application\/ld+json\" class=\"yoast-schema-graph\">{\"@context\":\"https:\/\/schema.org\",\"@graph\":[{\"@type\":\"WebPage\",\"@id\":\"https:\/\/chimoecheverria.com\/bae34-home\/nampa-design\/\",\"url\":\"https:\/\/chimoecheverria.com\/bae34-home\/nampa-design\/\",\"name\":\"Nampa Design - Chimo Echeverr\u00eda\",\"isPartOf\":{\"@id\":\"https:\/\/chimoecheverria.com\/#website\"},\"datePublished\":\"2023-04-29T16:38:54+00:00\",\"dateModified\":\"2023-04-29T18:34:22+00:00\",\"breadcrumb\":{\"@id\":\"https:\/\/chimoecheverria.com\/bae34-home\/nampa-design\/#breadcrumb\"},\"inLanguage\":\"en-US\",\"potentialAction\":[{\"@type\":\"ReadAction\",\"target\":[\"https:\/\/chimoecheverria.com\/bae34-home\/nampa-design\/\"]}]},{\"@type\":\"BreadcrumbList\",\"@id\":\"https:\/\/chimoecheverria.com\/bae34-home\/nampa-design\/#breadcrumb\",\"itemListElement\":[{\"@type\":\"ListItem\",\"position\":1,\"name\":\"Portada\",\"item\":\"https:\/\/chimoecheverria.com\/\"},{\"@type\":\"ListItem\",\"position\":2,\"name\":\"Home\",\"item\":\"https:\/\/chimoecheverria.com\/\"},{\"@type\":\"ListItem\",\"position\":3,\"name\":\"Nampa Design\"}]},{\"@type\":\"WebSite\",\"@id\":\"https:\/\/chimoecheverria.com\/#website\",\"url\":\"https:\/\/chimoecheverria.com\/\",\"name\":\"Chimo Echeverr\u00eda\",\"description\":\"Composer &amp; Sound Designer\",\"potentialAction\":[{\"@type\":\"SearchAction\",\"target\":{\"@type\":\"EntryPoint\",\"urlTemplate\":\"https:\/\/chimoecheverria.com\/?s={search_term_string}\"},\"query-input\":\"required name=search_term_string\"}],\"inLanguage\":\"en-US\"}]}<\/script>\n<!-- \/ Yoast SEO plugin. -->","yoast_head_json":{"title":"Nampa Design - Chimo Echeverr\u00eda","robots":{"index":"index","follow":"follow","max-snippet":"max-snippet:-1","max-image-preview":"max-image-preview:large","max-video-preview":"max-video-preview:-1"},"canonical":"https:\/\/chimoecheverria.com\/en\/bae34-home\/nampa-design\/","og_locale":"en_US","og_type":"article","og_title":"Nampa Design - Chimo Echeverr\u00eda","og_description":"NAMPA DESIGN Puesto que son ya una cantidad interesante de proyectos en los que he participado para este simp\u00e1tico estudio sueco, he creado una secci\u00f3n espec\u00edfica para reunirlos. [nimble-portfolio filters=\u00bb164&#8243; skin_columns=\u00bb-columns5&#8243; skin_style=\u00bb-round\u00bb hide_filters=\u00bb1&#8243; order=\u00bb\u00bb]","og_url":"https:\/\/chimoecheverria.com\/en\/bae34-home\/nampa-design\/","og_site_name":"Chimo Echeverr\u00eda","article_modified_time":"2023-04-29T18:34:22+00:00","og_image":[{"url":"http:\/\/chimoecheverria.com\/wp-content\/uploads\/2023\/04\/Nampa-Cabecera-1024x249.png"}],"twitter_card":"summary_large_image","schema":{"@context":"https:\/\/schema.org","@graph":[{"@type":"WebPage","@id":"https:\/\/chimoecheverria.com\/bae34-home\/nampa-design\/","url":"https:\/\/chimoecheverria.com\/bae34-home\/nampa-design\/","name":"Nampa Design - Chimo Echeverr\u00eda","isPartOf":{"@id":"https:\/\/chimoecheverria.com\/#website"},"datePublished":"2023-04-29T16:38:54+00:00","dateModified":"2023-04-29T18:34:22+00:00","breadcrumb":{"@id":"https:\/\/chimoecheverria.com\/bae34-home\/nampa-design\/#breadcrumb"},"inLanguage":"en-US","potentialAction":[{"@type":"ReadAction","target":["https:\/\/chimoecheverria.com\/bae34-home\/nampa-design\/"]}]},{"@type":"BreadcrumbList","@id":"https:\/\/chimoecheverria.com\/bae34-home\/nampa-design\/#breadcrumb","itemListElement":[{"@type":"ListItem","position":1,"name":"Portada","item":"https:\/\/chimoecheverria.com\/"},{"@type":"ListItem","position":2,"name":"Home","item":"https:\/\/chimoecheverria.com\/"},{"@type":"ListItem","position":3,"name":"Nampa Design"}]},{"@type":"WebSite","@id":"https:\/\/chimoecheverria.com\/#website","url":"https:\/\/chimoecheverria.com\/","name":"Chimo Echeverr\u00eda","description":"Composer &amp; Sound Designer","potentialAction":[{"@type":"SearchAction","target":{"@type":"EntryPoint","urlTemplate":"https:\/\/chimoecheverria.com\/?s={search_term_string}"},"query-input":"required name=search_term_string"}],"inLanguage":"en-US"}]}},"_links":{"self":[{"href":"https:\/\/chimoecheverria.com\/en\/wp-json\/wp\/v2\/pages\/5200"}],"collection":[{"href":"https:\/\/chimoecheverria.com\/en\/wp-json\/wp\/v2\/pages"}],"about":[{"href":"https:\/\/chimoecheverria.com\/en\/wp-json\/wp\/v2\/types\/page"}],"author":[{"embeddable":true,"href":"https:\/\/chimoecheverria.com\/en\/wp-json\/wp\/v2\/users\/2"}],"replies":[{"embeddable":true,"href":"https:\/\/chimoecheverria.com\/en\/wp-json\/wp\/v2\/comments?post=5200"}],"version-history":[{"count":18,"href":"https:\/\/chimoecheverria.com\/en\/wp-json\/wp\/v2\/pages\/5200\/revisions"}],"predecessor-version":[{"id":5226,"href":"https:\/\/chimoecheverria.com\/en\/wp-json\/wp\/v2\/pages\/5200\/revisions\/5226"}],"up":[{"embeddable":true,"href":"https:\/\/chimoecheverria.com\/en\/wp-json\/wp\/v2\/pages\/9"}],"wp:attachment":[{"href":"https:\/\/chimoecheverria.com\/en\/wp-json\/wp\/v2\/media?parent=5200"}],"curies":[{"name":"wp","href":"https:\/\/api.w.org\/{rel}","templated":true}]}}