{"id":5409,"date":"2023-10-14T20:44:28","date_gmt":"2023-10-14T18:44:28","guid":{"rendered":"https:\/\/chimoecheverria.com\/?page_id=5409"},"modified":"2023-10-14T21:58:48","modified_gmt":"2023-10-14T19:58:48","slug":"the-grinch-christmas-adventures","status":"publish","type":"page","link":"https:\/\/chimoecheverria.com\/en\/bae34-home\/the-grinch-christmas-adventures\/","title":{"rendered":"The Grinch: Christmas Adventure"},"content":{"rendered":"<div data-elementor-type=\"wp-page\" data-elementor-id=\"5409\" class=\"elementor elementor-5409\">\n\t\t\t\t\t\t<section class=\"elementor-section elementor-top-section elementor-element elementor-element-68260cc elementor-section-boxed elementor-section-height-default elementor-section-height-default\" data-id=\"68260cc\" data-element_type=\"section\">\n\t\t\t\t\t\t<div class=\"elementor-container elementor-column-gap-default\">\n\t\t\t\t\t<div class=\"elementor-column elementor-col-100 elementor-top-column elementor-element elementor-element-9b37e4e\" data-id=\"9b37e4e\" data-element_type=\"column\">\n\t\t\t<div class=\"elementor-widget-wrap\">\n\t\t\t\t\t\t\t<\/div>\n\t\t<\/div>\n\t\t\t\t\t<\/div>\n\t\t<\/section>\n\t\t\t\t<section class=\"elementor-section elementor-top-section elementor-element elementor-element-ec3855e elementor-section-boxed elementor-section-height-default elementor-section-height-default\" data-id=\"ec3855e\" data-element_type=\"section\">\n\t\t\t\t\t\t<div class=\"elementor-container elementor-column-gap-default\">\n\t\t\t\t\t<div class=\"elementor-column elementor-col-100 elementor-top-column elementor-element elementor-element-81381a7\" data-id=\"81381a7\" data-element_type=\"column\">\n\t\t\t<div class=\"elementor-widget-wrap elementor-element-populated\">\n\t\t\t\t\t\t<div class=\"elementor-element elementor-element-ff10bbe elementor-widget elementor-widget-heading\" data-id=\"ff10bbe\" data-element_type=\"widget\" data-widget_type=\"heading.default\">\n\t\t\t\t<div class=\"elementor-widget-container\">\n\t\t\t<h2 class=\"elementor-heading-title elementor-size-default\"><br>The grinch: christmas adventure<br><\/h2>\t\t<\/div>\n\t\t\t\t<\/div>\n\t\t\t\t\t<\/div>\n\t\t<\/div>\n\t\t\t\t\t<\/div>\n\t\t<\/section>\n\t\t\t\t<section class=\"elementor-section elementor-top-section elementor-element elementor-element-f8a02eb elementor-section-boxed elementor-section-height-default elementor-section-height-default\" data-id=\"f8a02eb\" data-element_type=\"section\">\n\t\t\t\t\t\t<div class=\"elementor-container elementor-column-gap-default\">\n\t\t\t\t\t<div class=\"elementor-column elementor-col-100 elementor-top-column elementor-element elementor-element-2aaf61d\" data-id=\"2aaf61d\" data-element_type=\"column\">\n\t\t\t<div class=\"elementor-widget-wrap elementor-element-populated\">\n\t\t\t\t\t\t<div class=\"elementor-element elementor-element-660034e elementor-widget elementor-widget-video\" data-id=\"660034e\" data-element_type=\"widget\" data-settings=\"{&quot;youtube_url&quot;:&quot;https:\\\/\\\/www.youtube.com\\\/watch?v=yXb1IpjX47Y&quot;,&quot;video_type&quot;:&quot;youtube&quot;,&quot;controls&quot;:&quot;yes&quot;}\" data-widget_type=\"video.default\">\n\t\t\t\t<div class=\"elementor-widget-container\">\n\t\t\t\t\t<div class=\"elementor-wrapper elementor-open-inline\">\n\t\t\t<div class=\"elementor-video\"><\/div>\t\t<\/div>\n\t\t\t\t<\/div>\n\t\t\t\t<\/div>\n\t\t\t\t\t<\/div>\n\t\t<\/div>\n\t\t\t\t\t<\/div>\n\t\t<\/section>\n\t\t\t\t<section class=\"elementor-section elementor-top-section elementor-element elementor-element-2cbbcdd elementor-section-boxed elementor-section-height-default elementor-section-height-default\" data-id=\"2cbbcdd\" data-element_type=\"section\">\n\t\t\t\t\t\t<div class=\"elementor-container elementor-column-gap-default\">\n\t\t\t\t\t<div class=\"elementor-column elementor-col-100 elementor-top-column elementor-element elementor-element-c027980\" data-id=\"c027980\" data-element_type=\"column\">\n\t\t\t<div class=\"elementor-widget-wrap elementor-element-populated\">\n\t\t\t\t\t\t<div class=\"elementor-element elementor-element-7fb7973 elementor-widget elementor-widget-text-editor\" data-id=\"7fb7973\" data-element_type=\"widget\" data-widget_type=\"text-editor.default\">\n\t\t\t\t<div class=\"elementor-widget-container\">\n\t\t\t\t\t\t\t<p>In this Dr. Seuss title developed by Casual Brothers and published by OutRight Games, which has been released on all platforms (Nintendo Switch, PS4, PS5, Steam, Xbox), I worked as a sound designer. This involved designing and producing several hundred sound effects for the actions of the Grinch and his pet Max, as well as for the platforming elements in the adventure world.<\/p><p>Implic\u00f3 dise\u00f1ar y producir varios cientos de efectos para las acciones del Grinch y su mascota Max as\u00ed como para los elementos del mundo de plataformas por el que transcurre la aventura.<\/p>\t\t\t\t\t\t<\/div>\n\t\t\t\t<\/div>\n\t\t\t\t\t<\/div>\n\t\t<\/div>\n\t\t\t\t\t<\/div>\n\t\t<\/section>\n\t\t\t\t<\/div>","protected":false},"excerpt":{"rendered":"<p>The grinch: christmas adventure En este t\u00edtulo de Dr. Seuss desarrollado por el estudio Casual Brothers y publicado por OutRight Games que ha sido lanzado en todas las plataformas (Nintendo Switch, PS4, PS5, Steam, Xbox) desempe\u00f1o labores dise\u00f1ador de sonido. Implic\u00f3 dise\u00f1ar y producir varios cientos de efectos para las acciones del Grinch y su&hellip;&nbsp;<a href=\"https:\/\/chimoecheverria.com\/en\/bae34-home\/the-grinch-christmas-adventures\/\" class=\"\" rel=\"bookmark\">Read More &raquo;<span class=\"screen-reader-text\">The Grinch: Christmas Adventure<\/span><\/a><\/p>","protected":false},"author":1,"featured_media":0,"parent":9,"menu_order":0,"comment_status":"closed","ping_status":"closed","template":"page-templates\/template-pagebuilder-full-width.php","meta":{"neve_meta_sidebar":"","neve_meta_container":"","neve_meta_enable_content_width":"","neve_meta_content_width":0,"neve_meta_title_alignment":"","neve_meta_author_avatar":"","neve_post_elements_order":"","neve_meta_disable_header":"","neve_meta_disable_footer":"","neve_meta_disable_title":""},"yoast_head":"<!-- This site is optimized with the Yoast SEO plugin v20.8 - https:\/\/yoast.com\/wordpress\/plugins\/seo\/ -->\n<title>The Grinch: Christmas Adventure - Chimo Echeverr\u00eda<\/title>\n<meta name=\"robots\" content=\"index, follow, max-snippet:-1, max-image-preview:large, max-video-preview:-1\" \/>\n<link rel=\"canonical\" href=\"https:\/\/chimoecheverria.com\/en\/bae34-home\/the-grinch-christmas-adventures\/\" \/>\n<meta property=\"og:locale\" content=\"en_US\" \/>\n<meta property=\"og:type\" content=\"article\" \/>\n<meta property=\"og:title\" content=\"The Grinch: Christmas Adventure - Chimo Echeverr\u00eda\" \/>\n<meta property=\"og:description\" content=\"The grinch: christmas adventure En este t\u00edtulo de Dr. Seuss desarrollado por el estudio Casual Brothers y publicado por OutRight Games que ha sido lanzado en todas las plataformas (Nintendo Switch, PS4, PS5, Steam, Xbox) desempe\u00f1o labores dise\u00f1ador de sonido. Implic\u00f3 dise\u00f1ar y producir varios cientos de efectos para las acciones del Grinch y su&hellip;&nbsp;Read More &raquo;The Grinch: Christmas Adventure\" \/>\n<meta property=\"og:url\" content=\"https:\/\/chimoecheverria.com\/en\/bae34-home\/the-grinch-christmas-adventures\/\" \/>\n<meta property=\"og:site_name\" content=\"Chimo Echeverr\u00eda\" \/>\n<meta property=\"article:modified_time\" content=\"2023-10-14T19:58:48+00:00\" \/>\n<meta name=\"twitter:card\" content=\"summary_large_image\" \/>\n<meta name=\"twitter:label1\" content=\"Est. reading time\" \/>\n\t<meta name=\"twitter:data1\" content=\"1 minute\" \/>\n<script type=\"application\/ld+json\" class=\"yoast-schema-graph\">{\"@context\":\"https:\/\/schema.org\",\"@graph\":[{\"@type\":\"WebPage\",\"@id\":\"https:\/\/chimoecheverria.com\/bae34-home\/the-grinch-christmas-adventures\/\",\"url\":\"https:\/\/chimoecheverria.com\/bae34-home\/the-grinch-christmas-adventures\/\",\"name\":\"The Grinch: Christmas Adventure - Chimo Echeverr\u00eda\",\"isPartOf\":{\"@id\":\"https:\/\/chimoecheverria.com\/#website\"},\"datePublished\":\"2023-10-14T18:44:28+00:00\",\"dateModified\":\"2023-10-14T19:58:48+00:00\",\"breadcrumb\":{\"@id\":\"https:\/\/chimoecheverria.com\/bae34-home\/the-grinch-christmas-adventures\/#breadcrumb\"},\"inLanguage\":\"en-US\",\"potentialAction\":[{\"@type\":\"ReadAction\",\"target\":[\"https:\/\/chimoecheverria.com\/bae34-home\/the-grinch-christmas-adventures\/\"]}]},{\"@type\":\"BreadcrumbList\",\"@id\":\"https:\/\/chimoecheverria.com\/bae34-home\/the-grinch-christmas-adventures\/#breadcrumb\",\"itemListElement\":[{\"@type\":\"ListItem\",\"position\":1,\"name\":\"Portada\",\"item\":\"https:\/\/chimoecheverria.com\/\"},{\"@type\":\"ListItem\",\"position\":2,\"name\":\"Home\",\"item\":\"https:\/\/chimoecheverria.com\/\"},{\"@type\":\"ListItem\",\"position\":3,\"name\":\"The Grinch: Christmas Adventure\"}]},{\"@type\":\"WebSite\",\"@id\":\"https:\/\/chimoecheverria.com\/#website\",\"url\":\"https:\/\/chimoecheverria.com\/\",\"name\":\"Chimo Echeverr\u00eda\",\"description\":\"Composer &amp; Sound Designer\",\"potentialAction\":[{\"@type\":\"SearchAction\",\"target\":{\"@type\":\"EntryPoint\",\"urlTemplate\":\"https:\/\/chimoecheverria.com\/?s={search_term_string}\"},\"query-input\":\"required name=search_term_string\"}],\"inLanguage\":\"en-US\"}]}<\/script>\n<!-- \/ Yoast SEO plugin. -->","yoast_head_json":{"title":"The Grinch: Christmas Adventure - Chimo Echeverr\u00eda","robots":{"index":"index","follow":"follow","max-snippet":"max-snippet:-1","max-image-preview":"max-image-preview:large","max-video-preview":"max-video-preview:-1"},"canonical":"https:\/\/chimoecheverria.com\/en\/bae34-home\/the-grinch-christmas-adventures\/","og_locale":"en_US","og_type":"article","og_title":"The Grinch: Christmas Adventure - Chimo Echeverr\u00eda","og_description":"The grinch: christmas adventure En este t\u00edtulo de Dr. Seuss desarrollado por el estudio Casual Brothers y publicado por OutRight Games que ha sido lanzado en todas las plataformas (Nintendo Switch, PS4, PS5, Steam, Xbox) desempe\u00f1o labores dise\u00f1ador de sonido. Implic\u00f3 dise\u00f1ar y producir varios cientos de efectos para las acciones del Grinch y su&hellip;&nbsp;Read More &raquo;The Grinch: Christmas Adventure","og_url":"https:\/\/chimoecheverria.com\/en\/bae34-home\/the-grinch-christmas-adventures\/","og_site_name":"Chimo Echeverr\u00eda","article_modified_time":"2023-10-14T19:58:48+00:00","twitter_card":"summary_large_image","twitter_misc":{"Est. reading time":"1 minute"},"schema":{"@context":"https:\/\/schema.org","@graph":[{"@type":"WebPage","@id":"https:\/\/chimoecheverria.com\/bae34-home\/the-grinch-christmas-adventures\/","url":"https:\/\/chimoecheverria.com\/bae34-home\/the-grinch-christmas-adventures\/","name":"The Grinch: Christmas Adventure - Chimo Echeverr\u00eda","isPartOf":{"@id":"https:\/\/chimoecheverria.com\/#website"},"datePublished":"2023-10-14T18:44:28+00:00","dateModified":"2023-10-14T19:58:48+00:00","breadcrumb":{"@id":"https:\/\/chimoecheverria.com\/bae34-home\/the-grinch-christmas-adventures\/#breadcrumb"},"inLanguage":"en-US","potentialAction":[{"@type":"ReadAction","target":["https:\/\/chimoecheverria.com\/bae34-home\/the-grinch-christmas-adventures\/"]}]},{"@type":"BreadcrumbList","@id":"https:\/\/chimoecheverria.com\/bae34-home\/the-grinch-christmas-adventures\/#breadcrumb","itemListElement":[{"@type":"ListItem","position":1,"name":"Portada","item":"https:\/\/chimoecheverria.com\/"},{"@type":"ListItem","position":2,"name":"Home","item":"https:\/\/chimoecheverria.com\/"},{"@type":"ListItem","position":3,"name":"The Grinch: Christmas Adventure"}]},{"@type":"WebSite","@id":"https:\/\/chimoecheverria.com\/#website","url":"https:\/\/chimoecheverria.com\/","name":"Chimo Echeverr\u00eda","description":"Composer &amp; Sound Designer","potentialAction":[{"@type":"SearchAction","target":{"@type":"EntryPoint","urlTemplate":"https:\/\/chimoecheverria.com\/?s={search_term_string}"},"query-input":"required name=search_term_string"}],"inLanguage":"en-US"}]}},"_links":{"self":[{"href":"https:\/\/chimoecheverria.com\/en\/wp-json\/wp\/v2\/pages\/5409"}],"collection":[{"href":"https:\/\/chimoecheverria.com\/en\/wp-json\/wp\/v2\/pages"}],"about":[{"href":"https:\/\/chimoecheverria.com\/en\/wp-json\/wp\/v2\/types\/page"}],"author":[{"embeddable":true,"href":"https:\/\/chimoecheverria.com\/en\/wp-json\/wp\/v2\/users\/1"}],"replies":[{"embeddable":true,"href":"https:\/\/chimoecheverria.com\/en\/wp-json\/wp\/v2\/comments?post=5409"}],"version-history":[{"count":9,"href":"https:\/\/chimoecheverria.com\/en\/wp-json\/wp\/v2\/pages\/5409\/revisions"}],"predecessor-version":[{"id":5441,"href":"https:\/\/chimoecheverria.com\/en\/wp-json\/wp\/v2\/pages\/5409\/revisions\/5441"}],"up":[{"embeddable":true,"href":"https:\/\/chimoecheverria.com\/en\/wp-json\/wp\/v2\/pages\/9"}],"wp:attachment":[{"href":"https:\/\/chimoecheverria.com\/en\/wp-json\/wp\/v2\/media?parent=5409"}],"curies":[{"name":"wp","href":"https:\/\/api.w.org\/{rel}","templated":true}]}}