{"id":5459,"date":"2025-01-09T11:50:34","date_gmt":"2025-01-09T10:50:34","guid":{"rendered":"https:\/\/chimoecheverria.com\/?page_id=5459"},"modified":"2025-01-16T09:41:51","modified_gmt":"2025-01-16T08:41:51","slug":"dustin-plays","status":"publish","type":"page","link":"https:\/\/chimoecheverria.com\/en\/bae34-home\/dustin-plays\/","title":{"rendered":"Dustin Plays"},"content":{"rendered":"<div data-elementor-type=\"wp-page\" data-elementor-id=\"5459\" class=\"elementor elementor-5459\">\n\t\t\t\t\t\t<section class=\"elementor-section elementor-top-section elementor-element elementor-element-a1d1fb6 elementor-section-boxed elementor-section-height-default elementor-section-height-default\" data-id=\"a1d1fb6\" data-element_type=\"section\">\n\t\t\t\t\t\t<div class=\"elementor-container elementor-column-gap-default\">\n\t\t\t\t\t<div class=\"elementor-column elementor-col-100 elementor-top-column elementor-element elementor-element-52c53d7\" data-id=\"52c53d7\" data-element_type=\"column\">\n\t\t\t<div class=\"elementor-widget-wrap elementor-element-populated\">\n\t\t\t\t\t\t\t<\/div>\n\t\t<\/div>\n\t\t\t\t\t<\/div>\n\t\t<\/section>\n\t\t\t\t<section class=\"elementor-section elementor-top-section elementor-element elementor-element-6ad7fff elementor-section-boxed elementor-section-height-default elementor-section-height-default\" data-id=\"6ad7fff\" data-element_type=\"section\">\n\t\t\t\t\t\t<div class=\"elementor-container elementor-column-gap-default\">\n\t\t\t\t\t<div class=\"elementor-column elementor-col-100 elementor-top-column elementor-element elementor-element-f3003ba\" data-id=\"f3003ba\" data-element_type=\"column\">\n\t\t\t<div class=\"elementor-widget-wrap elementor-element-populated\">\n\t\t\t\t\t\t\t<\/div>\n\t\t<\/div>\n\t\t\t\t\t<\/div>\n\t\t<\/section>\n\t\t\t\t<section class=\"elementor-section elementor-top-section elementor-element elementor-element-dc2f70b elementor-section-boxed elementor-section-height-default elementor-section-height-default\" data-id=\"dc2f70b\" data-element_type=\"section\">\n\t\t\t\t\t\t<div class=\"elementor-container elementor-column-gap-default\">\n\t\t\t\t\t<div class=\"elementor-column elementor-col-100 elementor-top-column elementor-element elementor-element-b20a2b3\" data-id=\"b20a2b3\" data-element_type=\"column\">\n\t\t\t<div class=\"elementor-widget-wrap\">\n\t\t\t\t\t\t\t<\/div>\n\t\t<\/div>\n\t\t\t\t\t<\/div>\n\t\t<\/section>\n\t\t\t\t<section class=\"elementor-section elementor-top-section elementor-element elementor-element-cd642ac elementor-section-boxed elementor-section-height-default elementor-section-height-default\" data-id=\"cd642ac\" data-element_type=\"section\">\n\t\t\t\t\t\t<div class=\"elementor-container elementor-column-gap-default\">\n\t\t\t\t\t<div class=\"elementor-column elementor-col-100 elementor-top-column elementor-element elementor-element-3395d72\" data-id=\"3395d72\" data-element_type=\"column\">\n\t\t\t<div class=\"elementor-widget-wrap\">\n\t\t\t\t\t\t\t<\/div>\n\t\t<\/div>\n\t\t\t\t\t<\/div>\n\t\t<\/section>\n\t\t\t\t<section class=\"elementor-section elementor-top-section elementor-element elementor-element-44c07d7 elementor-section-boxed elementor-section-height-default elementor-section-height-default\" data-id=\"44c07d7\" data-element_type=\"section\">\n\t\t\t\t\t\t<div class=\"elementor-container elementor-column-gap-default\">\n\t\t\t\t\t<div class=\"elementor-column elementor-col-100 elementor-top-column elementor-element elementor-element-a7eb8ce\" data-id=\"a7eb8ce\" data-element_type=\"column\">\n\t\t\t<div class=\"elementor-widget-wrap elementor-element-populated\">\n\t\t\t\t\t\t<div class=\"elementor-element elementor-element-fa613a1 elementor-widget__width-inherit elementor-widget elementor-widget-video\" data-id=\"fa613a1\" data-element_type=\"widget\" data-settings=\"{&quot;youtube_url&quot;:&quot;https:\\\/\\\/youtu.be\\\/hc6fClZ2nPU&quot;,&quot;video_type&quot;:&quot;youtube&quot;,&quot;controls&quot;:&quot;yes&quot;}\" data-widget_type=\"video.default\">\n\t\t\t\t<div class=\"elementor-widget-container\">\n\t\t\t\t\t<div class=\"elementor-wrapper elementor-open-inline\">\n\t\t\t<div class=\"elementor-video\"><\/div>\t\t<\/div>\n\t\t\t\t<\/div>\n\t\t\t\t<\/div>\n\t\t\t\t\t<\/div>\n\t\t<\/div>\n\t\t\t\t\t<\/div>\n\t\t<\/section>\n\t\t\t\t<section class=\"elementor-section elementor-top-section elementor-element elementor-element-44eacf3 elementor-section-boxed elementor-section-height-default elementor-section-height-default\" data-id=\"44eacf3\" data-element_type=\"section\">\n\t\t\t\t\t\t<div class=\"elementor-container elementor-column-gap-default\">\n\t\t\t\t\t<div class=\"elementor-column elementor-col-100 elementor-top-column elementor-element elementor-element-7235b0a\" data-id=\"7235b0a\" data-element_type=\"column\">\n\t\t\t<div class=\"elementor-widget-wrap elementor-element-populated\">\n\t\t\t\t\t\t<div class=\"elementor-element elementor-element-51fcbb6 elementor-widget elementor-widget-text-editor\" data-id=\"51fcbb6\" data-element_type=\"widget\" data-widget_type=\"text-editor.default\">\n\t\t\t\t<div class=\"elementor-widget-container\">\n\t\t\t\t\t\t\t<p><strong>Dustin Plays<\/strong>\u00a0is a personal project where I strive to bring all my creative resources into play.<\/p><p>It takes the form of an introductory course to classical guitar, an instrument I have enjoyed since I was a child. In this course, I aim to share many of the things I teach my students daily. Some of the most important lessons have been taught to me by them. As part of the course, I will provide related materials.<\/p><p><strong><em>Dustin Plays<\/em><\/strong> is a platform where I unleash my imagination and promote my work in a different way. For those interested in my work as <em>a sound designer<\/em> and <em>music composer<\/em> I will also include information about the production process.<\/p><p>To develop this course, I had to cultivate many small skills, but more importantly, I embarked on a personal journey where remarkable people have helped me along the way. For that reason, this is, in many ways, my way of expressing gratitude and sharing what I have received.<\/p><p>I narrate everything through a little story\u2014the story of Dustin.<\/p><p>Would you like to know how and why Dustin started playing the guitar? ...<\/p>\t\t\t\t\t\t<\/div>\n\t\t\t\t<\/div>\n\t\t\t\t\t<\/div>\n\t\t<\/div>\n\t\t\t\t\t<\/div>\n\t\t<\/section>\n\t\t\t\t<\/div>","protected":false},"excerpt":{"rendered":"<p>https:\/\/youtu.be\/hc6fClZ2nPU Dustin Plays\u00a0es un proyecto personal en el que trato de poner en juego todos mis recursos creativos. Tiene forma de curso de iniciaci\u00f3n a la guitarra cl\u00e1sica, instrumento del que disfruto desde peque\u00f1o. En este curso trato de transmitir muchas de las cosas que comparto a diario con mis alumnos. Algunas importantes me las&hellip;&nbsp;<a href=\"https:\/\/chimoecheverria.com\/en\/bae34-home\/dustin-plays\/\" class=\"\" rel=\"bookmark\">Read More &raquo;<span class=\"screen-reader-text\">Dustin Plays<\/span><\/a><\/p>","protected":false},"author":1,"featured_media":0,"parent":9,"menu_order":0,"comment_status":"closed","ping_status":"closed","template":"page-templates\/template-pagebuilder-full-width.php","meta":{"neve_meta_sidebar":"","neve_meta_container":"","neve_meta_enable_content_width":"","neve_meta_content_width":0,"neve_meta_title_alignment":"","neve_meta_author_avatar":"","neve_post_elements_order":"","neve_meta_disable_header":"","neve_meta_disable_footer":"","neve_meta_disable_title":""},"yoast_head":"<!-- This site is optimized with the Yoast SEO plugin v20.8 - https:\/\/yoast.com\/wordpress\/plugins\/seo\/ -->\n<title>Dustin Plays - Chimo Echeverr\u00eda<\/title>\n<meta name=\"robots\" content=\"index, follow, max-snippet:-1, max-image-preview:large, max-video-preview:-1\" \/>\n<link rel=\"canonical\" href=\"https:\/\/chimoecheverria.com\/en\/bae34-home\/dustin-plays\/\" \/>\n<meta property=\"og:locale\" content=\"en_US\" \/>\n<meta property=\"og:type\" content=\"article\" \/>\n<meta property=\"og:title\" content=\"Dustin Plays - Chimo Echeverr\u00eda\" \/>\n<meta property=\"og:description\" content=\"https:\/\/youtu.be\/hc6fClZ2nPU Dustin Plays\u00a0es un proyecto personal en el que trato de poner en juego todos mis recursos creativos. Tiene forma de curso de iniciaci\u00f3n a la guitarra cl\u00e1sica, instrumento del que disfruto desde peque\u00f1o. En este curso trato de transmitir muchas de las cosas que comparto a diario con mis alumnos. Algunas importantes me las&hellip;&nbsp;Read More &raquo;Dustin Plays\" \/>\n<meta property=\"og:url\" content=\"https:\/\/chimoecheverria.com\/en\/bae34-home\/dustin-plays\/\" \/>\n<meta property=\"og:site_name\" content=\"Chimo Echeverr\u00eda\" \/>\n<meta property=\"article:modified_time\" content=\"2025-01-16T08:41:51+00:00\" \/>\n<meta name=\"twitter:card\" content=\"summary_large_image\" \/>\n<meta name=\"twitter:label1\" content=\"Est. reading time\" \/>\n\t<meta name=\"twitter:data1\" content=\"1 minute\" \/>\n<script type=\"application\/ld+json\" class=\"yoast-schema-graph\">{\"@context\":\"https:\/\/schema.org\",\"@graph\":[{\"@type\":\"WebPage\",\"@id\":\"https:\/\/chimoecheverria.com\/bae34-home\/dustin-plays\/\",\"url\":\"https:\/\/chimoecheverria.com\/bae34-home\/dustin-plays\/\",\"name\":\"Dustin Plays - Chimo Echeverr\u00eda\",\"isPartOf\":{\"@id\":\"https:\/\/chimoecheverria.com\/#website\"},\"datePublished\":\"2025-01-09T10:50:34+00:00\",\"dateModified\":\"2025-01-16T08:41:51+00:00\",\"breadcrumb\":{\"@id\":\"https:\/\/chimoecheverria.com\/bae34-home\/dustin-plays\/#breadcrumb\"},\"inLanguage\":\"en-US\",\"potentialAction\":[{\"@type\":\"ReadAction\",\"target\":[\"https:\/\/chimoecheverria.com\/bae34-home\/dustin-plays\/\"]}]},{\"@type\":\"BreadcrumbList\",\"@id\":\"https:\/\/chimoecheverria.com\/bae34-home\/dustin-plays\/#breadcrumb\",\"itemListElement\":[{\"@type\":\"ListItem\",\"position\":1,\"name\":\"Portada\",\"item\":\"https:\/\/chimoecheverria.com\/\"},{\"@type\":\"ListItem\",\"position\":2,\"name\":\"Home\",\"item\":\"https:\/\/chimoecheverria.com\/\"},{\"@type\":\"ListItem\",\"position\":3,\"name\":\"Dustin Plays\"}]},{\"@type\":\"WebSite\",\"@id\":\"https:\/\/chimoecheverria.com\/#website\",\"url\":\"https:\/\/chimoecheverria.com\/\",\"name\":\"Chimo Echeverr\u00eda\",\"description\":\"Composer &amp; Sound Designer\",\"potentialAction\":[{\"@type\":\"SearchAction\",\"target\":{\"@type\":\"EntryPoint\",\"urlTemplate\":\"https:\/\/chimoecheverria.com\/?s={search_term_string}\"},\"query-input\":\"required name=search_term_string\"}],\"inLanguage\":\"en-US\"}]}<\/script>\n<!-- \/ Yoast SEO plugin. -->","yoast_head_json":{"title":"Dustin Plays - Chimo Echeverr\u00eda","robots":{"index":"index","follow":"follow","max-snippet":"max-snippet:-1","max-image-preview":"max-image-preview:large","max-video-preview":"max-video-preview:-1"},"canonical":"https:\/\/chimoecheverria.com\/en\/bae34-home\/dustin-plays\/","og_locale":"en_US","og_type":"article","og_title":"Dustin Plays - Chimo Echeverr\u00eda","og_description":"https:\/\/youtu.be\/hc6fClZ2nPU Dustin Plays\u00a0es un proyecto personal en el que trato de poner en juego todos mis recursos creativos. Tiene forma de curso de iniciaci\u00f3n a la guitarra cl\u00e1sica, instrumento del que disfruto desde peque\u00f1o. En este curso trato de transmitir muchas de las cosas que comparto a diario con mis alumnos. Algunas importantes me las&hellip;&nbsp;Read More &raquo;Dustin Plays","og_url":"https:\/\/chimoecheverria.com\/en\/bae34-home\/dustin-plays\/","og_site_name":"Chimo Echeverr\u00eda","article_modified_time":"2025-01-16T08:41:51+00:00","twitter_card":"summary_large_image","twitter_misc":{"Est. reading time":"1 minute"},"schema":{"@context":"https:\/\/schema.org","@graph":[{"@type":"WebPage","@id":"https:\/\/chimoecheverria.com\/bae34-home\/dustin-plays\/","url":"https:\/\/chimoecheverria.com\/bae34-home\/dustin-plays\/","name":"Dustin Plays - Chimo Echeverr\u00eda","isPartOf":{"@id":"https:\/\/chimoecheverria.com\/#website"},"datePublished":"2025-01-09T10:50:34+00:00","dateModified":"2025-01-16T08:41:51+00:00","breadcrumb":{"@id":"https:\/\/chimoecheverria.com\/bae34-home\/dustin-plays\/#breadcrumb"},"inLanguage":"en-US","potentialAction":[{"@type":"ReadAction","target":["https:\/\/chimoecheverria.com\/bae34-home\/dustin-plays\/"]}]},{"@type":"BreadcrumbList","@id":"https:\/\/chimoecheverria.com\/bae34-home\/dustin-plays\/#breadcrumb","itemListElement":[{"@type":"ListItem","position":1,"name":"Portada","item":"https:\/\/chimoecheverria.com\/"},{"@type":"ListItem","position":2,"name":"Home","item":"https:\/\/chimoecheverria.com\/"},{"@type":"ListItem","position":3,"name":"Dustin Plays"}]},{"@type":"WebSite","@id":"https:\/\/chimoecheverria.com\/#website","url":"https:\/\/chimoecheverria.com\/","name":"Chimo Echeverr\u00eda","description":"Composer &amp; Sound Designer","potentialAction":[{"@type":"SearchAction","target":{"@type":"EntryPoint","urlTemplate":"https:\/\/chimoecheverria.com\/?s={search_term_string}"},"query-input":"required name=search_term_string"}],"inLanguage":"en-US"}]}},"_links":{"self":[{"href":"https:\/\/chimoecheverria.com\/en\/wp-json\/wp\/v2\/pages\/5459"}],"collection":[{"href":"https:\/\/chimoecheverria.com\/en\/wp-json\/wp\/v2\/pages"}],"about":[{"href":"https:\/\/chimoecheverria.com\/en\/wp-json\/wp\/v2\/types\/page"}],"author":[{"embeddable":true,"href":"https:\/\/chimoecheverria.com\/en\/wp-json\/wp\/v2\/users\/1"}],"replies":[{"embeddable":true,"href":"https:\/\/chimoecheverria.com\/en\/wp-json\/wp\/v2\/comments?post=5459"}],"version-history":[{"count":41,"href":"https:\/\/chimoecheverria.com\/en\/wp-json\/wp\/v2\/pages\/5459\/revisions"}],"predecessor-version":[{"id":5517,"href":"https:\/\/chimoecheverria.com\/en\/wp-json\/wp\/v2\/pages\/5459\/revisions\/5517"}],"up":[{"embeddable":true,"href":"https:\/\/chimoecheverria.com\/en\/wp-json\/wp\/v2\/pages\/9"}],"wp:attachment":[{"href":"https:\/\/chimoecheverria.com\/en\/wp-json\/wp\/v2\/media?parent=5459"}],"curies":[{"name":"wp","href":"https:\/\/api.w.org\/{rel}","templated":true}]}}